{"id":251980,"date":"2025-04-22T15:43:04","date_gmt":"2025-04-22T13:43:04","guid":{"rendered":"https:\/\/patchquantique-france.fr\/?post_type=product&#038;p=251980"},"modified":"2026-04-26T16:29:24","modified_gmt":"2026-04-26T14:29:24","slug":"parche-quantum-allevi8-pro-2-bolsillos","status":"publish","type":"product","link":"https:\/\/patchquantique-france.fr\/es\/patch-quantique-allevi8-pro-2-pochettes\/","title":{"rendered":"Parche cu\u00e1ntico Allevi8 Pro - 2 bolsillos"},"content":{"rendered":"<p>Le <strong>Parche cu\u00e1ntico Allevi8 Pro<\/strong> act\u00faa de forma natural para <strong>reducir el dolor<\/strong>, <strong>mejorar la calidad del sue\u00f1o<\/strong> y <strong>reducir el estr\u00e9s<\/strong>. Este paquete contiene <strong>2 paquetes de 15 parches<\/strong>o <strong>2 meses de uso<\/strong>, para un efecto prolongado. Cambie el parche cada 2 d\u00edas. Se entrega con instrucciones en franc\u00e9s. \ud83c\udfaf <strong>\u00bfPor qu\u00e9 elegir el pack de 2 bolsillos?<\/strong><\/p>\n<ul>\n<li>Acci\u00f3n prolongada durante 2 meses<\/li>\n<li>Precio ventajoso<\/li>\n<\/ul>\n<p>\ud83d\udca1 Ideal para quienes quieren probar a lo largo del tiempo y ver efectos profundos, de forma suave pero eficaz.<\/p>","protected":false},"excerpt":{"rendered":"<p>Alivie sus dolores, duerma mejor, viva m\u00e1s tranquilamente. Con este pack de 2 bolsitas Allevi8 Pro, disfrute de 2 meses de acci\u00f3n cu\u00e1ntica natural. Pack de 2 bolsitas de 15 parches para 2 meses.<\/p>","protected":false},"featured_media":252017,"template":"","meta":[],"product_brand":[],"product_cat":[17],"product_tag":[28,27,29,26],"class_list":{"0":"post-251980","1":"product","2":"type-product","3":"status-publish","4":"has-post-thumbnail","6":"product_cat-patch-quantique","7":"product_tag-allevi8-pro","8":"product_tag-minsoo-kim","9":"product_tag-patch-douleur","10":"product_tag-patch-quantique","12":"first","13":"instock","14":"sale","15":"shipping-taxable","16":"purchasable","17":"product-type-simple"},"supplier_id":null,"supplier_sku":"","barcode":null,"atum_controlled":true,"out_stock_date":null,"out_stock_threshold":null,"inheritable":false,"inbound_stock":0,"stock_on_hold":0,"sold_today":0,"sales_last_days":3,"reserved_stock":0,"customer_returns":0,"warehouse_damage":0,"lost_in_post":0,"other_logs":0,"out_stock_days":0,"lost_sales":0,"has_location":false,"update_date":"2026-05-02T01:07:15","atum_locations":[],"atum_stock_status":"instock","restock_status":false,"low_stock_amount":"","sales_update_date":"2026-05-02T01:07:15","calc_backorders":null,"_links":{"self":[{"href":"https:\/\/patchquantique-france.fr\/es\/wp-json\/wp\/v2\/product\/251980","targetHints":{"allow":["GET"]}}],"collection":[{"href":"https:\/\/patchquantique-france.fr\/es\/wp-json\/wp\/v2\/product"}],"about":[{"href":"https:\/\/patchquantique-france.fr\/es\/wp-json\/wp\/v2\/types\/product"}],"version-history":[{"count":0,"href":"https:\/\/patchquantique-france.fr\/es\/wp-json\/wp\/v2\/product\/251980\/revisions"}],"wp:featuredmedia":[{"embeddable":true,"href":"https:\/\/patchquantique-france.fr\/es\/wp-json\/wp\/v2\/media\/252017"}],"wp:attachment":[{"href":"https:\/\/patchquantique-france.fr\/es\/wp-json\/wp\/v2\/media?parent=251980"}],"wp:term":[{"taxonomy":"product_brand","embeddable":true,"href":"https:\/\/patchquantique-france.fr\/es\/wp-json\/wp\/v2\/product_brand?post=251980"},{"taxonomy":"product_cat","embeddable":true,"href":"https:\/\/patchquantique-france.fr\/es\/wp-json\/wp\/v2\/product_cat?post=251980"},{"taxonomy":"product_tag","embeddable":true,"href":"https:\/\/patchquantique-france.fr\/es\/wp-json\/wp\/v2\/product_tag?post=251980"}],"curies":[{"name":"wp","href":"https:\/\/api.w.org\/{rel}","templated":true}]}}