{"id":251300,"date":"2025-01-10T15:42:23","date_gmt":"2025-01-10T14:42:23","guid":{"rendered":"https:\/\/patchquantique-france.fr\/?post_type=product&#038;p=251300"},"modified":"2025-11-09T15:26:48","modified_gmt":"2025-11-09T14:26:48","slug":"cordon-pulsera-anti-ondas","status":"publish","type":"product","link":"https:\/\/patchquantique-france.fr\/es\/bracelet-anti-ondes-cordelette\/","title":{"rendered":"Pulsera antiolas con cord\u00f3n"},"content":{"rendered":"<h3>\u00bfPor qu\u00e9 elegir una pulsera de cord\u00f3n anti ondas?<\/h3>\n<p>Las pulseras anti-ondas de cord\u00f3n se est\u00e1n convirtiendo en indispensables ante los peligros crecientes de las ondas electromagn\u00e9ticas, un verdadero problema de salud p\u00fablica. Estos campos electromagn\u00e9ticos, emitidos por nuestros aparatos cotidianos, pueden tener efectos directos sobre la salud, como el calentamiento de los tejidos cuando se utilizan tel\u00e9fonos m\u00f3viles, o indirectos, como trastornos del sistema nervioso cuando se est\u00e1 en un entorno saturado de WiFi.<\/p>\n<p><strong>S\u00edntomas relacionados con las ondas electromagn\u00e9ticas :<\/strong><br \/>\nLos s\u00edntomas reportados incluyen fatiga, dolores musculares, p\u00e9rdida de memoria, trastornos del sue\u00f1o, mareos e irritabilidad. Estos efectos demuestran la importancia de protegerse, especialmente utilizando soluciones como las pulseras anti-ondas con cordones. Aunque algunos riesgos m\u00e1s graves a\u00fan se debaten, es fundamental minimizar la exposici\u00f3n a las ondas.<\/p>\n<p><strong>Principales emisores de campos electromagn\u00e9ticos :<\/strong><\/p>\n<ul>\n<li>Estaciones base, Linky metros<\/li>\n<li>Dispositivos WiFi, objetos conectados, c\u00e1maras de vigilancia<\/li>\n<li>Ordenadores, tabletas, tel\u00e9fonos inteligentes<\/li>\n<\/ul>\n<h3>Pulsera antiolas Clean Waves<\/h3>\n<p>La pulsera anti-ondas Clean Waves est\u00e1 dise\u00f1ada para proteger eficazmente contra las ondas electromagn\u00e9ticas de los dispositivos WiFi y otros emisores comunes. Esta pulsera cuenta con 32 m\u00f3dulos de antenas pasivas multicapa, integrados en un material flexible y equipados con un cierre de cord\u00f3n ajustable para adaptarse perfectamente a su mu\u00f1eca.<\/p>\n<p><strong>Caracter\u00edsticas de la pulsera de cord\u00f3n anti ondas :<\/strong><\/p>\n<ul>\n<li>Contenido: una pulsera de cord\u00f3n anti-ondas<\/li>\n<li>32 m\u00f3dulos de antena pasiva multicapa<\/li>\n<li>Cierre de cord\u00f3n flexible para un ajuste personalizado<\/li>\n<li>AFAQ Calidad certificada ISO 9001 - UL USA<\/li>\n<li>Patente mundial de la OMPI y tecnolog\u00eda francesa<\/li>\n<li>Garant\u00eda de por vida en condiciones normales de uso<\/li>\n<\/ul>\n<h3>\u00bfPor qu\u00e9 optar por una pulsera de cord\u00f3n anti ondas?<\/h3>\n<p>Las pulseras con cord\u00f3n antiondas ofrecen una protecci\u00f3n sencilla y discreta contra los efectos nocivos de la contaminaci\u00f3n electromagn\u00e9tica. Gracias a su dise\u00f1o \u00fanico, reducen la exposici\u00f3n a las ondas electromagn\u00e9ticas y ayudan a mantener tu bienestar a diario.<\/p>\n<p>Para saber m\u00e1s sobre nuestras soluciones de protecci\u00f3n contra las olas, explore nuestra gama completa en nuestra p\u00e1gina dedicada a <a href=\"https:\/\/www.eauvie.fr\/protection-anti-ondes\/\" target=\"_new\" rel=\"noopener\">pulseras antioleaje<\/a>.<\/p>","protected":false},"excerpt":{"rendered":"<p>La pulsera anti-ondas Cordelette Clean Waves protege eficazmente contra las ondas electromagn\u00e9ticas emitidas por los routers WiFi, amplificadores y contadores Linky. Equipada con un parche de 32 m\u00f3dulos de antenas en 8 capas que forman un \u00abmultidesfasador tridimensional\u00bb, ofrece una protecci\u00f3n \u00f3ptima. Disponible en tres modelos: Waves, Yin Yang y \u00c1rbol de la Vida.<\/p>\n<div style=\"padding: 10px 0;\">\n<p style=\"font-weight: bold; color: #8e09e3; margin: 0px; text-align: left;\">Este producto se entregar\u00e1 por separado.<\/p>\n<\/div>","protected":false},"featured_media":251338,"template":"","meta":[],"product_brand":[],"product_cat":[98],"product_tag":[],"class_list":{"0":"post-251300","1":"product","2":"type-product","3":"status-publish","4":"has-post-thumbnail","6":"product_cat-protection-anti-ondes","8":"first","9":"instock","10":"shipping-taxable","11":"purchasable","12":"product-type-variable","13":"has-default-attributes"},"supplier_id":null,"supplier_sku":"","barcode":null,"atum_controlled":true,"out_stock_date":null,"out_stock_threshold":null,"inheritable":false,"inbound_stock":0,"stock_on_hold":0,"sold_today":0,"sales_last_days":1,"reserved_stock":0,"customer_returns":0,"warehouse_damage":0,"lost_in_post":0,"other_logs":0,"out_stock_days":0,"lost_sales":0,"has_location":false,"update_date":"2026-05-01T01:00:09","atum_locations":[],"atum_stock_status":"instock","restock_status":false,"low_stock_amount":"","sales_update_date":"2026-05-01T01:00:09","calc_backorders":null,"_links":{"self":[{"href":"https:\/\/patchquantique-france.fr\/es\/wp-json\/wp\/v2\/product\/251300","targetHints":{"allow":["GET"]}}],"collection":[{"href":"https:\/\/patchquantique-france.fr\/es\/wp-json\/wp\/v2\/product"}],"about":[{"href":"https:\/\/patchquantique-france.fr\/es\/wp-json\/wp\/v2\/types\/product"}],"version-history":[{"count":0,"href":"https:\/\/patchquantique-france.fr\/es\/wp-json\/wp\/v2\/product\/251300\/revisions"}],"wp:featuredmedia":[{"embeddable":true,"href":"https:\/\/patchquantique-france.fr\/es\/wp-json\/wp\/v2\/media\/251338"}],"wp:attachment":[{"href":"https:\/\/patchquantique-france.fr\/es\/wp-json\/wp\/v2\/media?parent=251300"}],"wp:term":[{"taxonomy":"product_brand","embeddable":true,"href":"https:\/\/patchquantique-france.fr\/es\/wp-json\/wp\/v2\/product_brand?post=251300"},{"taxonomy":"product_cat","embeddable":true,"href":"https:\/\/patchquantique-france.fr\/es\/wp-json\/wp\/v2\/product_cat?post=251300"},{"taxonomy":"product_tag","embeddable":true,"href":"https:\/\/patchquantique-france.fr\/es\/wp-json\/wp\/v2\/product_tag?post=251300"}],"curies":[{"name":"wp","href":"https:\/\/api.w.org\/{rel}","templated":true}]}}