{"id":251298,"date":"2025-01-10T15:42:22","date_gmt":"2025-01-10T14:42:22","guid":{"rendered":"https:\/\/patchquantique-france.fr\/?post_type=product&#038;p=251298"},"modified":"2025-10-30T16:19:49","modified_gmt":"2025-10-30T15:19:49","slug":"patch-anti-ondes-pour-wifi","status":"publish","type":"product","link":"https:\/\/patchquantique-france.fr\/es\/patch-anti-ondes-pour-wifi\/","title":{"rendered":"Parche antiondas para wifi"},"content":{"rendered":"<h3>Parche antiondas para WiFi<\/h3>\n<p>El parche anti-ondas para WiFi GOLD protege eficazmente contra las ondas electromagn\u00e9ticas (EM) emitidas por los routers WiFi, amplificadores, contadores Linky y otros dispositivos similares. Tambi\u00e9n es ideal para protegerse de las ondas emitidas por su veh\u00edculo, y las antenas repetidoras del dominio p\u00fablico, cuando se desplaza.<\/p>\n<p><strong>Contenido:<\/strong><\/p>\n<ul>\n<li><strong>1 Parche anti-ondas para WiFi GOLD<\/strong><br \/>\nDimensiones: 55 mm de di\u00e1metro, menos de 0,25 mm de grosor.<br \/>\nCompuesto por 336 m\u00f3dulos de antena pasiva multicapa de material flexible.<\/li>\n<\/ul>\n<p><strong>Instrucciones de instalaci\u00f3n :<\/strong><\/p>\n<ol>\n<li>Limpie la superficie donde se aplicar\u00e1 el parche (elimine el polvo que pueda afectar a la adherencia).<\/li>\n<li>Retire la pel\u00edcula autoadhesiva.<\/li>\n<li>Aplique el parche presionando firmemente.<br \/>\nTambi\u00e9n puede utilizarlo sin la capa autoadhesiva.<\/li>\n<\/ol>\n<p><strong>Garant\u00eda:<\/strong><\/p>\n<ul>\n<li>Calidad certificada: AFAQ ISO 9001 - UL USA<\/li>\n<li>Patente mundial : OMPI<\/li>\n<li>Tecnolog\u00eda : Franc\u00e9s<\/li>\n<li>Garant\u00eda: De por vida* (*en condiciones normales de uso)<\/li>\n<\/ul>","protected":false},"excerpt":{"rendered":"<p><strong>Caracter\u00edsticas :<\/strong><\/p>\n<p>El parche anti-ondas para Wifi Gold te protege de las ondas electromagn\u00e9ticas emitidas por cajas wifi, amplificadores, linky meters y ordenadores.<\/p>\n<p><strong>Tambi\u00e9n puedes utilizarlo para protegerte cuando viajas en coche. El parche wifi es ideal para protegerte de las ondas emitidas por tu veh\u00edculo y de las ondas emitidas por antenas repetidoras en el dominio p\u00fablico.<\/strong><\/p>","protected":false},"featured_media":251329,"template":"","meta":[],"product_brand":[],"product_cat":[98],"product_tag":[],"class_list":{"0":"post-251298","1":"product","2":"type-product","3":"status-publish","4":"has-post-thumbnail","6":"product_cat-protection-anti-ondes","8":"first","9":"instock","10":"sale","11":"shipping-taxable","12":"purchasable","13":"product-type-simple"},"supplier_id":null,"supplier_sku":"","barcode":null,"atum_controlled":true,"out_stock_date":null,"out_stock_threshold":null,"inheritable":false,"inbound_stock":0,"stock_on_hold":0,"sold_today":0,"sales_last_days":0,"reserved_stock":0,"customer_returns":0,"warehouse_damage":0,"lost_in_post":0,"other_logs":0,"out_stock_days":0,"lost_sales":0,"has_location":false,"update_date":"2026-05-08T01:19:17","atum_locations":[],"atum_stock_status":"instock","restock_status":false,"low_stock_amount":"","sales_update_date":"2026-05-08T01:19:17","calc_backorders":null,"_links":{"self":[{"href":"https:\/\/patchquantique-france.fr\/es\/wp-json\/wp\/v2\/product\/251298","targetHints":{"allow":["GET"]}}],"collection":[{"href":"https:\/\/patchquantique-france.fr\/es\/wp-json\/wp\/v2\/product"}],"about":[{"href":"https:\/\/patchquantique-france.fr\/es\/wp-json\/wp\/v2\/types\/product"}],"version-history":[{"count":0,"href":"https:\/\/patchquantique-france.fr\/es\/wp-json\/wp\/v2\/product\/251298\/revisions"}],"wp:featuredmedia":[{"embeddable":true,"href":"https:\/\/patchquantique-france.fr\/es\/wp-json\/wp\/v2\/media\/251329"}],"wp:attachment":[{"href":"https:\/\/patchquantique-france.fr\/es\/wp-json\/wp\/v2\/media?parent=251298"}],"wp:term":[{"taxonomy":"product_brand","embeddable":true,"href":"https:\/\/patchquantique-france.fr\/es\/wp-json\/wp\/v2\/product_brand?post=251298"},{"taxonomy":"product_cat","embeddable":true,"href":"https:\/\/patchquantique-france.fr\/es\/wp-json\/wp\/v2\/product_cat?post=251298"},{"taxonomy":"product_tag","embeddable":true,"href":"https:\/\/patchquantique-france.fr\/es\/wp-json\/wp\/v2\/product_tag?post=251298"}],"curies":[{"name":"wp","href":"https:\/\/api.w.org\/{rel}","templated":true}]}}