{"id":251296,"date":"2025-01-10T15:42:22","date_gmt":"2025-01-10T14:42:22","guid":{"rendered":"https:\/\/patchquantique-france.fr\/?post_type=product&#038;p=251296"},"modified":"2026-01-05T08:15:12","modified_gmt":"2026-01-05T07:15:12","slug":"patch-anti-ondes-smartphone","status":"publish","type":"product","link":"https:\/\/patchquantique-france.fr\/es\/patch-anti-ondes-smartphone\/","title":{"rendered":"Parche anti-ondas para smartphone"},"content":{"rendered":"<h3>Parche de protecci\u00f3n contra las ondas del smartphone<\/h3>\n<h3>Contenido del envase :<\/h3>\n<ul>\n<li><strong>1 Parche Universal Oro<\/strong><br \/>\nDimensiones: 25 mm de di\u00e1metro, menos de 0,25 mm de grosor.<br \/>\nCompuesto por 16 m\u00f3dulos de antena pasiva multicapa de material flexible.<\/li>\n<\/ul>\n<h3>Instrucciones de instalaci\u00f3n :<\/h3>\n<ol>\n<li>Limpie cuidadosamente la superficie donde se aplicar\u00e1 el parche (elimine cualquier resto de polvo que pueda afectar a la adherencia).<\/li>\n<li>Retire la pel\u00edcula autoadhesiva.<\/li>\n<li>Aplique el parche presionando firmemente. Su protecci\u00f3n est\u00e1 lista para usar.<\/li>\n<\/ol>\n<h3>Garant\u00eda:<\/h3>\n<ul>\n<li>Calidad certificada: AFAQ ISO 9001 - UL USA<\/li>\n<li>Patente mundial : OMPI<\/li>\n<li>Tecnolog\u00eda : Franc\u00e9s<\/li>\n<li>Garant\u00eda: De por vida* (*en condiciones normales de uso)<\/li>\n<\/ul>","protected":false},"excerpt":{"rendered":"<p>Parche anti-ondas de smartphone para protegerle de las ondas electromagn\u00e9ticas emitidas por su smartphone.<\/p>\n<p><strong>Caracter\u00edsticas :<\/strong><\/p>\n<p>El parche Clean Waves\u2122 Universal Gold est\u00e1 especialmente dise\u00f1ado para ofrecer protecci\u00f3n frente a las ondas electromagn\u00e9ticas emitidas por todos los dispositivos inal\u00e1mbricos, como smartphones, tel\u00e9fonos inal\u00e1mbricos, GPS, ordenadores port\u00e1tiles y tabletas.<\/p>","protected":false},"featured_media":251326,"template":"","meta":[],"product_brand":[],"product_cat":[98],"product_tag":[],"class_list":{"0":"post-251296","1":"product","2":"type-product","3":"status-publish","4":"has-post-thumbnail","6":"product_cat-protection-anti-ondes","8":"first","9":"instock","10":"sale","11":"shipping-taxable","12":"purchasable","13":"product-type-variable","14":"has-default-attributes"},"supplier_id":null,"supplier_sku":"","barcode":null,"atum_controlled":true,"out_stock_date":null,"out_stock_threshold":null,"inheritable":true,"inbound_stock":0,"stock_on_hold":0,"sold_today":0,"sales_last_days":2,"reserved_stock":0,"customer_returns":0,"warehouse_damage":0,"lost_in_post":0,"other_logs":0,"out_stock_days":0,"lost_sales":0,"has_location":false,"update_date":"2026-05-08T01:19:17","atum_locations":[],"atum_stock_status":"instock","restock_status":false,"low_stock_amount":"","sales_update_date":"2026-05-08T01:19:17","calc_backorders":null,"_links":{"self":[{"href":"https:\/\/patchquantique-france.fr\/es\/wp-json\/wp\/v2\/product\/251296","targetHints":{"allow":["GET"]}}],"collection":[{"href":"https:\/\/patchquantique-france.fr\/es\/wp-json\/wp\/v2\/product"}],"about":[{"href":"https:\/\/patchquantique-france.fr\/es\/wp-json\/wp\/v2\/types\/product"}],"version-history":[{"count":2,"href":"https:\/\/patchquantique-france.fr\/es\/wp-json\/wp\/v2\/product\/251296\/revisions"}],"predecessor-version":[{"id":254157,"href":"https:\/\/patchquantique-france.fr\/es\/wp-json\/wp\/v2\/product\/251296\/revisions\/254157"}],"wp:featuredmedia":[{"embeddable":true,"href":"https:\/\/patchquantique-france.fr\/es\/wp-json\/wp\/v2\/media\/251326"}],"wp:attachment":[{"href":"https:\/\/patchquantique-france.fr\/es\/wp-json\/wp\/v2\/media?parent=251296"}],"wp:term":[{"taxonomy":"product_brand","embeddable":true,"href":"https:\/\/patchquantique-france.fr\/es\/wp-json\/wp\/v2\/product_brand?post=251296"},{"taxonomy":"product_cat","embeddable":true,"href":"https:\/\/patchquantique-france.fr\/es\/wp-json\/wp\/v2\/product_cat?post=251296"},{"taxonomy":"product_tag","embeddable":true,"href":"https:\/\/patchquantique-france.fr\/es\/wp-json\/wp\/v2\/product_tag?post=251296"}],"curies":[{"name":"wp","href":"https:\/\/api.w.org\/{rel}","templated":true}]}}