{"id":407,"date":"2022-05-01T18:17:45","date_gmt":"2022-05-01T16:17:45","guid":{"rendered":"https:\/\/patchquantique-france.fr\/?page_id=407"},"modified":"2026-02-06T18:02:06","modified_gmt":"2026-02-06T17:02:06","slug":"mentions-legales","status":"publish","type":"page","link":"https:\/\/patchquantique-france.fr\/es\/mentions-legales\/","title":{"rendered":"Informaci\u00f3n jur\u00eddica"},"content":{"rendered":"<h2 class=\"wp-block-heading\">\u00bfQui\u00e9nes somos?<\/h2>\n\n\n\n<p>El sitio web https:\/\/patchquantique-france.fr est\u00e1 editado por la empresa EauVie, con domicilio social en 5, All\u00e9e de la Grande Treille, Bureau 3, 35200 Rennes, inscrita en el Registro Mercantil de Rennes con el n\u00famero 452 532 450. <br>La distribuci\u00f3n de los parches Allevi8 Pro y otros productos se realiza en el marco de un acuerdo con la empresa B-Epic, con sede en: 3075 N. Fairfield Rd. Layton, Utah, 84041 EE. UU.<\/p>\n\n\n\n<h2 class=\"wp-block-heading\" id=\"h-site-web-et-hebergement\">Sitio web y alojamiento<\/h2>\n\n\n\n<p>El sitio web https:\/\/patchquantique-france.fr est\u00e1 gestionado \u00edntegramente de forma interna por la empresa EauVie. Est\u00e1 alojado por la empresa Hostinger.<\/p>\n\n\n<h2 class=\"st_legal\">Respeto de la propiedad intelectual<\/h2>\n<p><!-- \/wp:post-content --><\/p>\n<p><!-- wp:paragraph {\"className\":\"c_legal\"} --><\/p>\n<p class=\"c_legal\">Todas las marcas, fotograf\u00edas, textos, comentarios, ilustraciones, im\u00e1genes animadas o no, secuencias de v\u00eddeo, sonidos, as\u00ed como todas las aplicaciones inform\u00e1ticas que puedan utilizarse para el funcionamiento del Sitio y, en general, todos los elementos reproducidos o utilizados en el Sitio est\u00e1n protegidos por las leyes vigentes en materia de propiedad intelectual. Son propiedad exclusiva del Editor o de sus socios, en particular de la empresa B-Epic, salvo que se indique lo contrario. Queda estrictamente prohibida cualquier reproducci\u00f3n, representaci\u00f3n, utilizaci\u00f3n o adaptaci\u00f3n, en cualquier forma, de la totalidad o parte de estos elementos, incluidas las aplicaciones inform\u00e1ticas, sin el consentimiento previo y por escrito del Editor y sus socios. El hecho de que el Editor no inicie procedimientos legales tras tener conocimiento de estos usos no autorizados no implica la aceptaci\u00f3n de dichos usos ni la renuncia a emprender acciones legales.<br \/>Solo se permite el uso privado en el \u00e1mbito familiar y cualquier otro uso est\u00e1 prohibido.<br \/>El uso constituye una infracci\u00f3n y\/o una violaci\u00f3n de los derechos afines, sancionados por<br \/>C\u00f3digo de la Propiedad Intelectual.<br \/>La reproducci\u00f3n total o parcial de este contenido requiere la autorizaci\u00f3n previa del Editor, de sus socios o<br \/>del titular de los derechos sobre este contenido.<\/p>","protected":false},"excerpt":{"rendered":"<p>Qui sommes-nous ? Le site https:\/\/patchquantique-france.fr est \u00e9dit\u00e9 par la soci\u00e9t\u00e9 EauVie domicili\u00e9e 5, All\u00e9e de la Grande Treille, Bureau 3, 35200 Rennes immatricul\u00e9e au RC de Rennes sous le N\u00b0 452 532 450. La distribution des patches Allevi8 Pro et autres produits se font dans le cadre d&#8217;un agr\u00e9ment avec la St\u00e9 B-Epic dont [&hellip;]<\/p>\n","protected":false},"author":1,"featured_media":0,"parent":0,"menu_order":0,"comment_status":"closed","ping_status":"closed","template":"","meta":{"footnotes":""},"info_patch_cat":[],"class_list":["post-407","page","type-page","status-publish","hentry"],"_links":{"self":[{"href":"https:\/\/patchquantique-france.fr\/es\/wp-json\/wp\/v2\/pages\/407","targetHints":{"allow":["GET"]}}],"collection":[{"href":"https:\/\/patchquantique-france.fr\/es\/wp-json\/wp\/v2\/pages"}],"about":[{"href":"https:\/\/patchquantique-france.fr\/es\/wp-json\/wp\/v2\/types\/page"}],"author":[{"embeddable":true,"href":"https:\/\/patchquantique-france.fr\/es\/wp-json\/wp\/v2\/users\/1"}],"replies":[{"embeddable":true,"href":"https:\/\/patchquantique-france.fr\/es\/wp-json\/wp\/v2\/comments?post=407"}],"version-history":[{"count":3,"href":"https:\/\/patchquantique-france.fr\/es\/wp-json\/wp\/v2\/pages\/407\/revisions"}],"predecessor-version":[{"id":253928,"href":"https:\/\/patchquantique-france.fr\/es\/wp-json\/wp\/v2\/pages\/407\/revisions\/253928"}],"wp:attachment":[{"href":"https:\/\/patchquantique-france.fr\/es\/wp-json\/wp\/v2\/media?parent=407"}],"wp:term":[{"taxonomy":"info_patch_cat","embeddable":true,"href":"https:\/\/patchquantique-france.fr\/es\/wp-json\/wp\/v2\/info_patch_cat?post=407"}],"curies":[{"name":"wp","href":"https:\/\/api.w.org\/{rel}","templated":true}]}}