{"id":253585,"date":"2026-01-02T13:10:41","date_gmt":"2026-01-02T12:10:41","guid":{"rendered":"https:\/\/patchquantique-france.fr\/?page_id=253585"},"modified":"2026-01-02T14:27:59","modified_gmt":"2026-01-02T13:27:59","slug":"conditions-de-livraison","status":"publish","type":"page","link":"https:\/\/patchquantique-france.fr\/es\/conditions-de-livraison\/","title":{"rendered":"Condiciones de entrega de los parches cu\u00e1nticos"},"content":{"rendered":"<div data-elementor-type=\"wp-page\" data-elementor-id=\"253585\" class=\"elementor elementor-253585\" data-elementor-post-type=\"page\">\n\t\t\t\t<div class=\"elementor-element elementor-element-0bbf008 e-flex e-con-boxed e-con e-parent\" data-id=\"0bbf008\" data-element_type=\"container\" data-e-type=\"container\">\n\t\t\t\t\t<div class=\"e-con-inner\">\n\t\t\t\t<div class=\"elementor-element elementor-element-fce6a5b elementor-widget elementor-widget-text-editor\" data-id=\"fce6a5b\" data-element_type=\"widget\" data-e-type=\"widget\" data-widget_type=\"text-editor.default\">\n\t\t\t\t\t\t\t\t\tNuestros parches cu\u00e1nticos Allevi8 Pro se entregan en 72 horas en toda Francia (env\u00edo certificado por correo urgente) y en 4 d\u00edas en Europa. A continuaci\u00f3n se muestra la tabla con los plazos y precios de entrega para todos los pedidos realizados antes de las 12:00 h (d\u00edas laborables):\t\t\t\t\t\t\t\t<\/div>\n\t\t\t\t\t<\/div>\n\t\t\t\t<\/div>\n\t\t<div class=\"elementor-element elementor-element-db32c7f e-flex e-con-boxed e-con e-parent\" data-id=\"db32c7f\" data-element_type=\"container\" data-e-type=\"container\">\n\t\t\t\t\t<div class=\"e-con-inner\">\n\t\t\t\t<div class=\"elementor-element elementor-element-a8a7619 elementor-widget elementor-widget-heading\" data-id=\"a8a7619\" data-element_type=\"widget\" data-e-type=\"widget\" data-widget_type=\"heading.default\">\n\t\t\t\t\t<h2 class=\"elementor-heading-title elementor-size-default\">Entrega en Francia continental<\/h2>\t\t\t\t<\/div>\n\t\t\t\t<div class=\"elementor-element elementor-element-35b90c7 elementor-widget elementor-widget-shortcode\" data-id=\"35b90c7\" data-element_type=\"widget\" data-e-type=\"widget\" data-widget_type=\"shortcode.default\">\n\t\t\t\t\t\t\t<div class=\"elementor-shortcode\">\n<table id=\"tablepress-1\" class=\"tablepress tablepress-id-1\">\n<thead>\n<tr class=\"row-1\">\n\t<td class=\"column-1\"><\/td><th class=\"column-2\">TRANSPORTADOR<\/th><th class=\"column-3\">PLAZO<\/th><th class=\"column-4\">PRECIO DEL PUERTO<\/th>\n<\/tr>\n<\/thead>\n<tbody class=\"row-striping row-hover\">\n<tr class=\"row-2\">\n\t<td class=\"column-1\">Parche Quantum 1 mes<\/td><td class=\"column-2\">correo certificado<\/td><td class=\"column-3\">D+3<\/td><td class=\"column-4\">6,00 \u20ac<\/td>\n<\/tr>\n<tr class=\"row-3\">\n\t<td class=\"column-1\">Parche Quantum 2 meses<\/td><td class=\"column-2\">correo certificado<\/td><td class=\"column-3\">D+3<\/td><td class=\"column-4\">6,00 \u20ac<\/td>\n<\/tr>\n<tr class=\"row-4\">\n\t<td class=\"column-1\">Parche Quantum 3 meses<\/td><td class=\"column-2\">correo certificado<\/td><td class=\"column-3\">D+3<\/td><td class=\"column-4\">6,00 \u20ac<\/td>\n<\/tr>\n<tr class=\"row-5\">\n\t<td class=\"column-1\">Parche cu\u00e1ntico 6 meses<\/td><td class=\"column-2\">Colissimo<\/td><td class=\"column-3\">D+2<\/td><td class=\"column-4\">10,00 \u20ac<\/td>\n<\/tr>\n<tr class=\"row-6\">\n\t<td class=\"column-1\">Chronopost D+1 (antes de las 13:00)<\/td><td class=\"column-2\">Chronopost<\/td><td class=\"column-3\">24 horas<\/td><td class=\"column-4\">27,00 \u20ac<\/td>\n<\/tr>\n<tr class=\"row-7\">\n\t<td class=\"column-1\">Chronopost D+1 (antes de las 18:00)<\/td><td class=\"column-2\">Chronopost<\/td><td class=\"column-3\">24 horas<\/td><td class=\"column-4\">19,20 \u20ac<\/td>\n<\/tr>\n<\/tbody>\n<\/table>\n<!-- #tablepress-1 from cache --><\/div>\n\t\t\t\t\t\t<\/div>\n\t\t\t\t<div class=\"elementor-element elementor-element-5eaa7e4 elementor-widget elementor-widget-heading\" data-id=\"5eaa7e4\" data-element_type=\"widget\" data-e-type=\"widget\" data-widget_type=\"heading.default\">\n\t\t\t\t\t<h2 class=\"elementor-heading-title elementor-size-default\">Entrega en ultramar 1<\/h2>\t\t\t\t<\/div>\n\t\t\t\t<div class=\"elementor-element elementor-element-c86c227 elementor-widget elementor-widget-text-editor\" data-id=\"c86c227\" data-element_type=\"widget\" data-e-type=\"widget\" data-widget_type=\"text-editor.default\">\n\t\t\t\t\t\t\t\t\t<p>Antillas, Reuni\u00f3n, Mayotte, San Pedro y Miquel\u00f3n, San Bartolom\u00e9, San Mart\u00edn (parte francesa) por correo certificado internacional.<\/p>\t\t\t\t\t\t\t\t<\/div>\n\t\t\t\t<div class=\"elementor-element elementor-element-40b6a91 elementor-widget elementor-widget-shortcode\" data-id=\"40b6a91\" data-element_type=\"widget\" data-e-type=\"widget\" data-widget_type=\"shortcode.default\">\n\t\t\t\t\t\t\t<div class=\"elementor-shortcode\">\n<table id=\"tablepress-2\" class=\"tablepress tablepress-id-2\">\n<thead>\n<tr class=\"row-1\">\n\t<td class=\"column-1\"><\/td><th class=\"column-2\">TRANSPORTADOR<\/th><th class=\"column-3\">PLAZO<\/th><th class=\"column-4\">PRECIO DEL PUERTO<\/th>\n<\/tr>\n<\/thead>\n<tbody class=\"row-striping row-hover\">\n<tr class=\"row-2\">\n\t<td class=\"column-1\">Parche Quantum 1 mes<\/td><td class=\"column-2\">correo certificado<\/td><td class=\"column-3\">D+5<\/td><td class=\"column-4\">9,00 \u20ac<\/td>\n<\/tr>\n<tr class=\"row-3\">\n\t<td class=\"column-1\">Parche Quantum 2 meses<\/td><td class=\"column-2\">correo certificado<\/td><td class=\"column-3\">D+5<\/td><td class=\"column-4\">11,00 \u20ac<\/td>\n<\/tr>\n<tr class=\"row-4\">\n\t<td class=\"column-1\">Parche Quantum 3 meses<\/td><td class=\"column-2\">correo certificado<\/td><td class=\"column-3\">D+5<\/td><td class=\"column-4\">13,00 \u20ac<\/td>\n<\/tr>\n<tr class=\"row-5\">\n\t<td class=\"column-1\">Parche cu\u00e1ntico 6 meses<\/td><td class=\"column-2\">Colissimo<\/td><td class=\"column-3\">D+5<\/td><td class=\"column-4\">15,00 \u20ac<\/td>\n<\/tr>\n<\/tbody>\n<\/table>\n<!-- #tablepress-2 from cache --><\/div>\n\t\t\t\t\t\t<\/div>\n\t\t\t\t<div class=\"elementor-element elementor-element-454b0b6 elementor-widget elementor-widget-heading\" data-id=\"454b0b6\" data-element_type=\"widget\" data-e-type=\"widget\" data-widget_type=\"heading.default\">\n\t\t\t\t\t<h2 class=\"elementor-heading-title elementor-size-default\">Entrega en ultramar 2<\/h2>\t\t\t\t<\/div>\n\t\t\t\t<div class=\"elementor-element elementor-element-d14e778 elementor-widget elementor-widget-text-editor\" data-id=\"d14e778\" data-element_type=\"widget\" data-e-type=\"widget\" data-widget_type=\"text-editor.default\">\n\t\t\t\t\t\t\t\t\t<p>Nueva Caledonia, Wallis y Futuna, Polinesia Francesa y las Tierras Australes Francesas con Colissimo Outre-Mer 2: <strong>precio \u00fanico 18 \u20ac<\/strong><\/p>\t\t\t\t\t\t\t\t<\/div>\n\t\t\t\t<div class=\"elementor-element elementor-element-50bc18d elementor-widget elementor-widget-heading\" data-id=\"50bc18d\" data-element_type=\"widget\" data-e-type=\"widget\" data-widget_type=\"heading.default\">\n\t\t\t\t\t<h2 class=\"elementor-heading-title elementor-size-default\">Entrega en Europa<\/h2>\t\t\t\t<\/div>\n\t\t\t\t<div class=\"elementor-element elementor-element-187d720 elementor-widget elementor-widget-text-editor\" data-id=\"187d720\" data-element_type=\"widget\" data-e-type=\"widget\" data-widget_type=\"text-editor.default\">\n\t\t\t\t\t\t\t\t\tPa\u00edses afectados: Andorra, B\u00e9lgica, Espa\u00f1a, Italia, Luxemburgo, Alemania, Austria, Portugal, Pa\u00edses Bajos, Suecia, Noruega, Dinamarca Para pedidos y entregas con destino a Suiza: <a href=\"https:\/\/patchquantique-suisse.ch\" target=\"_blank\" rel=\"noopener\">Quantum Patch Suiza<\/a>\t\t\t\t\t\t\t\t<\/div>\n\t\t\t\t<div class=\"elementor-element elementor-element-b2c3f0f elementor-widget elementor-widget-shortcode\" data-id=\"b2c3f0f\" data-element_type=\"widget\" data-e-type=\"widget\" data-widget_type=\"shortcode.default\">\n\t\t\t\t\t\t\t<div class=\"elementor-shortcode\">\n<table id=\"tablepress-3\" class=\"tablepress tablepress-id-3\">\n<thead>\n<tr class=\"row-1\">\n\t<td class=\"column-1\"><\/td><th class=\"column-2\">TRANSPORTADOR<\/th><th class=\"column-3\">PLAZO<\/th><th class=\"column-4\">PRECIO DEL PUERTO<\/th>\n<\/tr>\n<\/thead>\n<tbody class=\"row-striping row-hover\">\n<tr class=\"row-2\">\n\t<td class=\"column-1\">Parche Quantum 1 mes<\/td><td class=\"column-2\">el Correo Internacional<\/td><td class=\"column-3\">D+5<\/td><td class=\"column-4\">10,00 \u20ac<\/td>\n<\/tr>\n<tr class=\"row-3\">\n\t<td class=\"column-1\">Parche Quantum 2 meses<\/td><td class=\"column-2\">el Correo Internacional<\/td><td class=\"column-3\">D+5<\/td><td class=\"column-4\">10,00 \u20ac<\/td>\n<\/tr>\n<tr class=\"row-4\">\n\t<td class=\"column-1\">Parche Quantum 3 meses<\/td><td class=\"column-2\">el Correo Internacional<\/td><td class=\"column-3\">D+5<\/td><td class=\"column-4\">10,00 \u20ac<\/td>\n<\/tr>\n<tr class=\"row-5\">\n\t<td class=\"column-1\">Parche cu\u00e1ntico 6 meses<\/td><td class=\"column-2\">el Correo Internacional<\/td><td class=\"column-3\">D+5<\/td><td class=\"column-4\">15,00 \u20ac<\/td>\n<\/tr>\n<\/tbody>\n<\/table>\n<!-- #tablepress-3 from cache --><\/div>\n\t\t\t\t\t\t<\/div>\n\t\t\t\t<div class=\"elementor-element elementor-element-19ec642 elementor-widget elementor-widget-heading\" data-id=\"19ec642\" data-element_type=\"widget\" data-e-type=\"widget\" data-widget_type=\"heading.default\">\n\t\t\t\t\t<h2 class=\"elementor-heading-title elementor-size-default\">Entrega en Canad\u00e1<\/h2>\t\t\t\t<\/div>\n\t\t\t\t<div class=\"elementor-element elementor-element-825cf32 elementor-widget elementor-widget-text-editor\" data-id=\"825cf32\" data-element_type=\"widget\" data-e-type=\"widget\" data-widget_type=\"text-editor.default\">\n\t\t\t\t\t\t\t\t\t<p>Precio \u00fanico para todos los productos: 18 \u20ac<\/p>\t\t\t\t\t\t\t\t<\/div>\n\t\t\t\t\t<\/div>\n\t\t\t\t<\/div>\n\t\t<div class=\"elementor-element elementor-element-396cac3 e-flex e-con-boxed e-con e-parent\" data-id=\"396cac3\" data-element_type=\"container\" data-e-type=\"container\">\n\t\t\t\t\t<div class=\"e-con-inner\">\n\t\t<div class=\"elementor-element elementor-element-b2f210d e-con-full e-flex e-con e-child\" data-id=\"b2f210d\" data-element_type=\"container\" data-e-type=\"container\">\n\t\t\t\t<div class=\"elementor-element elementor-element-a31025c elementor-widget elementor-widget-text-editor\" data-id=\"a31025c\" data-element_type=\"widget\" data-e-type=\"widget\" data-widget_type=\"text-editor.default\">\n\t\t\t\t\t\t\t\t\t<h3>Livraisons assur\u00e9es dans les pays \/ entregas a pa\u00edses :<\/h3>\n\t\t\t\t\t\t\t\t<\/div>\n\t\t\t\t<div class=\"elementor-element elementor-element-78e078c elementor-widget elementor-widget-shortcode\" data-id=\"78e078c\" data-element_type=\"widget\" data-e-type=\"widget\" data-widget_type=\"shortcode.default\">\n\t\t\t\t\t\t\t<div class=\"elementor-shortcode\"><ul><li>Alemania<\/li><li>Andorra<\/li><li>Austria<\/li><li>B\u00e9lgica<\/li><li>Canad\u00e1<\/li><li>Chipre<\/li><li>Dinamarca<\/li><li>Espa\u00f1a<\/li><li>Francia<\/li><li>Guadalupe<\/li><li>Guayana Francesa<\/li><li>Italia<\/li><li>Luxemburgo<\/li><li>Marruecos<\/li><li>Martinica<\/li><li>Mayotte<\/li><li>Noruega<\/li><li>Nueva Caledonia<\/li><li>Pa\u00edses Bajos<\/li><li>Polinesia Francesa<\/li><li>Portugal<\/li><li>Reuni\u00f3n<\/li><li>San Pedro y Miquel\u00f3n<\/li><li>Suecia<\/li><li>Territorios Australes Franceses<\/li><li>Wallis y Futuna<\/li><\/ul><\/div>\n\t\t\t\t\t\t<\/div>\n\t\t\t\t<\/div>\n\t\t<div class=\"elementor-element elementor-element-ef1014c e-con-full e-flex e-con e-child\" data-id=\"ef1014c\" data-element_type=\"container\" data-e-type=\"container\">\n\t\t\t\t<div class=\"elementor-element elementor-element-1d8df34 elementor-widget elementor-widget-image\" data-id=\"1d8df34\" data-element_type=\"widget\" data-e-type=\"widget\" data-widget_type=\"image.default\">\n\t\t\t\t\t\t\t\t\t\t\t\t\t\t\t<img fetchpriority=\"high\" decoding=\"async\" width=\"658\" height=\"740\" src=\"https:\/\/patchquantique-france.fr\/wp-content\/uploads\/2023\/10\/carte_livraison-patch-quantique-france.webp\" class=\"attachment-large size-large wp-image-247621\" alt=\"Patch Allevi8 livraison Europe et Dom-Tom\" srcset=\"https:\/\/patchquantique-france.fr\/wp-content\/uploads\/2023\/10\/carte_livraison-patch-quantique-france.webp 658w, https:\/\/patchquantique-france.fr\/wp-content\/uploads\/2023\/10\/carte_livraison-patch-quantique-france-267x300.webp 267w, https:\/\/patchquantique-france.fr\/wp-content\/uploads\/2023\/10\/carte_livraison-patch-quantique-france-85x96.webp 85w, https:\/\/patchquantique-france.fr\/wp-content\/uploads\/2023\/10\/carte_livraison-patch-quantique-france-37x42.webp 37w, https:\/\/patchquantique-france.fr\/wp-content\/uploads\/2023\/10\/carte_livraison-patch-quantique-france-53x60.webp 53w, https:\/\/patchquantique-france.fr\/wp-content\/uploads\/2023\/10\/carte_livraison-patch-quantique-france-480x540.webp 480w, https:\/\/patchquantique-france.fr\/wp-content\/uploads\/2023\/10\/carte_livraison-patch-quantique-france-600x675.webp 600w\" sizes=\"(max-width: 658px) 100vw, 658px\" title=\"\">\t\t\t\t\t\t\t\t\t\t\t\t\t\t\t<\/div>\n\t\t\t\t<\/div>\n\t\t\t\t\t<\/div>\n\t\t\t\t<\/div>\n\t\t\t\t<\/div>","protected":false},"excerpt":{"rendered":"<p>Nos patchs quantiques Allevi8 Pro sont livr\u00e9s en 72h00 sur toute la France &#8211; livraison en lettre verte suivie &#8211; et 4 jours en Europe. Voici le tableau des d\u00e9lais et prix des livraisons pour toute commande pass\u00e9e avant midi (jours ouvrables) : Livraison France m\u00e9tropolitaine Livraison Outremer 1 Antilles, la R\u00e9union, Mayotte, St Pierre [&hellip;]<\/p>\n","protected":false},"author":1,"featured_media":253586,"parent":0,"menu_order":0,"comment_status":"closed","ping_status":"closed","template":"","meta":{"footnotes":""},"info_patch_cat":[],"class_list":["post-253585","page","type-page","status-publish","has-post-thumbnail","hentry"],"_links":{"self":[{"href":"https:\/\/patchquantique-france.fr\/es\/wp-json\/wp\/v2\/pages\/253585","targetHints":{"allow":["GET"]}}],"collection":[{"href":"https:\/\/patchquantique-france.fr\/es\/wp-json\/wp\/v2\/pages"}],"about":[{"href":"https:\/\/patchquantique-france.fr\/es\/wp-json\/wp\/v2\/types\/page"}],"author":[{"embeddable":true,"href":"https:\/\/patchquantique-france.fr\/es\/wp-json\/wp\/v2\/users\/1"}],"replies":[{"embeddable":true,"href":"https:\/\/patchquantique-france.fr\/es\/wp-json\/wp\/v2\/comments?post=253585"}],"version-history":[{"count":25,"href":"https:\/\/patchquantique-france.fr\/es\/wp-json\/wp\/v2\/pages\/253585\/revisions"}],"predecessor-version":[{"id":253619,"href":"https:\/\/patchquantique-france.fr\/es\/wp-json\/wp\/v2\/pages\/253585\/revisions\/253619"}],"wp:featuredmedia":[{"embeddable":true,"href":"https:\/\/patchquantique-france.fr\/es\/wp-json\/wp\/v2\/media\/253586"}],"wp:attachment":[{"href":"https:\/\/patchquantique-france.fr\/es\/wp-json\/wp\/v2\/media?parent=253585"}],"wp:term":[{"taxonomy":"info_patch_cat","embeddable":true,"href":"https:\/\/patchquantique-france.fr\/es\/wp-json\/wp\/v2\/info_patch_cat?post=253585"}],"curies":[{"name":"wp","href":"https:\/\/api.w.org\/{rel}","templated":true}]}}