{"id":253554,"date":"2026-01-02T08:34:33","date_gmt":"2026-01-02T07:34:33","guid":{"rendered":"https:\/\/patchquantique-france.fr\/?page_id=253554"},"modified":"2026-01-03T14:54:14","modified_gmt":"2026-01-03T13:54:14","slug":"capsaicina-un-ingrediente-activo-natural","status":"publish","type":"page","link":"https:\/\/patchquantique-france.fr\/es\/capsaicine-un-actif-naturel\/","title":{"rendered":"Capsaicina: un principio activo natural"},"content":{"rendered":"<div data-elementor-type=\"wp-page\" data-elementor-id=\"253554\" class=\"elementor elementor-253554\" data-elementor-post-type=\"page\">\n\t\t\t\t<div class=\"elementor-element elementor-element-6ff91cb e-flex e-con-boxed e-con e-parent\" data-id=\"6ff91cb\" data-element_type=\"container\" data-e-type=\"container\">\n\t\t\t\t\t<div class=\"e-con-inner\">\n\t\t\t\t<div class=\"elementor-element elementor-element-71c4437 elementor-widget elementor-widget-text-editor\" data-id=\"71c4437\" data-element_type=\"widget\" data-e-type=\"widget\" data-widget_type=\"text-editor.default\">\n\t\t\t\t\t\t\t\t\t<p>La capsaicina es el compuesto activo responsable de la sensaci\u00f3n de calor y picante de los chiles. Utilizada desde hace siglos por sus efectos beneficiosos para la salud, la capsaicina es hoy objeto de numerosos estudios por sus propiedades analg\u00e9sicas, antiinflamatorias y metab\u00f3licas. Este compuesto derivado de los chiles rojos pertenece a la familia de los alcaloides y es conocido por su acci\u00f3n sobre el sistema nervioso, en particular para aliviar el dolor. En este art\u00edculo, exploraremos las virtudes medicinales de la capsaicina, su mecanismo de acci\u00f3n y las formas en que puede integrarse en un enfoque de salud natural.<\/p><h3>1. Origen y descripci\u00f3n de la capsaicina<\/h3><p>La capsaicina est\u00e1 presente principalmente en los frutos de las plantas del g\u00e9nero <strong>Capsicum<\/strong>, como el chile rojo, el pimiento y el chile de Cayena. Es este compuesto el que da a los chiles su intensidad y picante. El nivel de capsaicina var\u00eda seg\u00fan las variedades de chiles, y esta intensidad se mide mediante la escala de Scoville, que cuantifica la concentraci\u00f3n de capsaicina en un chile determinado. Los chiles que contienen capsaicina se utilizan desde hace mucho tiempo en la medicina tradicional para tratar diversas afecciones, como dolores articulares, inflamaciones y trastornos digestivos.<\/p><h3>2. Los principios activos de la capsaicina<\/h3><p>La capsaicina act\u00faa uni\u00e9ndose a los receptores del dolor presentes en las c\u00e9lulas nerviosas, los receptores TRPV1. Este mecanismo crea una sensaci\u00f3n de calor o ardor que, parad\u00f3jicamente, permite atenuar la percepci\u00f3n del dolor al desensibilizar los receptores. Esta desensibilizaci\u00f3n se utiliza para aliviar dolores cr\u00f3nicos, como la artritis o los dolores neurop\u00e1ticos. Adem\u00e1s de su efecto analg\u00e9sico, la capsaicina tiene propiedades antiinflamatorias y termog\u00e9nicas, que pueden ser beneficiosas para la p\u00e9rdida de peso y el control de trastornos metab\u00f3licos.<\/p><h3>3. Propiedades medicinales de la capsaicina<\/h3><h4>3.1. Un potente analg\u00e9sico<\/h4><p>La capsaicina se utiliza principalmente por su efecto analg\u00e9sico. Al actuar sobre los receptores TRPV1, bloquea la transmisi\u00f3n de las se\u00f1ales de dolor al cerebro. Por eso, la capsaicina se utiliza a menudo en cremas t\u00f3picas para aliviar los dolores musculoesquel\u00e9ticos, la artritis y los dolores neurop\u00e1ticos. Los estudios demuestran que la aplicaci\u00f3n regular de cremas a base de capsaicina puede reducir significativamente el dolor cr\u00f3nico tras unas semanas de uso.<\/p><h4>3.2. Propiedades antiinflamatorias<\/h4><p>Adem\u00e1s de aliviar el dolor, la capsaicina tiene propiedades antiinflamatorias. Es capaz de reducir los marcadores de inflamaci\u00f3n en el cuerpo, lo que la hace \u00fatil en el tratamiento de la artritis y otras enfermedades inflamatorias cr\u00f3nicas. Las personas que sufren dolores articulares y musculares pueden beneficiarse de los efectos antiinflamatorios de la capsaicina, ya sea en forma de crema o de suplementos alimenticios.<\/p><h4>3.3. Ayuda a la p\u00e9rdida de peso y efecto termog\u00e9nico<\/h4><p>La capsaicina tambi\u00e9n es conocida por sus propiedades termog\u00e9nicas, es decir, su capacidad para aumentar la producci\u00f3n de calor en el cuerpo, lo que acelera el metabolismo. Este efecto permite quemar m\u00e1s calor\u00edas, incluso en reposo. Los estudios han demostrado que el consumo regular de capsaicina puede ayudar a reducir el apetito y favorecer la p\u00e9rdida de peso, especialmente cuando se sigue una dieta equilibrada. Esto la convierte en un complemento natural muy apreciado por quienes buscan controlar su peso de forma saludable.<\/p><h4>3.4. Mejorar la circulaci\u00f3n sangu\u00ednea y la salud cardiovascular<\/h4><p>Al mejorar la circulaci\u00f3n sangu\u00ednea y regular los niveles de colesterol, la capsaicina contribuye a proteger la salud cardiovascular. Ayuda a dilatar los vasos sangu\u00edneos y reduce los dep\u00f3sitos de grasa en las arterias, contribuyendo a prevenir las enfermedades cardiacas y los accidentes cerebrovasculares. Tambi\u00e9n ayuda a regular la presi\u00f3n arterial, lo que puede ser beneficioso para las personas que padecen hipertensi\u00f3n.<\/p><h4>3.5. Alivio de problemas respiratorios<\/h4><p>Tradicionalmente, la capsaicina tambi\u00e9n se ha utilizado para aliviar problemas respiratorios, como la congesti\u00f3n nasal. Gracias a su efecto \u201ccalor\u00edfico\u201d, ayuda a descongestionar las v\u00edas respiratorias, facilitando la respiraci\u00f3n. Por eso, a veces se recomienda como complemento de los tratamientos contra las alergias, la sinusitis o los resfriados.<\/p><h3>4. La capsaicina en los productos modernos<\/h3><p>Debido a sus m\u00faltiples beneficios, la capsaicina se incorpora cada vez m\u00e1s a los productos modernos para la salud. Se utiliza en cremas t\u00f3picas para aliviar el dolor, suplementos para promover la p\u00e9rdida de peso e incluso parches terap\u00e9uticos para el alivio selectivo del dolor cr\u00f3nico. Por ejemplo, la capsaicina es un ingrediente activo en productos como <strong>Parche cu\u00e1ntico Allevi8 Pro<\/strong>, dise\u00f1ado para aliviar el dolor y mejorar el bienestar gracias a una combinaci\u00f3n de ingredientes naturales. Puede obtener m\u00e1s informaci\u00f3n sobre este producto visitando <a href=\"https:\/\/patchquantique-france.fr\/es\/pedido-quantum-patch-allevi8pro\/\">este enlace<\/a>.<\/p><h3>5. \u00bfC\u00f3mo se utiliza la capsaicina?<\/h3><p>La capsaicina est\u00e1 disponible en diversas formas, como c\u00e1psulas, cremas t\u00f3picas y parches. Para el dolor localizado, las cremas y los parches son los m\u00e1s recomendables, ya que pueden aplicarse directamente sobre la zona afectada. Para la p\u00e9rdida de peso o la salud cardiovascular, la capsaicina puede tomarse en forma de suplemento, pero es importante atenerse a las dosis recomendadas para evitar irritaciones gastrointestinales.<\/p><h3>6. Precauciones y contraindicaciones<\/h3><p>Aunque la capsaicina es un ingrediente seguro cuando se utiliza correctamente, puede provocar irritaciones cut\u00e1neas o quemaduras si se aplica en exceso o en zonas sensibles. Es fundamental lavarse las manos despu\u00e9s de utilizar cualquier producto a base de capsaicina y no aplicar estos productos sobre heridas abiertas. A nivel interno, el consumo excesivo de capsaicina puede provocar acidez estomacal o trastornos digestivos. Por lo tanto, se recomienda consultar a un profesional de la salud antes de comenzar un tratamiento a base de capsaicina, especialmente si tiene antecedentes de \u00falceras u otros trastornos gastrointestinales.<\/p><h3>Conclusi\u00f3n<\/h3><p>Con sus propiedades analg\u00e9sicas, antiinflamatorias y termog\u00e9nicas, la capsaicina es un verdadero activo para la salud natural. Ya sea para aliviar dolores cr\u00f3nicos, mejorar la circulaci\u00f3n sangu\u00ednea o favorecer la p\u00e9rdida de peso, esta sustancia derivada del chile ofrece una soluci\u00f3n natural a muchas dolencias. Incorporada a productos modernos como <strong>Parche cu\u00e1ntico Allevi8 Pro<\/strong>La capsaicina representa un enfoque innovador para aliviar el dolor y mejorar el bienestar general.<\/p>\t\t\t\t\t\t\t\t<\/div>\n\t\t\t\t\t<\/div>\n\t\t\t\t<\/div>\n\t\t\t\t<\/div>","protected":false},"excerpt":{"rendered":"<p>La capsa\u00efcine est le compos\u00e9 actif responsable de la sensation de chaleur et de piquant des piments. Utilis\u00e9e depuis des si\u00e8cles pour ses effets b\u00e9n\u00e9fiques sur la sant\u00e9, la capsa\u00efcine est aujourd&#8217;hui largement \u00e9tudi\u00e9e pour ses propri\u00e9t\u00e9s analg\u00e9siques, anti-inflammatoires et m\u00e9taboliques. Ce compos\u00e9 issu des piments rouges appartient \u00e0 la famille des alcalo\u00efdes et est [&hellip;]<\/p>\n","protected":false},"author":1,"featured_media":253385,"parent":0,"menu_order":0,"comment_status":"closed","ping_status":"closed","template":"","meta":{"footnotes":""},"info_patch_cat":[135],"class_list":["post-253554","page","type-page","status-publish","has-post-thumbnail","hentry","info_patch_cat-patchs-quantiques-allevi8-pro"],"_links":{"self":[{"href":"https:\/\/patchquantique-france.fr\/es\/wp-json\/wp\/v2\/pages\/253554","targetHints":{"allow":["GET"]}}],"collection":[{"href":"https:\/\/patchquantique-france.fr\/es\/wp-json\/wp\/v2\/pages"}],"about":[{"href":"https:\/\/patchquantique-france.fr\/es\/wp-json\/wp\/v2\/types\/page"}],"author":[{"embeddable":true,"href":"https:\/\/patchquantique-france.fr\/es\/wp-json\/wp\/v2\/users\/1"}],"replies":[{"embeddable":true,"href":"https:\/\/patchquantique-france.fr\/es\/wp-json\/wp\/v2\/comments?post=253554"}],"version-history":[{"count":4,"href":"https:\/\/patchquantique-france.fr\/es\/wp-json\/wp\/v2\/pages\/253554\/revisions"}],"predecessor-version":[{"id":253558,"href":"https:\/\/patchquantique-france.fr\/es\/wp-json\/wp\/v2\/pages\/253554\/revisions\/253558"}],"wp:featuredmedia":[{"embeddable":true,"href":"https:\/\/patchquantique-france.fr\/es\/wp-json\/wp\/v2\/media\/253385"}],"wp:attachment":[{"href":"https:\/\/patchquantique-france.fr\/es\/wp-json\/wp\/v2\/media?parent=253554"}],"wp:term":[{"taxonomy":"info_patch_cat","embeddable":true,"href":"https:\/\/patchquantique-france.fr\/es\/wp-json\/wp\/v2\/info_patch_cat?post=253554"}],"curies":[{"name":"wp","href":"https:\/\/api.w.org\/{rel}","templated":true}]}}