{"id":253494,"date":"2026-01-01T17:35:24","date_gmt":"2026-01-01T16:35:24","guid":{"rendered":"https:\/\/patchquantique-france.fr\/?page_id=253494"},"modified":"2026-01-03T15:35:32","modified_gmt":"2026-01-03T14:35:32","slug":"le-dr-minsoo-kim-nous-parle-du-patch-allevi8-pro","status":"publish","type":"page","link":"https:\/\/patchquantique-france.fr\/es\/le-dr-minsoo-kim-nous-parle-du-patch-allevi8-pro\/","title":{"rendered":"El Dr. Minsoo Kim habla del parche Allevi8 Pro"},"content":{"rendered":"<div data-elementor-type=\"wp-page\" data-elementor-id=\"253494\" class=\"elementor elementor-253494\" data-elementor-post-type=\"page\">\n\t\t\t\t<div class=\"elementor-element elementor-element-0662642 e-flex e-con-boxed e-con e-parent\" data-id=\"0662642\" data-element_type=\"container\" data-e-type=\"container\">\n\t\t\t\t\t<div class=\"e-con-inner\">\n\t\t\t\t<div class=\"elementor-element elementor-element-a6245de elementor-widget elementor-widget-text-editor\" data-id=\"a6245de\" data-element_type=\"widget\" data-e-type=\"widget\" data-widget_type=\"text-editor.default\">\n\t\t\t\t\t\t\t\t\t<span>El Dr. Minsoo Kim, de la Universidad de Se\u00fal, nos habla de su <a href=\"https:\/\/patchquantique-france.fr\/es\/commander-patch-quantique-allevi8pro\/\">parche cu\u00e1ntico<\/a> Allevi8 Pro. Este v\u00eddeo se grab\u00f3 en junio de 2022 en la convenci\u00f3n B-Epic de Par\u00eds. En \u00e9l explica su carrera.<\/span>\t\t\t\t\t\t\t\t<\/div>\n\t\t\t\t<div class=\"elementor-element elementor-element-c441098 elementor-widget elementor-widget-video\" data-id=\"c441098\" data-element_type=\"widget\" data-e-type=\"widget\" data-settings=\"{&quot;youtube_url&quot;:&quot;https:\\\/\\\/www.youtube.com\\\/watch?v=Ac9KgzEXFmE&quot;,&quot;video_type&quot;:&quot;youtube&quot;,&quot;controls&quot;:&quot;yes&quot;}\" data-widget_type=\"video.default\">\n\t\t\t\t\t\t\t<div class=\"elementor-wrapper elementor-open-inline\">\n\t\t\t<div class=\"elementor-video\"><\/div>\t\t<\/div>\n\t\t\t\t\t\t<\/div>\n\t\t\t\t\t<\/div>\n\t\t\t\t<\/div>\n\t\t<div class=\"elementor-element elementor-element-7ba8dfe e-flex e-con-boxed e-con e-parent\" data-id=\"7ba8dfe\" data-element_type=\"container\" data-e-type=\"container\">\n\t\t\t\t\t<div class=\"e-con-inner\">\n\t\t\t\t<div class=\"elementor-element elementor-element-302abf2 elementor-widget elementor-widget-text-editor\" data-id=\"302abf2\" data-element_type=\"widget\" data-e-type=\"widget\" data-widget_type=\"text-editor.default\">\n\t\t\t\t\t\t\t\t\t<h2><strong>Introducci\u00f3n a la innovaci\u00f3n del Dr. Minsoo Kim<\/strong><\/h2><p>Le <strong>Dr. Minsoo Kim<\/strong> es un m\u00e9dico e investigador surcoreano reconocido por su enfoque innovador en soluciones naturales para el bienestar. Ha dedicado varios a\u00f1os a investigar las aplicaciones cut\u00e1neas de ingredientes vegetales y energ\u00e9ticos para aliviar los dolores y molestias cotidianos. En este contexto, ha desarrollado el parche <strong>Allevi8 Pro<\/strong>, un dispositivo adhesivo biodegradable inspirado en principios activos naturales.<\/p><h2>\u00a0<\/h2><h2><strong>\u00bfQu\u00e9 es el parche Allevi8 Pro?<\/strong><\/h2><p>Le <strong>parche Allevi8 Pro<\/strong> es un dispositivo adhesivo formulado para ayudar a aliviar temporalmente la tensi\u00f3n muscular, la rigidez y el dolor articular. El Dr. Minsoo Kim dise\u00f1\u00f3 este parche para redirigir el calor corporal y aumentar de forma natural la comodidad, sin recurrir a ingredientes qu\u00edmicos agresivos.<\/p><h3><strong>Principios activos naturales<\/strong><\/h3><p>Los parches contienen, entre otras cosas:<\/p><ul class=\"avec-puce\"><li><p><strong>Capsaicina<\/strong> (extracto de pimiento rojo): conocido por sus propiedades calmantes.<\/p><\/li><li><p><strong>Ginseng rojo de Corea<\/strong> \u2014 Utilizado tradicionalmente por sus propiedades reconfortantes. <span data-state=\"closed\"><span data-testid=\"webpage-citation-pill\"><a href=\"https:\/\/patchquantique-france.fr\/es\/\" target=\"_blank\" rel=\"noopener\">Quantum Patch Francia<\/a><\/span><\/span><\/p><\/li><li><p><strong>Jengibre<\/strong> \u2014 Reconocido por sus efectos beneficiosos sobre la circulaci\u00f3n y los tejidos.<\/p><\/li><\/ul><p>Estos ingredientes est\u00e1n entrelazados en un adhesivo natural que permite una difusi\u00f3n progresiva de los principios activos durante varias horas despu\u00e9s de la aplicaci\u00f3n.<\/p><h2>\u00a0<\/h2><h2><strong>El papel cient\u00edfico del Dr. Minsoo Kim en Allevi8 Pro<\/strong><\/h2><p>El Dr. Minsoo Kim bas\u00f3 el desarrollo del parche Allevi8 Pro en una combinaci\u00f3n de conocimientos tradicionales e investigaciones modernas. Su experiencia en biolog\u00eda e inmunolog\u00eda le permiti\u00f3 seleccionar mezclas vegetales capaces de interactuar con el cuerpo humano de manera complementaria, favoreciendo la relajaci\u00f3n y el bienestar.<\/p><p>Seg\u00fan las fuentes disponibles, este parche existe desde hace m\u00e1s de 15 a\u00f1os y ha sido objeto de varias iteraciones para optimizar su tolerancia y eficacia.<\/p><h2>\u00a0<\/h2><h2><strong>\u00bfC\u00f3mo funciona el parche?<\/strong><\/h2><p>Cuando apliques un parche Allevi8 Pro en una zona espec\u00edfica:<\/p><ol><li><p>El adhesivo biodegradable se pega sobre la piel limpia y seca.<\/p><\/li><li><p>Los compuestos naturales activados por el calor de tu cuerpo se difunden localmente.<\/p><\/li><li><p>Se puede sentir una sensaci\u00f3n de calor o relajaci\u00f3n, lo que contribuye a reducir la sensaci\u00f3n de incomodidad. <span data-state=\"closed\"><span data-testid=\"webpage-citation-pill\"><a href=\"https:\/\/www.bepic.com\/0\/allevi8pro\" target=\"_blank\" rel=\"noopener\">bepic.com<\/a><\/span><\/span><\/p><\/li><\/ol><blockquote><p>\u26a0\ufe0f <strong>Importante:<\/strong> Este parche no es un medicamento ni un dispositivo m\u00e9dico y no debe sustituir el consejo m\u00e9dico profesional. Los resultados pueden variar de una persona a otra.<\/p><\/blockquote><h2>\u00a0<\/h2><h2><strong>Opiniones y comentarios<\/strong><\/h2><p>Los usuarios informan de diversas experiencias con Allevi8 Pro. Algunos se\u00f1alan una r\u00e1pida disminuci\u00f3n del dolor o una mejora en el confort muscular, mientras que otros encuentran el efecto m\u00e1s moderado o progresivo con el tiempo. <span data-state=\"closed\"><span data-testid=\"webpage-citation-pill\"><a href=\"https:\/\/fr.trustpilot.com\/review\/patchquantique-france.fr\" target=\"_blank\" rel=\"noopener\">Trustpilot<\/a><\/span><\/span><\/p><p>\ud83d\udca1 <strong>Consejo:<\/strong> Para maximizar el efecto, siga las instrucciones de uso y no dude en consultar a un profesional sanitario si los s\u00edntomas persisten o empeoran.<\/p><h2>\u00a0<\/h2><h2><strong>Consejos pr\u00e1cticos de uso<\/strong><\/h2><ul><li><p>Aplique el parche sobre la piel limpia y seca.<\/p><\/li><li><p>No utilizar sobre piel irritada, lesionada o en el rostro.<\/p><\/li><li><p>Se recomienda utilizar un solo parche por periodo (normalmente entre 24 y 48 horas, seg\u00fan las instrucciones del fabricante).<\/p><\/li><li><p>Consulte a un profesional sanitario antes de usar este producto si est\u00e1 embarazada o padece alguna afecci\u00f3n m\u00e9dica espec\u00edfica.<\/p><\/li><\/ul><h2>\u00a0<\/h2><h2><strong>Conclusi\u00f3n: visi\u00f3n del Dr. Minsoo Kim para Allevi8 Pro<\/strong><\/h2><p>Le <strong>Dr. Minsoo Kim<\/strong> dise\u00f1\u00f3 el parche <strong>Allevi8 Pro<\/strong> como un enfoque natural y complementario para ayudar a aliviar la tensi\u00f3n y el malestar f\u00edsico. Basado en ingredientes naturales y una f\u00f3rmula biodegradable, su objetivo es ofrecer una alternativa sencilla para el d\u00eda a d\u00eda a quienes desean mejorar su sensaci\u00f3n de bienestar.<\/p>\t\t\t\t\t\t\t\t<\/div>\n\t\t\t\t\t<\/div>\n\t\t\t\t<\/div>\n\t\t<div class=\"elementor-element elementor-element-df17388 e-flex e-con-boxed e-con e-parent\" data-id=\"df17388\" data-element_type=\"container\" data-e-type=\"container\">\n\t\t\t\t\t<div class=\"e-con-inner\">\n\t\t\t\t<div class=\"elementor-element elementor-element-d9c409f elementor-widget elementor-widget-image\" data-id=\"d9c409f\" data-element_type=\"widget\" data-e-type=\"widget\" data-widget_type=\"image.default\">\n\t\t\t\t\t\t\t\t\t\t\t\t\t\t\t<img fetchpriority=\"high\" decoding=\"async\" width=\"700\" height=\"615\" src=\"https:\/\/patchquantique-france.fr\/wp-content\/uploads\/2023\/10\/patch-quantique-allevi8-pro-minsoo-kim.webp\" class=\"attachment-large size-large wp-image-247686\" alt=\"Le patch Allevi8 Pro du Dr Minsoo Kim\" srcset=\"https:\/\/patchquantique-france.fr\/wp-content\/uploads\/2023\/10\/patch-quantique-allevi8-pro-minsoo-kim.webp 700w, https:\/\/patchquantique-france.fr\/wp-content\/uploads\/2023\/10\/patch-quantique-allevi8-pro-minsoo-kim-300x264.webp 300w, https:\/\/patchquantique-france.fr\/wp-content\/uploads\/2023\/10\/patch-quantique-allevi8-pro-minsoo-kim-96x84.webp 96w, https:\/\/patchquantique-france.fr\/wp-content\/uploads\/2023\/10\/patch-quantique-allevi8-pro-minsoo-kim-42x37.webp 42w, https:\/\/patchquantique-france.fr\/wp-content\/uploads\/2023\/10\/patch-quantique-allevi8-pro-minsoo-kim-60x53.webp 60w, https:\/\/patchquantique-france.fr\/wp-content\/uploads\/2023\/10\/patch-quantique-allevi8-pro-minsoo-kim-480x422.webp 480w, https:\/\/patchquantique-france.fr\/wp-content\/uploads\/2023\/10\/patch-quantique-allevi8-pro-minsoo-kim-600x527.webp 600w\" sizes=\"(max-width: 700px) 100vw, 700px\" title=\"\">\t\t\t\t\t\t\t\t\t\t\t\t\t\t\t<\/div>\n\t\t\t\t\t<\/div>\n\t\t\t\t<\/div>\n\t\t\t\t<\/div>","protected":false},"excerpt":{"rendered":"<p>Le Dr Minsoo Kim, de l&#8217;universit\u00e9 de S\u00e9oul, nous parle de son patch quantique Allevi8 Pro. Cette vid\u00e9o a \u00e9t\u00e9 enregistr\u00e9e len juin 2022 lors de la convention B-Epic de Paris. Il y explique son parcours.https:\/\/www.youtube.com\/watch?v=Ac9KgzEXFmE Introduction \u00e0 l\u2019innovation du Dr Minsoo Kim Le Dr Minsoo Kim est un m\u00e9decin et chercheur sud-cor\u00e9en reconnu pour [&hellip;]<\/p>\n","protected":false},"author":1,"featured_media":253745,"parent":0,"menu_order":0,"comment_status":"closed","ping_status":"closed","template":"","meta":{"footnotes":""},"info_patch_cat":[135],"class_list":["post-253494","page","type-page","status-publish","has-post-thumbnail","hentry","info_patch_cat-patchs-quantiques-allevi8-pro"],"_links":{"self":[{"href":"https:\/\/patchquantique-france.fr\/es\/wp-json\/wp\/v2\/pages\/253494","targetHints":{"allow":["GET"]}}],"collection":[{"href":"https:\/\/patchquantique-france.fr\/es\/wp-json\/wp\/v2\/pages"}],"about":[{"href":"https:\/\/patchquantique-france.fr\/es\/wp-json\/wp\/v2\/types\/page"}],"author":[{"embeddable":true,"href":"https:\/\/patchquantique-france.fr\/es\/wp-json\/wp\/v2\/users\/1"}],"replies":[{"embeddable":true,"href":"https:\/\/patchquantique-france.fr\/es\/wp-json\/wp\/v2\/comments?post=253494"}],"version-history":[{"count":5,"href":"https:\/\/patchquantique-france.fr\/es\/wp-json\/wp\/v2\/pages\/253494\/revisions"}],"predecessor-version":[{"id":253500,"href":"https:\/\/patchquantique-france.fr\/es\/wp-json\/wp\/v2\/pages\/253494\/revisions\/253500"}],"wp:featuredmedia":[{"embeddable":true,"href":"https:\/\/patchquantique-france.fr\/es\/wp-json\/wp\/v2\/media\/253745"}],"wp:attachment":[{"href":"https:\/\/patchquantique-france.fr\/es\/wp-json\/wp\/v2\/media?parent=253494"}],"wp:term":[{"taxonomy":"info_patch_cat","embeddable":true,"href":"https:\/\/patchquantique-france.fr\/es\/wp-json\/wp\/v2\/info_patch_cat?post=253494"}],"curies":[{"name":"wp","href":"https:\/\/api.w.org\/{rel}","templated":true}]}}