{"id":253467,"date":"2026-01-01T17:07:56","date_gmt":"2026-01-01T16:07:56","guid":{"rendered":"https:\/\/patchquantique-france.fr\/?page_id=253467"},"modified":"2026-01-03T14:54:05","modified_gmt":"2026-01-03T13:54:05","slug":"bien-placer-le-patch-allevi8-pro","status":"publish","type":"page","link":"https:\/\/patchquantique-france.fr\/es\/bien-placer-le-patch-allevi8-pro\/","title":{"rendered":"Colocaci\u00f3n correcta del parche Allevi8 Pro"},"content":{"rendered":"<div data-elementor-type=\"wp-page\" data-elementor-id=\"253467\" class=\"elementor elementor-253467\" data-elementor-post-type=\"page\">\n\t\t\t\t<div class=\"elementor-element elementor-element-4970fa1 e-flex e-con-boxed e-con e-parent\" data-id=\"4970fa1\" data-element_type=\"container\" data-e-type=\"container\">\n\t\t\t\t\t<div class=\"e-con-inner\">\n\t\t\t\t<div class=\"elementor-element elementor-element-f9ae7d3 elementor-widget elementor-widget-text-editor\" data-id=\"f9ae7d3\" data-element_type=\"widget\" data-e-type=\"widget\" data-widget_type=\"text-editor.default\">\n\t\t\t\t\t\t\t\t\t<p>Colocar correctamente el parche Allevi8 pro es esencial para garantizar la eficacia del producto y aliviar r\u00e1pidamente los dolores articulares, musculares o tendinosos.<\/p><h2>85% de las personas reaccionan al parche Allevi8 pro en 48 horas.<\/h2><p>Las personas sanas experimentan un aumento de la energ\u00eda, una mejor calidad del sue\u00f1o, un mejor enraizamiento, claridad mental y una reducci\u00f3n del estr\u00e9s.<\/p><p>Aporta una sensaci\u00f3n de bienestar. Tambi\u00e9n aporta fuerza y flexibilidad a muchas personas y activa la circulaci\u00f3n sangu\u00ednea.<\/p><p>Desintoxica el organismo.<\/p><p>A largo plazo, reafirma la piel, la textura se alisa, los poros desaparecen y la tez se vuelve m\u00e1s luminosa. Los deportistas afirman haber mejorado su rendimiento, su resistencia y haberse recuperado m\u00e1s r\u00e1pidamente. Este producto est\u00e1 reconocido como no dopante por la federaci\u00f3n correspondiente. Puede ser utilizado por deportistas de alto nivel.<\/p><p>El parche no cura. Proporciona apoyo al cuerpo, que decide d\u00f3nde lo necesita m\u00e1s.<\/p><p>Puedes decidir llevar el parche para un problema concreto, pero antes obtener resultados en otro sitio, porque el parche decide cu\u00e1les son las prioridades de tu cuerpo o de tu mente\/emociones.<\/p><p>Permitiendo que el cuerpo haga su trabajo correctamente, puede aportar verdadera qualit\u00fd y confort a la vida poni\u00fdndose uno mismo<br \/>con regularidad.<br \/>La sinergia de la composici\u00f3n del parche Allevi8 pro Quantum tambi\u00e9n permitir\u00e1 a tu cuerpo limpiarse y reenfocar sus energ\u00edas.<br \/>Tiene un efecto desintoxicante.<br \/>Allevi8 Pro Quantum Patch es un producto natural 100 % a base de ginseng rojo coreano, jengibre y capsaicina.<br \/>Se recomienda\u0301 realizar un programa m\u00ednimo que oscile entre 3 y 6 meses.<br \/>Este tiempo es realmente necesario para permitir que tu cuerpo se desintoxique y, sobre todo, para comprobar los beneficios del Parche Allevi8 Quantum, llev\u00e1ndolo en serio (c\u00e1mbialo cada 48 horas y bebe mucha agua para eliminar todas las toxinas).<\/p>\t\t\t\t\t\t\t\t<\/div>\n\t\t\t\t<div class=\"elementor-element elementor-element-29c56e9 elementor-widget elementor-widget-text-editor\" data-id=\"29c56e9\" data-element_type=\"widget\" data-e-type=\"widget\" data-widget_type=\"text-editor.default\">\n\t\t\t\t\t\t\t\t\t<h2>Aprender a colocar correctamente el parche Allevi8 Pro<\/h2><p>Para obtener la m\u00e1xima eficacia, es importante colocar correctamente el parche Allevi8 pro desde el principio. A continuaci\u00f3n, le ofrecemos algunos consejos para sacar el m\u00e1ximo partido a su parche cu\u00e1ntico y aliviar eficazmente sus dolores. <a href=\"https:\/\/patchquantique-france.fr\/es\/commander-patch-quantique-allevi8pro\/\">dolores musculares<\/a>articulaciones y reumatismo:<\/p><ul class=\"avec-puce\"><li>Primero, despegue la mitad superior del soporte y aplique el parche sobre la <strong>piel tirante y seca<\/strong>.<\/li><li>Coloque el parche en una zona libre de vello.<\/li><li>Al\u00edselo bien con la palma de la mano y despegue la segunda mitad del soporte, evitando los pliegues.<\/li><li>Beba un vaso grande de agua inmediatamente despu\u00e9s de la aplicaci\u00f3n y beba mucho a lo largo del d\u00eda para eliminar las toxinas por v\u00edas naturales.<\/li><li><strong>Cambie el parche Allevi8 pro cada 48 horas.<\/strong><\/li><\/ul>\t\t\t\t\t\t\t\t<\/div>\n\t\t\t\t<div class=\"elementor-element elementor-element-73eef8e elementor-widget elementor-widget-heading\" data-id=\"73eef8e\" data-element_type=\"widget\" data-e-type=\"widget\" data-widget_type=\"heading.default\">\n\t\t\t\t\t<h2 class=\"elementor-heading-title elementor-size-default\">Instalaci\u00f3n del parche cu\u00e1ntico de Allevi8 Pro<\/h2>\t\t\t\t<\/div>\n\t\t\t\t<div class=\"elementor-element elementor-element-bce81a7 elementor-widget elementor-widget-text-editor\" data-id=\"bce81a7\" data-element_type=\"widget\" data-e-type=\"widget\" data-widget_type=\"text-editor.default\">\n\t\t\t\t\t\t\t\t\t<p>Es importante beber siempre al menos un vaso de agua despu\u00e9s de la aplicaci\u00f3n (para hacer circular la energ\u00eda).<\/p><p><strong>1\/ <\/strong>Despegue el lado corto de la l\u00e1mina protectora.<\/p><p><strong>2\/<\/strong>Coloque siempre el parche sobre el dolor, la herida u otra zona o lo m\u00e1s cerca posible de ellos.<\/p><p><span style=\"color: #ff0000;\"><strong>No aplicar nunca sobre heridas, quemaduras, psoriasis o eczemas, sino siempre junto a ellos.<\/strong><\/span><\/p><p>En el cap\u00edtulo siguiente se dan algunos ejemplos.<\/p><p>El parche puede cortarse para extenderlo por varias zonas concretas.<\/p><p>Como norma general, escucha a tu cuerpo y tus sensaciones y sabr\u00e1s d\u00f3nde colocarlo.<\/p><p><strong>3\/ <\/strong>Comprueba siempre que la piel est\u00e9 tensa cuando apliques el parche (por ejemplo, en la espalda, recuerda estar siempre sentado e inclinado hacia delante. Para la parte posterior del brazo, recuerde inclinarse hacia el hombro). Evite las burbujas de aire.<\/p><p><strong>4\/ <\/strong>No utilizar en zonas pilosas.<\/p><p><strong>5\/ <\/strong>Cambia el PATCH cada 48 horas como m\u00e1ximo (puedes lavarte con \u00e9l, pero no te lo quites, ya no se pegar\u00e1, es un pegamento natural).<\/p><p><strong>6\/ <\/strong>Si se desprende primero, no te preocupes, es porque tu cuerpo est\u00e1 sufriendo una deficiencia, por lo que ha absorbido todos los nutrientes que hab\u00eda en el Parche. Tienes que volver a aplicarte uno inmediatamente, ya que se pegar\u00e1 m\u00e1s tiempo. Si se despega, tambi\u00e9n es posible que el PH de tu piel sea demasiado \u00e1cido, lo que se ir\u00e1 igualando con el paso del tiempo.<\/p><p>Para obtener mejores resultados, durante los 5 primeros d\u00edas, puede renovar el parche cada 24 horas si lo desea.<\/p><p><strong>7\/ <\/strong>El parche puede picar o calentarse, lo que significa que te est\u00e1s desintoxicando. Es una buena se\u00f1al, as\u00ed que recuerda beber mucha agua. Si el picor persiste, cambia el parche. No dudes en ponerte en contacto con nosotros si tienes alguna duda.<\/p><p>Una vez retirado el parche, la piel puede enrojecerse, pero no se preocupe, este enrojecimiento desaparecer\u00e1.<\/p><p><strong>8\/ <\/strong>Puedes llevar hasta dos parches contigo.<\/p><p><strong>El parche Allevi8 Pro Quantum no es un producto milagroso, sino que devuelve a tu cuerpo lo que necesita para volver a funcionar con normalidad.<\/strong><\/p><p>El \u00fanico compromiso que tienes es contigo mismo: <strong>\"\u00bfEst\u00e1s decidido\u0301 a cuidar tu salud?\".<\/strong><\/p>\t\t\t\t\t\t\t\t<\/div>\n\t\t\t\t<div class=\"elementor-element elementor-element-25bf2fb elementor-widget elementor-widget-text-editor\" data-id=\"25bf2fb\" data-element_type=\"widget\" data-e-type=\"widget\" data-widget_type=\"text-editor.default\">\n\t\t\t\t\t\t\t\t\t<h2>Consejos iniciales una vez aplicado el parche Allevi8 Pro<\/h2>\n<strong>Conocerse mejor<\/strong> : reflexionar sobre su bienestar, sentir su cuerpo. Implicarse en el proceso de alivio del dolor visualizando los principios activos naturales impregnados en el parche que se difunden por su organismo, como un b\u00e1lsamo beneficioso que le calma.\n\n<strong>Si el parche se desprende<\/strong> Toca la parte pegajosa y compru\u00e9balo:\n<ul class=\"avec-puce\">\n \t<li>Ya no se pega: tu cuerpo lo ha \u201cabsorbido\u201d todo, lo cual es una buena se\u00f1al, ya que el adhesivo natural est\u00e1 saturado de tus toxinas. Vuelve a pegar otro parche inmediatamente.<\/li>\n \t<li>Sigue pegajoso: \u00bfhas aplicado el parche sobre la piel tirante y sin vello en una zona muy seca (sin cremas ni productos grasos)?<\/li>\n<\/ul>\nSi nota enrojecimiento y\/o picor: \u00bfbebe suficiente agua (entre 1 y 2 litros al d\u00eda)? Mueva ligeramente el parche, c\u00f3rtelo en trozos m\u00e1s peque\u00f1os y aumente su tama\u00f1o progresivamente. A menudo, el cuerpo se limpia, lo que se conoce como \u201ccrisis de curaci\u00f3n\u201d.\t\t\t\t\t\t\t\t<\/div>\n\t\t\t\t\t<\/div>\n\t\t\t\t<\/div>\n\t\t<div class=\"elementor-element elementor-element-ee47813 e-flex e-con-boxed e-con e-parent\" data-id=\"ee47813\" data-element_type=\"container\" data-e-type=\"container\" data-settings=\"{&quot;background_background&quot;:&quot;classic&quot;}\">\n\t\t\t\t\t<div class=\"e-con-inner\">\n\t\t\t\t<div class=\"elementor-element elementor-element-0813f8f elementor-widget elementor-widget-text-editor\" data-id=\"0813f8f\" data-element_type=\"widget\" data-e-type=\"widget\" data-widget_type=\"text-editor.default\">\n\t\t\t\t\t\t\t\t\t<strong>Informaci\u00f3n importante<\/strong> Estos consejos se proporcionan a t\u00edtulo indicativo. Consulte a un m\u00e9dico o profesional sanitario reconocido, \u00fanico facultado para realizar un diagn\u00f3stico y prescribir los tratamientos adecuados. No interrumpa nunca su tratamiento m\u00e9dico sin su consentimiento. Los parches Allevi8 Pro pueden aliviar, pero en ning\u00fan caso pueden curar ni tratar.\t\t\t\t\t\t\t\t<\/div>\n\t\t\t\t\t<\/div>\n\t\t\t\t<\/div>\n\t\t<div class=\"elementor-element elementor-element-2bd66c4 e-flex e-con-boxed e-con e-parent\" data-id=\"2bd66c4\" data-element_type=\"container\" data-e-type=\"container\">\n\t\t\t\t\t<div class=\"e-con-inner\">\n\t\t<div class=\"elementor-element elementor-element-ce69dc2 e-con-full e-flex e-con e-child\" data-id=\"ce69dc2\" data-element_type=\"container\" data-e-type=\"container\">\n\t\t\t\t<div class=\"elementor-element elementor-element-dba2970 elementor-widget elementor-widget-image\" data-id=\"dba2970\" data-element_type=\"widget\" data-e-type=\"widget\" data-widget_type=\"image.default\">\n\t\t\t\t\t\t\t\t\t\t\t\t\t\t\t<img fetchpriority=\"high\" decoding=\"async\" width=\"500\" height=\"343\" src=\"https:\/\/patchquantique-france.fr\/wp-content\/uploads\/2023\/09\/patch-coupe-sens-hauteur.webp\" class=\"attachment-large size-large wp-image-246388\" alt=\"Le patch Allevi8 peut \u00eatre coup\u00e9 dans le sens de la hauteur\" srcset=\"https:\/\/patchquantique-france.fr\/wp-content\/uploads\/2023\/09\/patch-coupe-sens-hauteur.webp 500w, https:\/\/patchquantique-france.fr\/wp-content\/uploads\/2023\/09\/patch-coupe-sens-hauteur-300x206.webp 300w, https:\/\/patchquantique-france.fr\/wp-content\/uploads\/2023\/09\/patch-coupe-sens-hauteur-96x66.webp 96w, https:\/\/patchquantique-france.fr\/wp-content\/uploads\/2023\/09\/patch-coupe-sens-hauteur-42x29.webp 42w, https:\/\/patchquantique-france.fr\/wp-content\/uploads\/2023\/09\/patch-coupe-sens-hauteur-60x41.webp 60w, https:\/\/patchquantique-france.fr\/wp-content\/uploads\/2023\/09\/patch-coupe-sens-hauteur-480x329.webp 480w\" sizes=\"(max-width: 500px) 100vw, 500px\" title=\"\">\t\t\t\t\t\t\t\t\t\t\t\t\t\t\t<\/div>\n\t\t\t\t<\/div>\n\t\t<div class=\"elementor-element elementor-element-57f0cf6 e-con-full e-flex e-con e-child\" data-id=\"57f0cf6\" data-element_type=\"container\" data-e-type=\"container\">\n\t\t\t\t<div class=\"elementor-element elementor-element-399e9fc elementor-widget elementor-widget-image\" data-id=\"399e9fc\" data-element_type=\"widget\" data-e-type=\"widget\" data-widget_type=\"image.default\">\n\t\t\t\t\t\t\t\t\t\t\t\t\t\t\t<img decoding=\"async\" width=\"500\" height=\"343\" src=\"https:\/\/patchquantique-france.fr\/wp-content\/uploads\/2023\/09\/patch-coupe-sens-longueur.webp\" class=\"attachment-large size-large wp-image-246387\" alt=\"Couper patch Allevi8 Pro sens de la longueur\" srcset=\"https:\/\/patchquantique-france.fr\/wp-content\/uploads\/2023\/09\/patch-coupe-sens-longueur.webp 500w, https:\/\/patchquantique-france.fr\/wp-content\/uploads\/2023\/09\/patch-coupe-sens-longueur-300x206.webp 300w, https:\/\/patchquantique-france.fr\/wp-content\/uploads\/2023\/09\/patch-coupe-sens-longueur-96x66.webp 96w, https:\/\/patchquantique-france.fr\/wp-content\/uploads\/2023\/09\/patch-coupe-sens-longueur-42x29.webp 42w, https:\/\/patchquantique-france.fr\/wp-content\/uploads\/2023\/09\/patch-coupe-sens-longueur-60x41.webp 60w, https:\/\/patchquantique-france.fr\/wp-content\/uploads\/2023\/09\/patch-coupe-sens-longueur-480x329.webp 480w\" sizes=\"(max-width: 500px) 100vw, 500px\" title=\"\">\t\t\t\t\t\t\t\t\t\t\t\t\t\t\t<\/div>\n\t\t\t\t<\/div>\n\t\t\t\t\t<\/div>\n\t\t\t\t<\/div>\n\t\t<div class=\"elementor-element elementor-element-47ddf6b e-flex e-con-boxed e-con e-parent\" data-id=\"47ddf6b\" data-element_type=\"container\" data-e-type=\"container\">\n\t\t\t\t\t<div class=\"e-con-inner\">\n\t\t\t\t<div class=\"elementor-element elementor-element-bc076a4 elementor-widget elementor-widget-heading\" data-id=\"bc076a4\" data-element_type=\"widget\" data-e-type=\"widget\" data-widget_type=\"heading.default\">\n\t\t\t\t\t<h2 class=\"elementor-heading-title elementor-size-default\">Colocaci\u00f3n correcta del parche Allevi8 Pro en diferentes partes del cuerpo<\/h2>\t\t\t\t<\/div>\n\t\t\t\t\t<\/div>\n\t\t\t\t<\/div>\n\t\t<div class=\"elementor-element elementor-element-b63cc44 e-flex e-con-boxed e-con e-parent\" data-id=\"b63cc44\" data-element_type=\"container\" data-e-type=\"container\">\n\t\t\t\t\t<div class=\"e-con-inner\">\n\t\t<div class=\"elementor-element elementor-element-91d1bbc e-con-full e-flex e-con e-child\" data-id=\"91d1bbc\" data-element_type=\"container\" data-e-type=\"container\">\n\t\t\t\t<div class=\"elementor-element elementor-element-14432e0 elementor-widget elementor-widget-image\" data-id=\"14432e0\" data-element_type=\"widget\" data-e-type=\"widget\" data-widget_type=\"image.default\">\n\t\t\t\t\t\t\t\t\t\t\t\t\t\t\t<img decoding=\"async\" width=\"800\" height=\"743\" src=\"https:\/\/patchquantique-france.fr\/wp-content\/uploads\/2023\/09\/bien-placer-patch-allevi8.webp\" class=\"attachment-large size-large wp-image-246381\" alt=\"Comment bien placer le patch Allevi8 pro\" srcset=\"https:\/\/patchquantique-france.fr\/wp-content\/uploads\/2023\/09\/bien-placer-patch-allevi8.webp 951w, https:\/\/patchquantique-france.fr\/wp-content\/uploads\/2023\/09\/bien-placer-patch-allevi8-300x279.webp 300w, https:\/\/patchquantique-france.fr\/wp-content\/uploads\/2023\/09\/bien-placer-patch-allevi8-768x713.webp 768w, https:\/\/patchquantique-france.fr\/wp-content\/uploads\/2023\/09\/bien-placer-patch-allevi8-96x89.webp 96w, https:\/\/patchquantique-france.fr\/wp-content\/uploads\/2023\/09\/bien-placer-patch-allevi8-42x39.webp 42w, https:\/\/patchquantique-france.fr\/wp-content\/uploads\/2023\/09\/bien-placer-patch-allevi8-60x56.webp 60w, https:\/\/patchquantique-france.fr\/wp-content\/uploads\/2023\/09\/bien-placer-patch-allevi8-480x446.webp 480w, https:\/\/patchquantique-france.fr\/wp-content\/uploads\/2023\/09\/bien-placer-patch-allevi8-600x557.webp 600w\" sizes=\"(max-width: 800px) 100vw, 800px\" title=\"\">\t\t\t\t\t\t\t\t\t\t\t\t\t\t\t<\/div>\n\t\t\t\t<\/div>\n\t\t<div class=\"elementor-element elementor-element-eb72659 e-con-full e-flex e-con e-child\" data-id=\"eb72659\" data-element_type=\"container\" data-e-type=\"container\">\n\t\t\t\t<div class=\"elementor-element elementor-element-904b414 elementor-widget elementor-widget-text-editor\" data-id=\"904b414\" data-element_type=\"widget\" data-e-type=\"widget\" data-widget_type=\"text-editor.default\">\n\t\t\t\t\t\t\t\t\t<p>\u2013 <strong>Bienestar<\/strong> 1 - 2 (1\/2 parche en cada punto)<br \/>\u2013 <strong>Depresi\u00f3n \/ agotamiento \/ sue\u00f1o<\/strong> : 1 \u2013 2 \u2013 3<br \/>\u2013 <strong>Dolor de espalda \/ osteoporosis<\/strong> : 1 \u2013 7 \u2013 2 (durante 4 d\u00edas, cambiar el parche cada d\u00eda. Si las tensiones persisten, colocar medio parche adicional en la zona del dolor).<br \/>\u2013 <strong>Migra\u00f1a<\/strong> 1 - 3 - 5 (Cortar el parche en 2 longitudinalmente, luego cortar la 1\u00aa mitad en 4 longitudinalmente. Colocar 1\/4 en la dolorosa sien 5, 1\/4 en el punto 12, 1\/4 en el punto 3, 1\/4 en el punto 2. La segunda mitad del parche se aplicar\u00e1 a lo ancho en la nuca (punto 1).<br \/>\u2013 <strong>Tinnitus \/ v\u00e9rtigo<\/strong> 1\/4 detr\u00e1s de cada oreja y 1\/2 en el punto 1.<br \/>\u2013 <strong>Fibromialgia<\/strong> 1 - 2 - 3 - 4 (1\/2 parche en cada punto).<br \/>\u2013 <strong>Tensi\u00f3n en los hombros<\/strong> : 1\/2 en el punto 1, el otro en el punto 6.<br \/>\u2013 <strong>Trapezoides<\/strong> 1 parche en el punto 1.<br \/>\u2013 <strong>Lumbagos<\/strong> 1 parche en el punto 7.<br \/>\u2013 <strong>Caderas<\/strong> : 1\/2 en el 7, el otro en el 8.<br \/>\u2013 <strong>Ci\u00e1tica<\/strong> 7 - 8 - 9 (cortar un parche en 3 a lo ancho).<br \/>\u2013 <strong>Tensi\u00f3n articular<\/strong> : por encima de la articulaci\u00f3n.<br \/>\u2013 <strong>Dolor de rodilla<\/strong> : 1\/2 en la parte delantera, el otro en la parte trasera.<br \/>\u2013 <strong>Principales tensiones<\/strong> 1 parche en el punto 1 para los miembros superiores o en el punto 7 para los miembros inferiores + 1\/2 en el nivel de tensi\u00f3n.\u00a0<\/p>\t\t\t\t\t\t\t\t<\/div>\n\t\t\t\t<\/div>\n\t\t\t\t\t<\/div>\n\t\t\t\t<\/div>\n\t\t<div class=\"elementor-element elementor-element-db9ad81 e-flex e-con-boxed e-con e-parent\" data-id=\"db9ad81\" data-element_type=\"container\" data-e-type=\"container\">\n\t\t\t\t\t<div class=\"e-con-inner\">\n\t\t\t\t<div class=\"elementor-element elementor-element-062d3fb elementor-widget elementor-widget-text-editor\" data-id=\"062d3fb\" data-element_type=\"widget\" data-e-type=\"widget\" data-widget_type=\"text-editor.default\">\n\t\t\t\t\t\t\t\t\t<p>Cuando compras parches en <a href=\"https:\/\/patchquantique-france.fr\/es\/\">patchquantique-france<\/a>, se le proporciona una hoja informativa para colocar correctamente el parche Allevi8 Pro, as\u00ed como una hoja de seguimiento que le permite anotar sus sensaciones a lo largo de los d\u00edas. Para obtener m\u00e1s informaci\u00f3n sobre los parches Allevi8 Pro, <a href=\"https:\/\/patchquantique-france.fr\/es\/informations-sur-les-patches-allevi8-pro\/\" rel=\"dofollow\">consulte esta p\u00e1gina<\/a>. Tambi\u00e9n puede ver algunos v\u00eddeos interesantes sobre parcheado cu\u00e1ntico <a href=\"https:\/\/patchquantique-france.fr\/es\/video-de-presentation-du-patch-allevi8-pro\/\" rel=\"dofollow\">aqu\u00ed<\/a>. El punto de vista de un terapeuta bioenerg\u00e9tico es <a href=\"https:\/\/patchquantique-france.fr\/es\/pratique-energetique-et-sante-humaine\/\">leer aqu\u00ed<\/a>. Si est\u00e1s interesado en drenar y limpiar los \u00f3rganos internos, te aconsejamos encarecidamente que visites el blog de <a href=\"https:\/\/curesclark.com\/\" target=\"_blank\" rel=\"dofollow noopener\">Marco Caldi<\/a>.<\/p>\t\t\t\t\t\t\t\t<\/div>\n\t\t\t\t<div class=\"elementor-element elementor-element-8ab4f87 elementor-align-center elementor-widget elementor-widget-button\" data-id=\"8ab4f87\" data-element_type=\"widget\" data-e-type=\"widget\" data-widget_type=\"button.default\">\n\t\t\t\t\t\t\t\t\t\t<a class=\"elementor-button elementor-button-link elementor-size-sm\" href=\"https:\/\/patchquantique-france.fr\/es\/foire-aux-questions-de-patch-quantique-france\/\">\n\t\t\t\t\t\t<span class=\"elementor-button-content-wrapper\">\n\t\t\t\t\t\t\t\t\t<span class=\"elementor-button-text\">Consulte las preguntas m\u00e1s frecuentes<\/span>\n\t\t\t\t\t<\/span>\n\t\t\t\t\t<\/a>\n\t\t\t\t\t\t\t\t<\/div>\n\t\t\t\t\t<\/div>\n\t\t\t\t<\/div>\n\t\t\t\t<\/div>","protected":false},"excerpt":{"rendered":"<p>Bien placer le patch Allevi8 pro est essentiel pour garantir une bonne efficacit\u00e9 du produit et vous soulager rapidement de vos douleurs articluaires, musculaires ou tendineuses. 85% des personnes r\u00e9agissent \u00e0 la pose du Patch Allevi8 pro dans les 48 heures. Les personnes en bonne sant\u00e9\u0301 ressentent une augmentation de l\u2019\u00e9nergie, une meilleure qualit\u00e9\u0301 de [&hellip;]<\/p>\n","protected":false},"author":1,"featured_media":246370,"parent":0,"menu_order":0,"comment_status":"closed","ping_status":"closed","template":"","meta":{"footnotes":""},"info_patch_cat":[135],"class_list":["post-253467","page","type-page","status-publish","has-post-thumbnail","hentry","info_patch_cat-patchs-quantiques-allevi8-pro"],"_links":{"self":[{"href":"https:\/\/patchquantique-france.fr\/es\/wp-json\/wp\/v2\/pages\/253467","targetHints":{"allow":["GET"]}}],"collection":[{"href":"https:\/\/patchquantique-france.fr\/es\/wp-json\/wp\/v2\/pages"}],"about":[{"href":"https:\/\/patchquantique-france.fr\/es\/wp-json\/wp\/v2\/types\/page"}],"author":[{"embeddable":true,"href":"https:\/\/patchquantique-france.fr\/es\/wp-json\/wp\/v2\/users\/1"}],"replies":[{"embeddable":true,"href":"https:\/\/patchquantique-france.fr\/es\/wp-json\/wp\/v2\/comments?post=253467"}],"version-history":[{"count":23,"href":"https:\/\/patchquantique-france.fr\/es\/wp-json\/wp\/v2\/pages\/253467\/revisions"}],"predecessor-version":[{"id":253492,"href":"https:\/\/patchquantique-france.fr\/es\/wp-json\/wp\/v2\/pages\/253467\/revisions\/253492"}],"wp:featuredmedia":[{"embeddable":true,"href":"https:\/\/patchquantique-france.fr\/es\/wp-json\/wp\/v2\/media\/246370"}],"wp:attachment":[{"href":"https:\/\/patchquantique-france.fr\/es\/wp-json\/wp\/v2\/media?parent=253467"}],"wp:term":[{"taxonomy":"info_patch_cat","embeddable":true,"href":"https:\/\/patchquantique-france.fr\/es\/wp-json\/wp\/v2\/info_patch_cat?post=253467"}],"curies":[{"name":"wp","href":"https:\/\/api.w.org\/{rel}","templated":true}]}}