{"id":253417,"date":"2026-01-02T07:44:12","date_gmt":"2026-01-02T06:44:12","guid":{"rendered":"https:\/\/patchquantique-france.fr\/?page_id=253417"},"modified":"2026-01-03T15:34:20","modified_gmt":"2026-01-03T14:34:20","slug":"a-propos-de-patch-quantique-france","status":"publish","type":"page","link":"https:\/\/patchquantique-france.fr\/es\/a-propos-de-patch-quantique-france\/","title":{"rendered":"Acerca de Patch Quantique France"},"content":{"rendered":"<div data-elementor-type=\"wp-page\" data-elementor-id=\"253417\" class=\"elementor elementor-253417\" data-elementor-post-type=\"page\">\n\t\t\t\t<div class=\"elementor-element elementor-element-4a49376 e-flex e-con-boxed e-con e-parent\" data-id=\"4a49376\" data-element_type=\"container\" data-e-type=\"container\">\n\t\t\t\t\t<div class=\"e-con-inner\">\n\t\t\t\t<div class=\"elementor-element elementor-element-d667313 elementor-widget elementor-widget-heading\" data-id=\"d667313\" data-element_type=\"widget\" data-e-type=\"widget\" data-widget_type=\"heading.default\">\n\t\t\t\t\t<h2 class=\"elementor-heading-title elementor-size-default\">\u00bfPor qu\u00e9 Patch Quantique France es un distribuidor independiente de B-Epic?<\/h2>\t\t\t\t<\/div>\n\t\t\t\t<div class=\"elementor-element elementor-element-c72088c elementor-widget elementor-widget-text-editor\" data-id=\"c72088c\" data-element_type=\"widget\" data-e-type=\"widget\" data-widget_type=\"text-editor.default\">\n\t\t\t\t\t\t\t\t\t<p>Llevamos m\u00e1s de 20 a\u00f1os trabajando en el \u00e1mbito de la \u201csalud natural\u201d y gestionamos varios sitios web dedicados al bienestar mediante m\u00e9todos no agresivos. Tambi\u00e9n estamos bien establecidos en el \u00e1mbito de la energ\u00eda al servicio de la salud a trav\u00e9s de <a title=\"Energ\u00eda y filtraci\u00f3n de agua WaterLife\" href=\"https:\/\/www.eauvie.fr\" target=\"_blank\" rel=\"noopener\">WaterLife.<\/a><\/p><p>Como usuarios de los parches Powerstrip desde hace unos quince a\u00f1os, para nuestro gran satisfacci\u00f3n, hemos seguido naturalmente la aventura Allevi 8 pro y nos ha parecido obvio convertirnos en distribuidores independientes de B-Epic para los parches del Dr. Minsoo Kim.<\/p><p>De este modo, podemos entregarle parches ultra frescos en 2 d\u00edas en toda Francia y en 4\/5 d\u00edas en toda Europa.<\/p><p>P\u00f3nganos a prueba: <a title=\"Pida ya sus parches Allevi8 pro quantum\" href=\"https:\/\/patchquantique-france.fr\/es\/patch-quantique\/\">pida sus parches aqu\u00ed<\/a> y empezar a aliviar el dolor, la rigidez y las contracturas \u00a1dos d\u00edas despu\u00e9s!<\/p>\t\t\t\t\t\t\t\t<\/div>\n\t\t\t\t<div class=\"elementor-element elementor-element-92531d1 elementor-widget elementor-widget-heading\" data-id=\"92531d1\" data-element_type=\"widget\" data-e-type=\"widget\" data-widget_type=\"heading.default\">\n\t\t\t\t\t<h2 class=\"elementor-heading-title elementor-size-default\">Solo parches Allevi8 Pro del Dr. Minsoo Kim<\/h2>\t\t\t\t<\/div>\n\t\t\t\t<div class=\"elementor-element elementor-element-bab1d81 elementor-widget elementor-widget-text-editor\" data-id=\"bab1d81\" data-element_type=\"widget\" data-e-type=\"widget\" data-widget_type=\"text-editor.default\">\n\t\t\t\t\t\t\t\t\t<p>La gama de productos <a href=\"https:\/\/bepic.com\/patchquantiquefrance\" target=\"_blank\" rel=\"noopener\">Bepic<\/a> es muy amplia y no era posible almacenar y distribuir todos los productos Bepic desde nuestras instalaciones en Breta\u00f1a. Por lo tanto, decidimos centrarnos \u00fanicamente en los parches Allevi8 Pro, que gozan de un \u00e9xito mundial en m\u00e1s de 120 pa\u00edses.<\/p>\t\t\t\t\t\t\t\t<\/div>\n\t\t\t\t<div class=\"elementor-element elementor-element-5c97c01 elementor-widget elementor-widget-heading\" data-id=\"5c97c01\" data-element_type=\"widget\" data-e-type=\"widget\" data-widget_type=\"heading.default\">\n\t\t\t\t\t<h2 class=\"elementor-heading-title elementor-size-default\">Los servicios de Patch Quantique France<\/h2>\t\t\t\t<\/div>\n\t\t\t\t<div class=\"elementor-element elementor-element-e14d4a7 elementor-widget elementor-widget-text-editor\" data-id=\"e14d4a7\" data-element_type=\"widget\" data-e-type=\"widget\" data-widget_type=\"text-editor.default\">\n\t\t\t\t\t\t\t\t\t<ul class=\"avec-puce\">\n \t<li><a href=\"https:\/\/patchquantique-france.fr\/es\/patch-quantique\/\">Varios programas de parches disponibles a precios reducidos<\/a><\/li>\n \t<li>Entrega en 2 d\u00edas en toda Francia (y en unos d\u00edas en toda Europa). Entrega y embalaje cuidados.<\/li>\n \t<li>Hoja de seguimiento personalizada para registrar sus progresos en relaci\u00f3n con su problema e implicarle en el proceso de alivio de su dolor.<\/li>\n \t<li><a href=\"https:\/\/patchquantique-france.fr\/es\/le-programme-fidelite-affiliation-de-patch-quantique-france\/\">Programa de fidelidad que le recompensa por cada compra<\/a><\/li>\n \t<li>Patrocinio y afiliaci\u00f3n<\/a> para que tus amigos y familiares puedan beneficiarse de los programas Allevi8 en las mejores condiciones mientras t\u00fa ganas puntos<\/li>\n \t<li><a href=\"https:\/\/patchquantique-france.fr\/es\/rejoignez-b-epic\/\">Posibilidad de integrarse en la empresa global B-Epic.<\/a> y distribuir los parches cu\u00e1nticos Allevi8 Pro del Dr. Minsoo Kim. Te beneficiar\u00e1s de todo el apoyo de la red Quantum Patch France, as\u00ed como de numerosos recursos que te ayudar\u00e1n a prosperar en tu negocio.<\/li>\n<\/ul>\t\t\t\t\t\t\t\t<\/div>\n\t\t\t\t<div class=\"elementor-element elementor-element-756e7f6 elementor-widget elementor-widget-text-editor\" data-id=\"756e7f6\" data-element_type=\"widget\" data-e-type=\"widget\" data-widget_type=\"text-editor.default\">\n\t\t\t\t\t\t\t\t\t<p>\u00a1Sus parches cu\u00e1nticos Allevi8 se entregan en 2-3 d\u00edas en toda Francia (y en menos de una semana en toda Europa)!<\/p><p>Nuestro stock de parches cu\u00e1nticos Allevi8 pro est\u00e1 siempre fresco y los sobres opacos herm\u00e9ticamente sellados garantizan que los productos sean de la m\u00e1xima calidad.<\/p><p>Esto es todo lo que podemos decir sobre Patch Quantique France. No dude en <a title=\"Contacto Patch Quantique Francia\" href=\"https:\/\/patchquantique-france.fr\/es\/contactez-nous\/\">Contacto<\/a> para saber m\u00e1s.<\/p>\t\t\t\t\t\t\t\t<\/div>\n\t\t\t\t\t<\/div>\n\t\t\t\t<\/div>\n\t\t\t\t<\/div>","protected":false},"excerpt":{"rendered":"<p>Pourquoi Patch Quantique France, distributeur B-Epic ind\u00e9pendant ? Nous travaillons depuis plus de 20 ans dans le domaine de la &#8220;sant\u00e9 naturelle&#8221; et g\u00e9rons plusieurs sites d\u00e9di\u00e9s au mieux-\u00eatre par des m\u00e9thodes non agressives. Nous sommes \u00e9galement bien \u00e9tablis dans le domaine de l&#8217;\u00e9nerg\u00e9tique au service de la sant\u00e9 \u00e0 travers EauVie. Utilisateurs depuis une [&hellip;]<\/p>\n","protected":false},"author":1,"featured_media":253901,"parent":0,"menu_order":0,"comment_status":"closed","ping_status":"closed","template":"","meta":{"footnotes":""},"info_patch_cat":[135],"class_list":["post-253417","page","type-page","status-publish","has-post-thumbnail","hentry","info_patch_cat-patchs-quantiques-allevi8-pro"],"_links":{"self":[{"href":"https:\/\/patchquantique-france.fr\/es\/wp-json\/wp\/v2\/pages\/253417","targetHints":{"allow":["GET"]}}],"collection":[{"href":"https:\/\/patchquantique-france.fr\/es\/wp-json\/wp\/v2\/pages"}],"about":[{"href":"https:\/\/patchquantique-france.fr\/es\/wp-json\/wp\/v2\/types\/page"}],"author":[{"embeddable":true,"href":"https:\/\/patchquantique-france.fr\/es\/wp-json\/wp\/v2\/users\/1"}],"replies":[{"embeddable":true,"href":"https:\/\/patchquantique-france.fr\/es\/wp-json\/wp\/v2\/comments?post=253417"}],"version-history":[{"count":10,"href":"https:\/\/patchquantique-france.fr\/es\/wp-json\/wp\/v2\/pages\/253417\/revisions"}],"predecessor-version":[{"id":253545,"href":"https:\/\/patchquantique-france.fr\/es\/wp-json\/wp\/v2\/pages\/253417\/revisions\/253545"}],"wp:featuredmedia":[{"embeddable":true,"href":"https:\/\/patchquantique-france.fr\/es\/wp-json\/wp\/v2\/media\/253901"}],"wp:attachment":[{"href":"https:\/\/patchquantique-france.fr\/es\/wp-json\/wp\/v2\/media?parent=253417"}],"wp:term":[{"taxonomy":"info_patch_cat","embeddable":true,"href":"https:\/\/patchquantique-france.fr\/es\/wp-json\/wp\/v2\/info_patch_cat?post=253417"}],"curies":[{"name":"wp","href":"https:\/\/api.w.org\/{rel}","templated":true}]}}