{"id":250763,"date":"2024-10-13T18:40:14","date_gmt":"2024-10-13T16:40:14","guid":{"rendered":"https:\/\/patchquantique-france.fr\/?page_id=250763"},"modified":"2026-01-03T14:54:25","modified_gmt":"2026-01-03T13:54:25","slug":"gingembre-un-superaliment-remarquable","status":"publish","type":"page","link":"https:\/\/patchquantique-france.fr\/es\/gingembre-un-superaliment-remarquable\/","title":{"rendered":"Jengibre: un superalimento extraordinario"},"content":{"rendered":"<div data-elementor-type=\"wp-page\" data-elementor-id=\"250763\" class=\"elementor elementor-250763\" data-elementor-post-type=\"page\">\n\t\t\t\t<div class=\"elementor-element elementor-element-b8ab027 e-flex e-con-boxed e-con e-parent\" data-id=\"b8ab027\" data-element_type=\"container\" data-e-type=\"container\">\n\t\t\t\t\t<div class=\"e-con-inner\">\n\t\t\t\t<div class=\"elementor-element elementor-element-bf66304 elementor-widget elementor-widget-text-editor\" data-id=\"bf66304\" data-element_type=\"widget\" data-e-type=\"widget\" data-widget_type=\"text-editor.default\">\n\t\t\t\t\t\t\t\t\t<p>El jengibre, una ra\u00edz utilizada desde hace milenios por sus propiedades medicinales y culinarias, es un aut\u00e9ntico tesoro para la salud. Perteneciente a la familia de las Zingiber\u00e1ceas, esta planta originaria del sudeste asi\u00e1tico se consume hoy en d\u00eda en todo el mundo en diversas formas: fresco, seco, en polvo, en infusi\u00f3n o en forma de aceite esencial. Adem\u00e1s de su caracter\u00edstico sabor picante, el jengibre es conocido por sus beneficios terap\u00e9uticos, que afectan a varios aspectos de la salud, desde la digesti\u00f3n hasta la inmunidad, pasando por la lucha contra las inflamaciones y las infecciones. En este art\u00edculo, exploraremos en profundidad las m\u00faltiples propiedades medicinales del jengibre y por qu\u00e9 es un ingrediente de elecci\u00f3n para la salud natural.<\/p><h3>1. Origen y descripci\u00f3n del jengibre<\/h3><p>El jengibre (Zingiber officinale) es una planta perenne cuya parte m\u00e1s utilizada es el rizoma, una ra\u00edz carnosa y nudosa de potente aroma. Originaria de las regiones tropicales de Asia, se cultiva desde hace m\u00e1s de 3.000 a\u00f1os por sus usos culinarios y medicinales. A lo largo de los siglos, el jengibre ha pasado a formar parte de la medicina tradicional de muchos pa\u00edses, sobre todo India, China y el Caribe, donde es ampliamente reconocido por sus propiedades digestivas, antioxidantes y antiinflamatorias.<\/p><h3>2. Principios activos del jengibre<\/h3><p>Los beneficios del jengibre se atribuyen en gran medida a sus compuestos bioactivos, en particular el <strong>gingeroles<\/strong> y <strong>shogaols<\/strong>, que le confieren su sabor picante y sus propiedades medicinales. Estos compuestos tienen potentes efectos sobre la digesti\u00f3n, la inflamaci\u00f3n y el control del dolor. Adem\u00e1s, el jengibre contiene una gran cantidad de antioxidantes, que ayudan a proteger las c\u00e9lulas del estr\u00e9s oxidativo, contribuyendo as\u00ed a la prevenci\u00f3n de numerosas enfermedades cr\u00f3nicas.<\/p><h3>3. Las propiedades medicinales del jengibre<\/h3><h4>3.1. Un potente antiinflamatorio y analg\u00e9sico<\/h4><p>Una de las propiedades m\u00e1s estudiadas del jengibre es su efecto antiinflamatorio. Gracias a los gingeroles, el jengibre puede reducir la inflamaci\u00f3n, especialmente en enfermedades cr\u00f3nicas como la artritis. Act\u00faa inhibiendo las mol\u00e9culas inflamatorias del organismo, lo que ayuda a aliviar los dolores articulares y musculares. Numerosos estudios han demostrado que el consumo regular de jengibre puede reducir los s\u00edntomas de la artritis y otras afecciones inflamatorias.<\/p><h4>3.2. Mejorar la digesti\u00f3n<\/h4><p>El jengibre es conocido sobre todo por sus efectos beneficiosos sobre el aparato digestivo. Se utiliza desde hace mucho tiempo para tratar las n\u00e1useas, la hinchaz\u00f3n y la indigesti\u00f3n. Sus propiedades carminativas ayudan a reducir los gases intestinales y estimulan la digesti\u00f3n. El jengibre tambi\u00e9n es muy eficaz contra las n\u00e1useas, ya sean causadas por el mareo, el embarazo o tratamientos como la quimioterapia. A menudo se recomienda una infusi\u00f3n de jengibre despu\u00e9s de una comida copiosa para facilitar la digesti\u00f3n y prevenir problemas digestivos.<\/p><h4>3.3. Fortalecimiento del sistema inmunitario<\/h4><p>Debido a su alto contenido en antioxidantes y sus propiedades antiinflamatorias, el jengibre ayuda a fortalecer el sistema inmunol\u00f3gico. Estimula la producci\u00f3n de c\u00e9lulas inmunitarias y combate las infecciones. Por eso, el jengibre se utiliza a menudo como remedio natural para el dolor de garganta, la tos y los resfriados. Su capacidad para calentar el cuerpo tambi\u00e9n ayuda a eliminar toxinas y mejorar la circulaci\u00f3n sangu\u00ednea, lo que permite al cuerpo combatir mejor las infecciones.<\/p><h4>3.4. Control de infecciones y efecto antibacteriano<\/h4><p>El jengibre tambi\u00e9n tiene propiedades antibacterianas y antivirales. Diversos estudios han demostrado que sus compuestos activos son capaces de inhibir el crecimiento de diferentes bacterias pat\u00f3genas, en particular las responsables de infecciones bucales y respiratorias. El aceite esencial de jengibre tambi\u00e9n se utiliza para tratar infecciones cut\u00e1neas leves y desinfectar peque\u00f1as heridas.<\/p><h4>3.5. Reducci\u00f3n del colesterol y protecci\u00f3n cardiovascular<\/h4><p>El consumo de jengibre tiene un efecto beneficioso sobre la salud cardiovascular, especialmente al ayudar a reducir los niveles de colesterol LDL (colesterol \u201cmalo\u201d). Al regular los niveles de l\u00edpidos en sangre, el jengibre ayuda a prevenir la acumulaci\u00f3n de grasas en las arterias, reduciendo as\u00ed el riesgo de aterosclerosis. Adem\u00e1s, favorece una mejor circulaci\u00f3n sangu\u00ednea y puede ayudar a regular la presi\u00f3n arterial, lo que contribuye a una mejor salud card\u00edaca en general.<\/p><h4>3.6. Propiedades antioxidantes y prevenci\u00f3n de enfermedades cr\u00f3nicas<\/h4><p>Gracias a sus potentes antioxidantes, el jengibre protege las c\u00e9lulas contra el da\u00f1o causado por los radicales libres, responsables del envejecimiento celular y de numerosas enfermedades cr\u00f3nicas, como el c\u00e1ncer, las enfermedades card\u00edacas y neurodegenerativas. Al neutralizar estos radicales libres, el jengibre ayuda a ralentizar el envejecimiento celular y a prevenir la aparici\u00f3n de estas graves patolog\u00edas.<\/p><h3>4. El jengibre y sus aplicaciones modernas<\/h3><p>Hoy en d\u00eda, el jengibre se integra en numerosos productos por sus propiedades beneficiosas, ya sea en forma de infusiones, c\u00e1psulas, aceites esenciales o incluso productos como los <strong>parches cu\u00e1nticos<\/strong>que utilizan ingredientes naturales para mejorar la salud y el bienestar. Por ejemplo, el jengibre es uno de los ingredientes utilizados en productos innovadores como <strong>Parche cu\u00e1ntico Allevi8 Pro<\/strong>, dise\u00f1ado para aliviar el dolor y favorecer la relajaci\u00f3n. <a href=\"https:\/\/patchquantique-france.fr\/es\/commander-patch-quantique-allevi8pro\/\">Este parche<\/a> combina las propiedades del jengibre con otros ingredientes para ofrecer un alivio r\u00e1pido y duradero. Para obtener m\u00e1s informaci\u00f3n, puede consultar la p\u00e1gina dedicada aqu\u00ed.<\/p><h3>5. \u00bfC\u00f3mo debo utilizar el jengibre a diario?<\/h3><p>El jengibre es un alimento vers\u00e1til y f\u00e1cil de incorporar a la dieta diaria. Puede tomarse en infusi\u00f3n, a\u00f1adirse a platos cocinados o utilizarse como suplemento en forma de c\u00e1psulas o polvo. Para aprovechar sus beneficios digestivos, lo ideal es una infusi\u00f3n de jengibre fresco despu\u00e9s de las comidas. Para las n\u00e1useas o los resfriados, una peque\u00f1a dosis de jengibre crudo o en polvo puede proporcionar un alivio r\u00e1pido. Para quienes deseen beneficiarse de sus efectos antiinflamatorios, se recomiendan los suplementos de jengibre estandarizados que contienen gingeroles.<\/p><h3>6. Precauciones y contraindicaciones<\/h3><p>Aunque el jengibre se considera seguro para la mayor\u00eda de la gente, puede provocar efectos secundarios indeseables en algunas personas, sobre todo en dosis elevadas. Por ejemplo, ardor de est\u00f3mago, irritaci\u00f3n de la boca y molestias digestivas leves. Adem\u00e1s, el jengibre puede interactuar con ciertos medicamentos, sobre todo los anticoagulantes, aumentando el riesgo de hemorragias. Por ello, es aconsejable consultar a un profesional de la salud antes de consumir jengibre con regularidad, sobre todo si se est\u00e1 tomando medicaci\u00f3n o se est\u00e1 embarazada.<\/p><h3>Conclusi\u00f3n<\/h3><p>El jengibre es sin duda uno de los superalimentos m\u00e1s potentes y vers\u00e1tiles que ofrece la naturaleza. Sus propiedades antiinflamatorias, digestivas, inmunitarias y antioxidantes lo convierten en un gran aliado para mejorar la salud en general. Ya sea para calmar las n\u00e1useas, aliviar dolores inflamatorios o simplemente para reforzar el sistema inmunitario, el jengibre es una soluci\u00f3n natural para muchas dolencias. Incluido en productos como <strong>Parche cu\u00e1ntico Allevi8 Pro<\/strong>Ofrece un enfoque hol\u00edstico para mejorar el bienestar y aliviar el dolor.<\/p>\t\t\t\t\t\t\t\t<\/div>\n\t\t\t\t\t<\/div>\n\t\t\t\t<\/div>\n\t\t\t\t<\/div>","protected":false},"excerpt":{"rendered":"<p>Le gingembre, racine utilis\u00e9e depuis des mill\u00e9naires pour ses vertus m\u00e9dicinales et ses qualit\u00e9s culinaires, est un v\u00e9ritable tr\u00e9sor pour la sant\u00e9. Issu de la famille des Zingib\u00e9rac\u00e9es, cette plante originaire d\u2019Asie du Sud-Est est aujourd\u2019hui consomm\u00e9e dans le monde entier sous diverses formes : frais, s\u00e9ch\u00e9, en poudre, en infusion, ou sous forme d&#8217;huile [&hellip;]<\/p>\n","protected":false},"author":1,"featured_media":74,"parent":0,"menu_order":0,"comment_status":"closed","ping_status":"closed","template":"","meta":{"footnotes":""},"info_patch_cat":[135],"class_list":["post-250763","page","type-page","status-publish","has-post-thumbnail","hentry","info_patch_cat-patchs-quantiques-allevi8-pro"],"_links":{"self":[{"href":"https:\/\/patchquantique-france.fr\/es\/wp-json\/wp\/v2\/pages\/250763","targetHints":{"allow":["GET"]}}],"collection":[{"href":"https:\/\/patchquantique-france.fr\/es\/wp-json\/wp\/v2\/pages"}],"about":[{"href":"https:\/\/patchquantique-france.fr\/es\/wp-json\/wp\/v2\/types\/page"}],"author":[{"embeddable":true,"href":"https:\/\/patchquantique-france.fr\/es\/wp-json\/wp\/v2\/users\/1"}],"replies":[{"embeddable":true,"href":"https:\/\/patchquantique-france.fr\/es\/wp-json\/wp\/v2\/comments?post=250763"}],"version-history":[{"count":7,"href":"https:\/\/patchquantique-france.fr\/es\/wp-json\/wp\/v2\/pages\/250763\/revisions"}],"predecessor-version":[{"id":253731,"href":"https:\/\/patchquantique-france.fr\/es\/wp-json\/wp\/v2\/pages\/250763\/revisions\/253731"}],"wp:featuredmedia":[{"embeddable":true,"href":"https:\/\/patchquantique-france.fr\/es\/wp-json\/wp\/v2\/media\/74"}],"wp:attachment":[{"href":"https:\/\/patchquantique-france.fr\/es\/wp-json\/wp\/v2\/media?parent=250763"}],"wp:term":[{"taxonomy":"info_patch_cat","embeddable":true,"href":"https:\/\/patchquantique-france.fr\/es\/wp-json\/wp\/v2\/info_patch_cat?post=250763"}],"curies":[{"name":"wp","href":"https:\/\/api.w.org\/{rel}","templated":true}]}}