{"id":250759,"date":"2024-10-13T18:28:54","date_gmt":"2024-10-13T16:28:54","guid":{"rendered":"https:\/\/patchquantique-france.fr\/?page_id=250759"},"modified":"2026-01-03T14:54:36","modified_gmt":"2026-01-03T13:54:36","slug":"ginseng-un-tresor-medicinal-millenaire","status":"publish","type":"page","link":"https:\/\/patchquantique-france.fr\/es\/ginseng-un-tresor-medicinal-millenaire\/","title":{"rendered":"Ginseng: un tesoro medicinal milenario"},"content":{"rendered":"<div data-elementor-type=\"wp-page\" data-elementor-id=\"250759\" class=\"elementor elementor-250759\" data-elementor-post-type=\"page\">\n\t\t\t\t<div class=\"elementor-element elementor-element-e046fac e-flex e-con-boxed e-con e-parent\" data-id=\"e046fac\" data-element_type=\"container\" data-e-type=\"container\">\n\t\t\t\t\t<div class=\"e-con-inner\">\n\t\t\t\t<div class=\"elementor-element elementor-element-0fdc3b2 elementor-widget elementor-widget-text-editor\" data-id=\"0fdc3b2\" data-element_type=\"widget\" data-e-type=\"widget\" data-widget_type=\"text-editor.default\">\n\t\t\t\t\t\t\t\t\t<p>El ginseng, una ra\u00edz legendaria de origen asi\u00e1tico, se utiliza desde hace m\u00e1s de 2000 a\u00f1os en la medicina tradicional china, coreana y japonesa por sus innumerables beneficios para la salud. Perteneciente a la familia de las Araliaceae, el ginseng es conocido por sus propiedades adapt\u00f3genas, es decir, su capacidad para ayudar al cuerpo a gestionar mejor el estr\u00e9s y restablecer un equilibrio fisiol\u00f3gico \u00f3ptimo. Este potente remedio natural sigue despertando el inter\u00e9s de la ciencia moderna por sus efectos sobre la vitalidad, el sistema inmunol\u00f3gico y mucho m\u00e1s. En este art\u00edculo, exploraremos en profundidad las virtudes medicinales del ginseng y por qu\u00e9 es tan apreciado hoy en d\u00eda, especialmente en productos como el <strong><a href=\"https:\/\/patchquantique-france.fr\/es\/commander-patch-quantique-allevi8pro\/\">parche cu\u00e1ntico<\/a> Allevi8 Pro<\/strong>, disponible en esta p\u00e1gina.<\/p><h3>1. Origen y descripci\u00f3n del ginseng<\/h3><p>El t\u00e9rmino \u201cginseng\u201d deriva de la palabra china \u201cr\u00e9nsh\u0113n\u201d, que significa \u201cra\u00edz-hombre\u201d, en referencia a la forma antropom\u00f3rfica que puede adoptar esta ra\u00edz. Aunque existen varias variedades de ginseng, los dos tipos m\u00e1s utilizados son el <strong>Ginseng asi\u00e1tico (Panax ginseng)<\/strong> y el <strong>Ginseng americano (Panax quinquefolius)<\/strong>. El primero se cultiva ampliamente en China, Corea y Jap\u00f3n, mientras que el segundo crece de forma natural en algunas regiones de Estados Unidos y Canad\u00e1. Aunque los dos tipos comparten propiedades similares, el ginseng asi\u00e1tico tiene fama de ser m\u00e1s estimulante, mientras que el americano suele considerarse m\u00e1s calmante.<\/p><h3>2. Los principios activos del ginseng<\/h3><p>Los beneficios del ginseng se atribuyen a unos compuestos bioactivos llamados <strong>ginsen\u00f3sidos<\/strong>. Estas sustancias, presentes en la ra\u00edz, son responsables de los efectos adapt\u00f3genos, antiinflamatorios y antioxidantes del ginseng. Los ginsen\u00f3sidos ayudan a reforzar la resistencia del organismo frente a las agresiones externas, ya sean f\u00edsicas o mentales, favoreciendo el equilibrio general del organismo. El ginseng tambi\u00e9n contiene polisac\u00e1ridos y p\u00e9ptidos que contribuyen a mejorar las funciones inmunitarias y a reducir la fatiga.<\/p><h3>3. Las propiedades medicinales del ginseng<\/h3><h4>3.1. Mejora de la vitalidad y la energ\u00eda<\/h4><p>El ginseng se utiliza tradicionalmente como t\u00f3nico para aumentar la energ\u00eda, la vitalidad y la resistencia a la fatiga. Este efecto es especialmente beneficioso para las personas que sufren agotamiento o fatiga cr\u00f3nica. Varios estudios cl\u00ednicos han demostrado que el ginseng mejora el rendimiento f\u00edsico y mental al actuar sobre la resistencia, la concentraci\u00f3n y la memoria. Esta acci\u00f3n lo convierte en un valioso aliado para los deportistas y las personas activas que buscan aumentar de forma natural sus niveles de energ\u00eda.<\/p><h4>3.2. Reforzar el sistema inmunitario<\/h4><p>Durante per\u00edodos de convalecencia o estr\u00e9s elevado, el ginseng puede ayudar a fortalecer el sistema inmunitario. Las investigaciones han demostrado que esta ra\u00edz estimula la producci\u00f3n de c\u00e9lulas inmunitarias, como los macr\u00f3fagos y los linfocitos, mejorando as\u00ed la respuesta inmunitaria. Estas propiedades son especialmente \u00fatiles para prevenir infecciones y acelerar la recuperaci\u00f3n tras una enfermedad. Por ello, el ginseng se recomienda a menudo durante el invierno o en caso de disminuci\u00f3n de las defensas inmunitarias.<\/p><h4>3.3. Reducci\u00f3n del estr\u00e9s y la ansiedad<\/h4><p>Las propiedades adapt\u00f3genas del ginseng permiten gestionar mejor el estr\u00e9s, ya sea emocional o f\u00edsico. Al favorecer el equilibrio de las hormonas del estr\u00e9s, como el cortisol, el ginseng ayuda a reducir la ansiedad y a favorecer un estado de relajaci\u00f3n. Su consumo regular puede contribuir a mejorar la calidad del sue\u00f1o, disminuir la irritabilidad y aumentar la resistencia frente a situaciones estresantes. Esta funci\u00f3n reguladora del estr\u00e9s lo convierte en un complemento ideal para la ajetreada vida moderna.<\/p><h4>3.4. Apoyo cognitivo y prevenci\u00f3n de trastornos neurodegenerativos<\/h4><p>La capacidad del ginseng para mejorar las funciones cognitivas es otra de sus principales ventajas. Al mejorar la circulaci\u00f3n sangu\u00ednea cerebral, el ginseng estimula la memoria, la concentraci\u00f3n y la claridad mental. Estos efectos beneficiosos son especialmente notables en las personas mayores, en las que el ginseng puede ayudar a prevenir el deterioro cognitivo relacionado con la edad. Adem\u00e1s, las propiedades antioxidantes de los ginsen\u00f3sidos protegen las c\u00e9lulas cerebrales del da\u00f1o oxidativo, lo que contribuye a la prevenci\u00f3n de enfermedades neurodegenerativas como el Alzheimer.<\/p><h4>3.5. Regulaci\u00f3n de la glucemia<\/h4><p>El ginseng, en particular el ginseng americano, es conocido por sus efectos beneficiosos sobre la regulaci\u00f3n de la glucemia. Ayuda a mejorar la sensibilidad a la insulina y a regular los niveles de glucosa en sangre, lo que resulta especialmente beneficioso para las personas con diabetes tipo 2. Los estudios han demostrado que el ginseng puede ayudar a estabilizar los picos de glucosa en sangre despu\u00e9s de las comidas, reduciendo as\u00ed las complicaciones asociadas a la hiperglucemia cr\u00f3nica.<\/p><h4>3.6. Mejorar la salud cardiovascular<\/h4><p>Los beneficios del ginseng no terminan ah\u00ed. Esta ra\u00edz tambi\u00e9n es beneficiosa para el sistema cardiovascular. Ayuda a reducir la presi\u00f3n arterial y a mejorar la circulaci\u00f3n sangu\u00ednea. Algunos ginsen\u00f3sidos incluso se asocian con una disminuci\u00f3n del colesterol malo (LDL) y un aumento del colesterol bueno (HDL), lo que contribuye a la prevenci\u00f3n de enfermedades cardiovasculares. Gracias a sus propiedades antiinflamatorias, el ginseng tambi\u00e9n ayuda a prevenir la aterosclerosis, una afecci\u00f3n caracterizada por la acumulaci\u00f3n de placas en las arterias.<\/p><h3>4. Ginseng en el parche Allevi8 Pro Quantum<\/h3><p>El ginseng es uno de los componentes clave del <strong>Parche cu\u00e1ntico Allevi8 Pro<\/strong>, un producto innovador dise\u00f1ado para ayudar a aliviar el dolor y mejorar el bienestar general. Este parche utiliza tecnolog\u00eda cu\u00e1ntica para liberar de forma espec\u00edfica los beneficios del ginseng y otros ingredientes naturales directamente en el cuerpo. Gracias a su composici\u00f3n \u00fanica, puede ayudar a aliviar los dolores musculares, reducir el estr\u00e9s y estimular la energ\u00eda. Para obtener m\u00e1s informaci\u00f3n sobre este revolucionario producto, puede visitar la p\u00e1gina dedicada a \u00e9l. <a href=\"https:\/\/patchquantique-france.fr\/es\/patch-quantique\/\" target=\"_new\" rel=\"noopener\">aqu\u00ed<\/a>.<\/p><h3>5. \u00bfC\u00f3mo puedo utilizar el ginseng a diario?<\/h3><p>El ginseng est\u00e1 disponible en diferentes formas: en polvo, en c\u00e1psulas, en infusi\u00f3n o incluso en forma de extracto l\u00edquido. Se recomienda consumirlo en curas, especialmente en per\u00edodos de fatiga o estr\u00e9s. Para las personas sanas, se recomienda generalmente una dosis diaria de 200 a 400 mg de extracto estandarizado. Sin embargo, es importante seguir las recomendaciones del fabricante y consultar a un profesional de la salud antes de comenzar un tratamiento, especialmente en caso de afecciones m\u00e9dicas espec\u00edficas.<\/p><h3>6. Precauciones y contraindicaciones<\/h3><p>Aunque el ginseng suele tolerarse bien, puede provocar algunos efectos secundarios, como insomnio, dolores de cabeza o trastornos digestivos, sobre todo en caso de consumo excesivo. Adem\u00e1s, pueden producirse ciertas interacciones con otros medicamentos, especialmente con anticoagulantes o medicamentos para la diabetes. Por lo tanto, se recomienda consultar siempre a un profesional de la salud antes de incorporar el ginseng a su rutina.<\/p><h3>Conclusi\u00f3n<\/h3><p>Gracias a sus propiedades adapt\u00f3genas, inmunoestimulantes y revitalizantes, el ginseng es un aliado natural para mejorar la vitalidad y la salud en general. Ya sea para combatir la fatiga, reforzar el sistema inmunitario o prevenir enfermedades cardiovasculares, esta ra\u00edz milenaria sigue demostrando su eficacia. Incorporada a productos innovadores como <strong>Parche cu\u00e1ntico Allevi8 Pro<\/strong>Ofrece un enfoque natural y eficaz para optimizar el bienestar diario.<\/p>\t\t\t\t\t\t\t\t<\/div>\n\t\t\t\t\t<\/div>\n\t\t\t\t<\/div>\n\t\t\t\t<\/div>","protected":false},"excerpt":{"rendered":"<p>Le ginseng, racine l\u00e9gendaire d&#8217;origine asiatique, est utilis\u00e9 depuis plus de 2000 ans dans les m\u00e9decines traditionnelles chinoise, cor\u00e9enne et japonaise pour ses innombrables bienfaits sur la sant\u00e9. Appartenant \u00e0 la famille des Araliac\u00e9es, le ginseng est r\u00e9put\u00e9 pour ses propri\u00e9t\u00e9s adaptog\u00e8nes, c&#8217;est-\u00e0-dire sa capacit\u00e9 \u00e0 aider le corps \u00e0 mieux g\u00e9rer le stress et [&hellip;]<\/p>\n","protected":false},"author":1,"featured_media":72,"parent":0,"menu_order":0,"comment_status":"closed","ping_status":"closed","template":"","meta":{"footnotes":""},"info_patch_cat":[135],"class_list":["post-250759","page","type-page","status-publish","has-post-thumbnail","hentry","info_patch_cat-patchs-quantiques-allevi8-pro"],"_links":{"self":[{"href":"https:\/\/patchquantique-france.fr\/es\/wp-json\/wp\/v2\/pages\/250759","targetHints":{"allow":["GET"]}}],"collection":[{"href":"https:\/\/patchquantique-france.fr\/es\/wp-json\/wp\/v2\/pages"}],"about":[{"href":"https:\/\/patchquantique-france.fr\/es\/wp-json\/wp\/v2\/types\/page"}],"author":[{"embeddable":true,"href":"https:\/\/patchquantique-france.fr\/es\/wp-json\/wp\/v2\/users\/1"}],"replies":[{"embeddable":true,"href":"https:\/\/patchquantique-france.fr\/es\/wp-json\/wp\/v2\/comments?post=250759"}],"version-history":[{"count":7,"href":"https:\/\/patchquantique-france.fr\/es\/wp-json\/wp\/v2\/pages\/250759\/revisions"}],"predecessor-version":[{"id":253735,"href":"https:\/\/patchquantique-france.fr\/es\/wp-json\/wp\/v2\/pages\/250759\/revisions\/253735"}],"wp:featuredmedia":[{"embeddable":true,"href":"https:\/\/patchquantique-france.fr\/es\/wp-json\/wp\/v2\/media\/72"}],"wp:attachment":[{"href":"https:\/\/patchquantique-france.fr\/es\/wp-json\/wp\/v2\/media?parent=250759"}],"wp:term":[{"taxonomy":"info_patch_cat","embeddable":true,"href":"https:\/\/patchquantique-france.fr\/es\/wp-json\/wp\/v2\/info_patch_cat?post=250759"}],"curies":[{"name":"wp","href":"https:\/\/api.w.org\/{rel}","templated":true}]}}