{"id":249951,"date":"2024-07-05T07:04:13","date_gmt":"2024-07-05T05:04:13","guid":{"rendered":"https:\/\/patchquantique-france.fr\/?page_id=249951"},"modified":"2026-01-03T09:51:08","modified_gmt":"2026-01-03T08:51:08","slug":"mantenimiento-del-sitio-web","status":"publish","type":"page","link":"https:\/\/patchquantique-france.fr\/es\/maintenance-du-site\/","title":{"rendered":"Mantenimiento del sitio"},"content":{"rendered":"<p>Para mejorar su experiencia en el sitio, estamos actualmente en mantenimiento.<\/p>\n\n\n\n<p>Volveremos muy pronto.<\/p>\n\n\n\n<p>Parche Quantique Francia.<\/p>","protected":false},"excerpt":{"rendered":"<p>Pour am\u00e9liorer votre exp\u00e9rience sur votre site, nous sommes actuellement en maintenance. Nous revenons tr\u00e8s vite. Patch Quantique France.<\/p>","protected":false},"author":1,"featured_media":0,"parent":0,"menu_order":0,"comment_status":"closed","ping_status":"closed","template":"","meta":{"footnotes":""},"info_patch_cat":[],"class_list":["post-249951","page","type-page","status-publish","hentry"],"_links":{"self":[{"href":"https:\/\/patchquantique-france.fr\/es\/wp-json\/wp\/v2\/pages\/249951","targetHints":{"allow":["GET"]}}],"collection":[{"href":"https:\/\/patchquantique-france.fr\/es\/wp-json\/wp\/v2\/pages"}],"about":[{"href":"https:\/\/patchquantique-france.fr\/es\/wp-json\/wp\/v2\/types\/page"}],"author":[{"embeddable":true,"href":"https:\/\/patchquantique-france.fr\/es\/wp-json\/wp\/v2\/users\/1"}],"replies":[{"embeddable":true,"href":"https:\/\/patchquantique-france.fr\/es\/wp-json\/wp\/v2\/comments?post=249951"}],"version-history":[{"count":1,"href":"https:\/\/patchquantique-france.fr\/es\/wp-json\/wp\/v2\/pages\/249951\/revisions"}],"predecessor-version":[{"id":253811,"href":"https:\/\/patchquantique-france.fr\/es\/wp-json\/wp\/v2\/pages\/249951\/revisions\/253811"}],"wp:attachment":[{"href":"https:\/\/patchquantique-france.fr\/es\/wp-json\/wp\/v2\/media?parent=249951"}],"wp:term":[{"taxonomy":"info_patch_cat","embeddable":true,"href":"https:\/\/patchquantique-france.fr\/es\/wp-json\/wp\/v2\/info_patch_cat?post=249951"}],"curies":[{"name":"wp","href":"https:\/\/api.w.org\/{rel}","templated":true}]}}