{"id":248603,"date":"2024-01-29T20:26:25","date_gmt":"2024-01-29T19:26:25","guid":{"rendered":"https:\/\/patchquantique-france.fr\/?page_id=248603"},"modified":"2026-01-03T09:55:13","modified_gmt":"2026-01-03T08:55:13","slug":"mention-legale-speciale","status":"publish","type":"page","link":"https:\/\/patchquantique-france.fr\/es\/mention-legale-speciale\/","title":{"rendered":"Aviso jur\u00eddico especial"},"content":{"rendered":"<div data-elementor-type=\"wp-page\" data-elementor-id=\"248603\" class=\"elementor elementor-248603\" data-elementor-post-type=\"page\">\n\t\t\t\t<div class=\"elementor-element elementor-element-5b39be1 e-flex e-con-boxed e-con e-parent\" data-id=\"5b39be1\" data-element_type=\"container\" data-e-type=\"container\">\n\t\t\t\t\t<div class=\"e-con-inner\">\n\t\t\t\t<div class=\"elementor-element elementor-element-83f8470 elementor-widget elementor-widget-text-editor\" data-id=\"83f8470\" data-element_type=\"widget\" data-e-type=\"widget\" data-widget_type=\"text-editor.default\">\n\t\t\t\t\t\t\t\t\t<p><strong>Por motivos legales, estamos obligados a declarar lo siguiente:<\/strong><\/p><p class=\"has-vivid-red-color has-text-color\">El uso de nuestros productos no debe suponer la interrupci\u00f3n del tratamiento por parte del m\u00e9dico o natur\u00f3pata en caso de problema de salud.\u00a0<strong>No damos consejos m\u00e9dicos<\/strong>.<\/p><p>En el caso de muchos m\u00e9todos m\u00e9dicos alternativos, su eficacia a\u00fan no ha sido demostrada seg\u00fan criterios cient\u00edficos. Esto se aplica tambi\u00e9n, en particular, a los parches Allevi8 Pro y a las placas de energ\u00eda Tesla.<\/p><p>Seg\u00fan las conclusiones de la ciencia acad\u00e9mica, las vibraciones sutiles y la energ\u00eda org\u00f3nica o taqui\u00f3nica no existen. En consecuencia, las ciencias naturales no consideran posible que los campos vibratorios sutiles y la energ\u00eda taqui\u00f3nica u org\u00f3nica influyan en el bienestar f\u00edsico.<\/p><p><strong>Insistimos expresamente en que no prometemos ning\u00fan efecto curativo.<\/strong>. Todas las propiedades de nuestros productos mencionadas se basan en la experiencia adquirida en el uso pr\u00e1ctico. Sin embargo, no pueden confirmarse con m\u00e9todos de medici\u00f3n previamente reconocidos. De hecho, los m\u00e9todos de medici\u00f3n que pueden probar el efecto no est\u00e1n reconocidos seg\u00fan las normas cient\u00edficas actuales.<\/p><p>Por lo tanto, nos gustar\u00eda se\u00f1alar que nuestros productos s\u00f3lo pueden producir efectos placebo seg\u00fan los conocimientos cient\u00edficos actuales. El uso para el tratamiento de enfermedades o de conformidad con la ley sobre productos sanitarios est\u00e1 expresamente prohibido por nosotros y no est\u00e1 previsto.<\/p><p>No nos hacemos responsables de que los dispositivos tengan las capacidades anunciadas por sus inventores. El uso de los parches Allevi8 Pro o los productos Tesla no debe dar lugar a la interrupci\u00f3n del tratamiento por parte del m\u00e9dico o natur\u00f3pata en caso de problemas de salud. No ofrecemos ning\u00fan tipo de asesoramiento m\u00e9dico. No nos hacemos responsables de la eficacia de nuestros productos. El usuario es responsable del uso y la elecci\u00f3n de la aplicaci\u00f3n adecuada.<\/p><p>Le agradecemos la confianza depositada en nosotros y le deseamos lo mejor en el uso de nuestros productos. Si tiene alguna pregunta, p\u00f3ngase en contacto con\u00a0<a href=\"https:\/\/patchquantique-france.fr\/es\/contactez-nous\/\">Contacto<\/a>.<\/p>\t\t\t\t\t\t\t\t<\/div>\n\t\t\t\t\t<\/div>\n\t\t\t\t<\/div>\n\t\t\t\t<\/div>","protected":false},"excerpt":{"rendered":"<p>Pour des raisons l\u00e9gales, nous sommes tenus de d\u00e9clarer ce qui suit : L\u2019utilisation de nos produits ne doit pas entra\u00eener l\u2019arr\u00eat du traitement par le m\u00e9decin ou le naturopathe en cas de probl\u00e8me de sant\u00e9.\u00a0Nous ne donnons aucun avis m\u00e9dical. Avec de nombreuses m\u00e9thodes m\u00e9dicales alternatives, l\u2019efficacit\u00e9 selon des crit\u00e8res scientifiques n\u2019a pas encore [&hellip;]<\/p>\n","protected":false},"author":1,"featured_media":248606,"parent":0,"menu_order":0,"comment_status":"closed","ping_status":"closed","template":"","meta":{"footnotes":""},"info_patch_cat":[],"class_list":["post-248603","page","type-page","status-publish","has-post-thumbnail","hentry"],"_links":{"self":[{"href":"https:\/\/patchquantique-france.fr\/es\/wp-json\/wp\/v2\/pages\/248603","targetHints":{"allow":["GET"]}}],"collection":[{"href":"https:\/\/patchquantique-france.fr\/es\/wp-json\/wp\/v2\/pages"}],"about":[{"href":"https:\/\/patchquantique-france.fr\/es\/wp-json\/wp\/v2\/types\/page"}],"author":[{"embeddable":true,"href":"https:\/\/patchquantique-france.fr\/es\/wp-json\/wp\/v2\/users\/1"}],"replies":[{"embeddable":true,"href":"https:\/\/patchquantique-france.fr\/es\/wp-json\/wp\/v2\/comments?post=248603"}],"version-history":[{"count":4,"href":"https:\/\/patchquantique-france.fr\/es\/wp-json\/wp\/v2\/pages\/248603\/revisions"}],"predecessor-version":[{"id":253815,"href":"https:\/\/patchquantique-france.fr\/es\/wp-json\/wp\/v2\/pages\/248603\/revisions\/253815"}],"wp:featuredmedia":[{"embeddable":true,"href":"https:\/\/patchquantique-france.fr\/es\/wp-json\/wp\/v2\/media\/248606"}],"wp:attachment":[{"href":"https:\/\/patchquantique-france.fr\/es\/wp-json\/wp\/v2\/media?parent=248603"}],"wp:term":[{"taxonomy":"info_patch_cat","embeddable":true,"href":"https:\/\/patchquantique-france.fr\/es\/wp-json\/wp\/v2\/info_patch_cat?post=248603"}],"curies":[{"name":"wp","href":"https:\/\/api.w.org\/{rel}","templated":true}]}}