{"id":247567,"date":"2023-09-27T15:59:55","date_gmt":"2023-09-27T13:59:55","guid":{"rendered":"https:\/\/patchquantique-france.fr\/?page_id=247567"},"modified":"2026-01-03T09:03:06","modified_gmt":"2026-01-03T08:03:06","slug":"les-ceramiques-em-du-dr-higa","status":"publish","type":"page","link":"https:\/\/patchquantique-france.fr\/es\/les-ceramiques-em-du-dr-higa\/","title":{"rendered":"Cer\u00e1mica EM del Dr. Higa"},"content":{"rendered":"<div data-elementor-type=\"wp-page\" data-elementor-id=\"247567\" class=\"elementor elementor-247567\" data-elementor-post-type=\"page\">\n\t\t\t\t<div class=\"elementor-element elementor-element-8f48862 e-flex e-con-boxed e-con e-parent\" data-id=\"8f48862\" data-element_type=\"container\" data-e-type=\"container\">\n\t\t\t\t\t<div class=\"e-con-inner\">\n\t\t\t\t<div class=\"elementor-element elementor-element-7fff43f elementor-widget elementor-widget-text-editor\" data-id=\"7fff43f\" data-element_type=\"widget\" data-e-type=\"widget\" data-widget_type=\"text-editor.default\">\n\t\t\t\t\t\t\t\t\t<h2>Cer\u00e1mica EM del Dr. Higa: una fusi\u00f3n de arte, tradici\u00f3n y tecnolog\u00eda<\/h2><p>Jap\u00f3n, conocido por su rica historia y su cultura profundamente arraigada, tiene una larga tradici\u00f3n cer\u00e1mica. Aunque la terracota y la porcelana suelen asociarse con la artesan\u00eda de diversas culturas, la cer\u00e1mica japonesa, en particular la cer\u00e1mica EM, ha adquirido una notoriedad especial a lo largo de los a\u00f1os.<\/p><h2>\u00bfQu\u00e9 son las cer\u00e1micas EM?<\/h2><p>EM significa \u201cMicroorganismos Eficaces\u201d. Se trata de una tecnolog\u00eda desarrollada para mejorar la salud del suelo, el agua y las plantas. En Jap\u00f3n, algunos artesanos han incorporado estos microorganismos beneficiosos a la cer\u00e1mica, creando as\u00ed productos que no solo son est\u00e9ticamente agradables, sino que tambi\u00e9n tienen ventajas funcionales para la salud y el medio ambiente.<\/p><h3>Or\u00edgenes e historia de la cer\u00e1mica EM<\/h3><p>La cer\u00e1mica en Jap\u00f3n se remonta a la \u00e9poca Jomon (14 000-300 a. C.), caracterizada por piezas de alfarer\u00eda decoradas con motivos cordados. A lo largo de los milenios, la cer\u00e1mica japonesa ha evolucionado, incorporando diferentes t\u00e9cnicas, motivos y formas. A mediados del siglo XX, el Dr. Teruo Higa introdujo la tecnolog\u00eda EM. Aunque su intenci\u00f3n inicial era mejorar la agricultura, la aplicaci\u00f3n de los EM se extendi\u00f3 r\u00e1pidamente a otros campos, incluida la cer\u00e1mica.<\/p><h3>Caracter\u00edsticas de la cer\u00e1mica EM<\/h3><p>Las cer\u00e1micas EM se diferencian de las cer\u00e1micas tradicionales principalmente por la presencia de estos microorganismos. Estas cer\u00e1micas se cuecen con EM, lo que les confiere propiedades antimicrobianas. Los usuarios creen que estas cer\u00e1micas pueden purificar el agua, mejorar la salud de la piel, aumentar la longevidad de los alimentos e incluso aumentar la vitalidad de las plantas.<\/p><h2>Aplicaciones y usos de la cer\u00e1mica EM<\/h2><p>Adem\u00e1s de los objetos de arte, las cer\u00e1micas EM se utilizan a menudo en la vida cotidiana. Se pueden encontrar en forma de joyas, objetos dom\u00e9sticos como jarras de agua, platos, cuencos e incluso ladrillos para la construcci\u00f3n. Los agricultores tambi\u00e9n utilizan las cer\u00e1micas EM para mejorar la calidad del agua y del suelo. Las aplicaciones m\u00e1s comunes son:<\/p><ul class=\"avec-puce\"><li><strong>Mejora de la calidad del agua<\/strong> (6 perlas en el fondo de la jarra): neutraliza el olor a cloro, elimina los restos de cal, revitaliza...<\/li><li><strong>Hervidor<\/strong> 5 perlas evitar\u00e1n la formaci\u00f3n de cal en el elemento calefactor<\/li><li><strong>Lavadoras y lavavajillas<\/strong> : unas cuantas perlas en una bolsita durante el ciclo de lavado limpiar\u00e1n el aparato.<\/li><li><strong>Combatir los malos olores<\/strong> (de 6 a 10 cuentas en la nevera, el armario de los zapatos, etc.)<\/li><li><strong>Plantas<\/strong> : unas cuantas perlas al pie de una planta reforzar\u00e1n su vitalidad y favorecer\u00e1n su crecimiento.<\/li><li><strong>Animales<\/strong> : 5 perlas en el fondo del comedero del perro o gato favorecer\u00e1n el apetito. Un collar de perlas (de 3 a 10, seg\u00fan el tama\u00f1o del animal) con una gota de aceite esencial de lavanda ahuyentar\u00e1 a los par\u00e1sitos, garrapatas y pulgas.<\/li><\/ul><h3>\u00a0<\/h3><h3>El impacto cultural y medioambiental<\/h3><p>La incorporaci\u00f3n de los EM en la cer\u00e1mica refleja el compromiso de Jap\u00f3n con la innovaci\u00f3n, al tiempo que preserva y honra la tradici\u00f3n. Esta armoniosa fusi\u00f3n de arte y tecnolog\u00eda representa la filosof\u00eda japonesa de respeto por la naturaleza y la b\u00fasqueda de una coexistencia beneficiosa con el medio ambiente.<\/p><p>La creciente popularidad de la cer\u00e1mica EM tambi\u00e9n se alinea con la tendencia mundial hacia productos ecol\u00f3gicos y sostenibles. Al ofrecer una alternativa natural a los productos qu\u00edmicos y pl\u00e1sticos, desempe\u00f1an un papel importante en la reducci\u00f3n de la contaminaci\u00f3n y la preservaci\u00f3n del planeta.<\/p><h2>Dr. Teruo Higa y Microorganismos Eficaces (EM)<\/h2><h3>Or\u00edgenes de MS:<\/h3><p>En la d\u00e9cada de 1980, el Dr. Teruo Higa, profesor de la Universidad de Ryukyus en Okinawa, Jap\u00f3n, descubri\u00f3 una combinaci\u00f3n de microorganismos anaer\u00f3bicos y aer\u00f3bicos que, cuando se utilizan juntos, han demostrado tener efectos beneficiosos para el crecimiento de las plantas. Estos microorganismos, agrupados bajo el nombre de \u201cMicroorganismos Eficaces\u201d o EM, han sido reconocidos por sus propiedades para mejorar la calidad del suelo, aumentar el crecimiento de las plantas e incluso purificar el agua.<\/p><p><img fetchpriority=\"high\" decoding=\"async\" class=\"wp-image-247696 alignnone size-full\" src=\"https:\/\/patchquantique-france.fr\/wp-content\/uploads\/2023\/10\/p_dr.higa_.jpg\" alt=\"Dr. Higa, creador de la cer\u00e1mica japonesa EM\" width=\"400\" height=\"394\" title=\"\" srcset=\"https:\/\/patchquantique-france.fr\/wp-content\/uploads\/2023\/10\/p_dr.higa_.jpg 400w, https:\/\/patchquantique-france.fr\/wp-content\/uploads\/2023\/10\/p_dr.higa_-300x296.jpg 300w, https:\/\/patchquantique-france.fr\/wp-content\/uploads\/2023\/10\/p_dr.higa_-96x96.jpg 96w, https:\/\/patchquantique-france.fr\/wp-content\/uploads\/2023\/10\/p_dr.higa_-42x42.jpg 42w, https:\/\/patchquantique-france.fr\/wp-content\/uploads\/2023\/10\/p_dr.higa_-60x60.jpg 60w, https:\/\/patchquantique-france.fr\/wp-content\/uploads\/2023\/10\/p_dr.higa_-100x100.jpg 100w\" sizes=\"(max-width: 400px) 100vw, 400px\" \/><\/p><h3>EM y Cer\u00e1mica:<\/h3><p>La idea de integrar los EM en la cer\u00e1mica surgi\u00f3 como un m\u00e9todo para prolongar los beneficios de estos microorganismos. Cuando los EM se cuecen en la cer\u00e1mica, quedan \u201catrapados\u201d en la estructura, lo que permite una liberaci\u00f3n lenta y continua de los efectos beneficiosos de los EM. Estas cer\u00e1micas pueden utilizarse para purificar el agua, aumentar la vida \u00fatil de los alimentos e incluso mejorar la salud de la piel.<\/p><p>Aunque el Dr. Higa no est\u00e1 directamente relacionado con la creaci\u00f3n de cer\u00e1micas EM, su descubrimiento de los microorganismos eficaces abri\u00f3 el camino a multitud de aplicaciones, incluida su incorporaci\u00f3n a la cer\u00e1mica. Gracias a su trabajo, una artesan\u00eda ancestral como la alfarer\u00eda puede ahora impregnarse de tecnolog\u00eda moderna, ofreciendo ventajas que van mucho m\u00e1s all\u00e1 de la simple est\u00e9tica.<\/p><h3>Conclusi\u00f3n<\/h3><p>Las cer\u00e1micas EM de Jap\u00f3n son un ejemplo elocuente de c\u00f3mo una antigua tradici\u00f3n puede adaptarse y evolucionar para responder a las necesidades cambiantes de la sociedad. Al fusionar el arte, la tradici\u00f3n y la tecnolog\u00eda, estas cer\u00e1micas no son solo objetos de arte o utilitarios, sino tambi\u00e9n testigos de la visi\u00f3n japonesa de una coexistencia armoniosa con la naturaleza. En un mundo en el que cada vez se valora m\u00e1s la sostenibilidad y el respeto por el medio ambiente, las cer\u00e1micas EM muestran el camino a seguir.<\/p><p>El Dr. Teruo Higa es, efectivamente, el pionero de la tecnolog\u00eda de los microorganismos eficaces (EM). Sin embargo, es importante se\u00f1alar que su principal contribuci\u00f3n no est\u00e1 directamente relacionada con la cer\u00e1mica, sino m\u00e1s bien con la introducci\u00f3n y popularizaci\u00f3n de los EM en s\u00ed mismos. A continuaci\u00f3n, ofrecemos una descripci\u00f3n m\u00e1s detallada del Dr. Higa y su relaci\u00f3n con la tecnolog\u00eda EM.<\/p><p><a href=\"https:\/\/www.eauvie.fr\/produit\/veritables-perles-grises-de-ceramiques-e-m-du-japon\/\" target=\"_blank\" rel=\"dofollow noopener\">Obtenga la cer\u00e1mica EM del Dr. Higa<\/a> (originales importados de Jap\u00f3n)<\/p>\t\t\t\t\t\t\t\t<\/div>\n\t\t\t\t\t<\/div>\n\t\t\t\t<\/div>\n\t\t\t\t<\/div>","protected":false},"excerpt":{"rendered":"<p>Les c\u00e9ramiques EM du Dr Higa : Une Fusion d\u2019Art, de Tradition et de Technologie Le Japon, connu pour sa riche histoire et sa culture profond\u00e9ment enracin\u00e9e, a une longue tradition de c\u00e9ramique. Bien que la terre cuite et la porcelaine soient souvent associ\u00e9es \u00e0 l&#8217;artisanat de diverses cultures, les c\u00e9ramiques japonaises, en particulier les [&hellip;]<\/p>\n","protected":false},"author":1,"featured_media":247570,"parent":0,"menu_order":0,"comment_status":"closed","ping_status":"closed","template":"","meta":{"footnotes":""},"info_patch_cat":[],"class_list":["post-247567","page","type-page","status-publish","has-post-thumbnail","hentry"],"_links":{"self":[{"href":"https:\/\/patchquantique-france.fr\/es\/wp-json\/wp\/v2\/pages\/247567","targetHints":{"allow":["GET"]}}],"collection":[{"href":"https:\/\/patchquantique-france.fr\/es\/wp-json\/wp\/v2\/pages"}],"about":[{"href":"https:\/\/patchquantique-france.fr\/es\/wp-json\/wp\/v2\/types\/page"}],"author":[{"embeddable":true,"href":"https:\/\/patchquantique-france.fr\/es\/wp-json\/wp\/v2\/users\/1"}],"replies":[{"embeddable":true,"href":"https:\/\/patchquantique-france.fr\/es\/wp-json\/wp\/v2\/comments?post=247567"}],"version-history":[{"count":4,"href":"https:\/\/patchquantique-france.fr\/es\/wp-json\/wp\/v2\/pages\/247567\/revisions"}],"predecessor-version":[{"id":253791,"href":"https:\/\/patchquantique-france.fr\/es\/wp-json\/wp\/v2\/pages\/247567\/revisions\/253791"}],"wp:featuredmedia":[{"embeddable":true,"href":"https:\/\/patchquantique-france.fr\/es\/wp-json\/wp\/v2\/media\/247570"}],"wp:attachment":[{"href":"https:\/\/patchquantique-france.fr\/es\/wp-json\/wp\/v2\/media?parent=247567"}],"wp:term":[{"taxonomy":"info_patch_cat","embeddable":true,"href":"https:\/\/patchquantique-france.fr\/es\/wp-json\/wp\/v2\/info_patch_cat?post=247567"}],"curies":[{"name":"wp","href":"https:\/\/api.w.org\/{rel}","templated":true}]}}