{"id":245377,"date":"2023-06-12T19:12:18","date_gmt":"2023-06-12T17:12:18","guid":{"rendered":"https:\/\/patchquantique-france.fr\/?page_id=245377"},"modified":"2026-01-03T08:55:24","modified_gmt":"2026-01-03T07:55:24","slug":"inscription-a-linfolettre-patch-quantique-france-2","status":"publish","type":"page","link":"https:\/\/patchquantique-france.fr\/es\/inscription-a-linfolettre-patch-quantique-france-2\/","title":{"rendered":"Suscripci\u00f3n al bolet\u00edn informativo Patch Quantique France"},"content":{"rendered":"\t\t<div data-elementor-type=\"wp-page\" data-elementor-id=\"245377\" class=\"elementor elementor-245377\" data-elementor-post-type=\"page\">\n\t\t\t\t<div class=\"elementor-element elementor-element-e65e42b e-flex e-con-boxed e-con e-parent\" data-id=\"e65e42b\" data-element_type=\"container\" data-e-type=\"container\">\n\t\t\t\t\t<div class=\"e-con-inner\">\n\t\t\t\t<div class=\"elementor-element elementor-element-600a75f elementor-widget elementor-widget-text-editor\" data-id=\"600a75f\" data-element_type=\"widget\" data-e-type=\"widget\" data-widget_type=\"text-editor.default\">\n\t\t\t\t\t\t\t\t\tRestez inform\u00e9.e de toutes les actus des <a href=\"https:\/\/patchquantique-france.fr\/patch-quantique\/\">patchs quantiques<\/a> Allevi8 Pro, les bons plans, les promotions, les offres sp\u00e9ciales !\n\n<strong>En m\u00eame temps que votre inscription, vous recevrez un code promo pour une remise de bienvenue de 5% sur votre 1\u00e8re commande, ainsi que le guide gratuit \u00e0 t\u00e9l\u00e9charger : &#8220;<span>L\u2019\u00e9nergie quantique : Le pouvoir de gu\u00e9rison de la nature&#8221;.<\/span><\/strong>\t\t\t\t\t\t\t\t<\/div>\n\t\t\t\t\t<\/div>\n\t\t\t\t<\/div>\n\t\t<div class=\"elementor-element elementor-element-04fc723 e-flex e-con-boxed e-con e-parent\" data-id=\"04fc723\" data-element_type=\"container\" data-e-type=\"container\" data-settings=\"{&quot;background_background&quot;:&quot;classic&quot;}\">\n\t\t\t\t\t<div class=\"e-con-inner\">\n\t\t\t\t<div class=\"elementor-element elementor-element-6c2e42f elementor-widget elementor-widget-heading\" data-id=\"6c2e42f\" data-element_type=\"widget\" data-e-type=\"widget\" data-widget_type=\"heading.default\">\n\t\t\t\t\t<h2 class=\"elementor-heading-title elementor-size-default\">Remise de bienvenue de 5% pour votre 1\u00e8re commande !<\/h2>\t\t\t\t<\/div>\n\t\t\t\t\t<\/div>\n\t\t\t\t<\/div>\n\t\t<div class=\"elementor-element elementor-element-2aee616 e-flex e-con-boxed e-con e-parent\" data-id=\"2aee616\" data-element_type=\"container\" data-e-type=\"container\">\n\t\t\t\t\t<div class=\"e-con-inner\">\n\t\t<div class=\"elementor-element elementor-element-f965160 e-con-full e-flex e-con e-child\" data-id=\"f965160\" data-element_type=\"container\" data-e-type=\"container\">\n\t\t\t\t<div class=\"elementor-element elementor-element-d3c201e elementor-widget elementor-widget-heading\" data-id=\"d3c201e\" data-element_type=\"widget\" data-e-type=\"widget\" data-widget_type=\"heading.default\">\n\t\t\t\t\t<h2 class=\"elementor-heading-title elementor-size-default\">Inscription \u00e0 l'infolettre<\/h2>\t\t\t\t<\/div>\n\t\t\t\t<div class=\"elementor-element elementor-element-79d0ece elementor-widget elementor-widget-wpforms\" data-id=\"79d0ece\" data-element_type=\"widget\" data-e-type=\"widget\" data-widget_type=\"wpforms.default\">\n\t\t\t\t<div class=\"elementor-widget-container\">\n\t\t\t\t\t<div class=\"wpforms-container wpforms-container-full wpforms-render-modern\" id=\"wpforms-253019\"><form id=\"wpforms-form-253019\" class=\"wpforms-validate wpforms-form wpforms-ajax-form\" data-formid=\"253019\" method=\"post\" enctype=\"multipart\/form-data\" action=\"\/es\/wp-json\/wp\/v2\/pages\/245377\" data-token=\"6d04b7e40235e8c4f14bac4f35c3bf2e\" data-token-time=\"1778256811\"><noscript class=\"wpforms-error-noscript\">Por favor, activa JavaScript en tu navegador para completar este formulario.<\/noscript><div id=\"wpforms-error-noscript\" style=\"display: none;\">Por favor, activa JavaScript en tu navegador para completar este formulario.<\/div><div class=\"wpforms-field-container\">\t\t<div id=\"wpforms-253019-field_3-container\"\n\t\t\tclass=\"wpforms-field wpforms-field-text\"\n\t\t\tdata-field-type=\"text\"\n\t\t\tdata-field-id=\"3\"\n\t\t\t>\n\t\t\t<label class=\"wpforms-field-label\" for=\"wpforms-253019-field_3\" >E-mail adresse pr\u00e9nom<\/label>\n\t\t\t<input type=\"text\" id=\"wpforms-253019-field_3\" class=\"wpforms-field-medium\" name=\"wpforms[fields][3]\" >\n\t\t<\/div>\n\t\t<div id=\"wpforms-253019-field_1-container\" class=\"wpforms-field wpforms-field-text\" data-field-id=\"1\"><label class=\"wpforms-field-label\" for=\"wpforms-253019-field_1\">Votre pr\u00e9nom <span class=\"wpforms-required-label\" aria-hidden=\"true\">*<\/span><\/label><input type=\"text\" id=\"wpforms-253019-field_1\" class=\"wpforms-field-medium wpforms-field-required\" name=\"wpforms[fields][1]\" aria-errormessage=\"wpforms-253019-field_1-error\" required><\/div><div id=\"wpforms-253019-field_2-container\" class=\"wpforms-field wpforms-field-email\" data-field-id=\"2\"><label class=\"wpforms-field-label\" for=\"wpforms-253019-field_2\">Votre adresse E-mail <span class=\"wpforms-required-label\" aria-hidden=\"true\">*<\/span><\/label><input type=\"email\" id=\"wpforms-253019-field_2\" class=\"wpforms-field-medium wpforms-field-required\" name=\"wpforms[fields][2]\" spellcheck=\"false\" aria-errormessage=\"wpforms-253019-field_2-error\" required><\/div><script>\n\t\t\t\t( function() {\n\t\t\t\t\tconst style = document.createElement( 'style' );\n\t\t\t\t\tstyle.appendChild( document.createTextNode( '#wpforms-253019-field_3-container { position: absolute !important; overflow: hidden !important; display: inline !important; height: 1px !important; width: 1px !important; z-index: -1000 !important; padding: 0 !important; } #wpforms-253019-field_3-container input { visibility: hidden; } #wpforms-conversational-form-page #wpforms-253019-field_3-container label { counter-increment: none; }' ) );\n\t\t\t\t\tdocument.head.appendChild( style );\n\t\t\t\t\tdocument.currentScript?.remove();\n\t\t\t\t} )();\n\t\t\t<\/script><\/div><!-- .wpforms-field-container --><div class=\"wpforms-submit-container\" ><input type=\"hidden\" name=\"wpforms[id]\" value=\"253019\"><input type=\"hidden\" name=\"page_title\" value=\"\"><input type=\"hidden\" name=\"page_url\" value=\"https:\/\/patchquantique-france.fr\/es\/wp-json\/wp\/v2\/pages\/245377\"><input type=\"hidden\" name=\"url_referer\" value=\"\">\t\t<div id=\"cf-turnstile-wpf-1223971930\"\r\n\t\tclass=\"cf-turnstile\" \t\tdata-sitekey=\"0x4AAAAAABgfEbscfRwWHVus\"\r\n\t\tdata-theme=\"light\"\r\n\t\tdata-language=\"auto\"\r\n\t\tdata-size=\"normal\"\r\n\t\tdata-retry=\"auto\" data-retry-interval=\"1000\"\r\n\t\tdata-refresh-expired=\"auto\"\r\n\t\tdata-refresh-timeout=\"auto\"\r\n\t\tdata-action=\"wpforms-253019\"\r\n\t\tdata-callback=\"turnstileWPFCallback\"\r\n\t\t\t\tdata-appearance=\"always\"><\/div>\r\n\t\t\t<script>document.addEventListener(\"DOMContentLoaded\", function() { setTimeout(function(){ var e=document.getElementById(\"cf-turnstile-wpf-1223971930\"); if(e&&!e.innerHTML.trim()){turnstile.render(e, {sitekey:\"0x4AAAAAABgfEbscfRwWHVus\"});} }, 200); });<\/script>\r\n\t\t\t<br class=\"cf-turnstile-br cf-turnstile-br-wpf-1223971930\">\r\n\t\t\t\t<style>#cf-turnstile-wpf-1223971930 { margin-left: -15px; }<\/style>\r\n\t\t<button type=\"submit\" name=\"wpforms[submit]\" id=\"wpforms-submit-253019\" class=\"wpforms-submit\" data-alt-text=\"Envoi...\" data-submit-text=\"Je m&#039;inscris \u00e0 l&#039;infolettre\" aria-live=\"assertive\" value=\"wpforms-submit\">Je m&#039;inscris \u00e0 l&#039;infolettre<\/button><img decoding=\"async\" src=\"https:\/\/patchquantique-france.fr\/wp-content\/plugins\/wpforms\/assets\/images\/submit-spin.svg\" class=\"wpforms-submit-spinner\" style=\"display: none;\" width=\"26\" height=\"26\" alt=\"Cargando\" title=\"\"><\/div><\/form><\/div>  <!-- .wpforms-container -->\t\t\t\t<\/div>\n\t\t\t\t<\/div>\n\t\t\t\t<\/div>\n\t\t<div class=\"elementor-element elementor-element-573b9a0 e-con-full e-flex e-con e-child\" data-id=\"573b9a0\" data-element_type=\"container\" data-e-type=\"container\">\n\t\t\t\t<\/div>\n\t\t\t\t\t<\/div>\n\t\t\t\t<\/div>\n\t\t\t\t<\/div>\n\t\t","protected":false},"excerpt":{"rendered":"<p>Restez inform\u00e9.e de toutes les actus des patchs quantiques Allevi8 Pro, les bons plans, les promotions, les offres sp\u00e9ciales ! En m\u00eame temps que votre inscription, vous recevrez un code promo pour une remise de bienvenue de 5% sur votre 1\u00e8re commande, ainsi que le guide gratuit \u00e0 t\u00e9l\u00e9charger : &#8220;L\u2019\u00e9nergie quantique : Le pouvoir [&hellip;]<\/p>\n","protected":false},"author":1,"featured_media":253778,"parent":0,"menu_order":0,"comment_status":"closed","ping_status":"closed","template":"","meta":{"footnotes":""},"info_patch_cat":[],"class_list":["post-245377","page","type-page","status-publish","has-post-thumbnail","hentry"],"_links":{"self":[{"href":"https:\/\/patchquantique-france.fr\/es\/wp-json\/wp\/v2\/pages\/245377","targetHints":{"allow":["GET"]}}],"collection":[{"href":"https:\/\/patchquantique-france.fr\/es\/wp-json\/wp\/v2\/pages"}],"about":[{"href":"https:\/\/patchquantique-france.fr\/es\/wp-json\/wp\/v2\/types\/page"}],"author":[{"embeddable":true,"href":"https:\/\/patchquantique-france.fr\/es\/wp-json\/wp\/v2\/users\/1"}],"replies":[{"embeddable":true,"href":"https:\/\/patchquantique-france.fr\/es\/wp-json\/wp\/v2\/comments?post=245377"}],"version-history":[{"count":6,"href":"https:\/\/patchquantique-france.fr\/es\/wp-json\/wp\/v2\/pages\/245377\/revisions"}],"predecessor-version":[{"id":253783,"href":"https:\/\/patchquantique-france.fr\/es\/wp-json\/wp\/v2\/pages\/245377\/revisions\/253783"}],"wp:featuredmedia":[{"embeddable":true,"href":"https:\/\/patchquantique-france.fr\/es\/wp-json\/wp\/v2\/media\/253778"}],"wp:attachment":[{"href":"https:\/\/patchquantique-france.fr\/es\/wp-json\/wp\/v2\/media?parent=245377"}],"wp:term":[{"taxonomy":"info_patch_cat","embeddable":true,"href":"https:\/\/patchquantique-france.fr\/es\/wp-json\/wp\/v2\/info_patch_cat?post=245377"}],"curies":[{"name":"wp","href":"https:\/\/api.w.org\/{rel}","templated":true}]}}