{"id":244930,"date":"2023-05-09T06:01:05","date_gmt":"2023-05-09T04:01:05","guid":{"rendered":"https:\/\/patchquantique-france.fr\/?page_id=244930"},"modified":"2026-04-10T11:52:27","modified_gmt":"2026-04-10T09:52:27","slug":"retours-et-remboursements","status":"publish","type":"page","link":"https:\/\/patchquantique-france.fr\/es\/retours-et-remboursements\/","title":{"rendered":"Devoluciones y reembolsos"},"content":{"rendered":"<div data-elementor-type=\"wp-page\" data-elementor-id=\"244930\" class=\"elementor elementor-244930\" data-elementor-post-type=\"page\">\n\t\t\t\t<div class=\"elementor-element elementor-element-1d18bba e-flex e-con-boxed e-con e-parent\" data-id=\"1d18bba\" data-element_type=\"container\" data-e-type=\"container\">\n\t\t\t\t\t<div class=\"e-con-inner\">\n\t\t\t\t<div class=\"elementor-element elementor-element-9054e0b elementor-widget elementor-widget-heading\" data-id=\"9054e0b\" data-element_type=\"widget\" data-e-type=\"widget\" data-widget_type=\"heading.default\">\n\t\t\t\t\t<h2 class=\"elementor-heading-title elementor-size-default\">Condiciones de devoluci\u00f3n y reembolso<\/h2>\t\t\t\t<\/div>\n\t\t\t\t<div class=\"elementor-element elementor-element-9f1f3ed elementor-widget elementor-widget-text-editor\" data-id=\"9f1f3ed\" data-element_type=\"widget\" data-e-type=\"widget\" data-widget_type=\"text-editor.default\">\n\t\t\t\t\t\t\t\t\t<p>Aceptamos devoluciones de productos y le reembolsaremos el dinero, siempre que se cumplan determinadas condiciones:<\/p><ul class=\"avec-puce\"><li>Las devoluciones deben realizarse en un plazo m\u00e1ximo de 30 d\u00edas a partir de la fecha de pago.<\/li><li>Motivo de la devoluci\u00f3n: bolsa del producto defectuosa (abierta, abierta). No se aceptar\u00e1 ning\u00fan otro motivo.<\/li><li>La raz\u00f3n \u201cno me gustan los parches\u201d no constituye un motivo v\u00e1lido de devoluci\u00f3n.<\/li><li>La devoluci\u00f3n debe hacerse por correo en <strong>y el n\u00famero de seguimiento debe comunic\u00e1rnoslo a trav\u00e9s del <a href=\"https:\/\/patchquantique-france.fr\/es\/contactez-nous\/\">formulario de contacto<\/a>. Patch Quantique France se hace cargo de los gastos de devoluci\u00f3n.<\/strong><\/li><li>En el momento de la recepci\u00f3n, se le abonar\u00e1 el importe correspondiente por el mismo medio de pago que utiliz\u00f3 para el pedido (Paypal o tarjeta bancaria).<\/li><\/ul>\t\t\t\t\t\t\t\t<\/div>\n\t\t\t\t\t<\/div>\n\t\t\t\t<\/div>\n\t\t\t\t<\/div>","protected":false},"excerpt":{"rendered":"<p>Conditions de retours et remboursements Nous acceptons les retours de produits et proc\u00e9dons \u00e0 votre remboursement, sous certaines conditions : Le retour doit se faire dans un d\u00e9lai maximum de 30 jours suivant la date de paiement. Motifs de retour : pochette produit d\u00e9fectueuse (ouverte, entam\u00e9e). Aucun autre motif ne sera accept\u00e9. Le motif &#8220;Les [&hellip;]<\/p>\n","protected":false},"author":1,"featured_media":253821,"parent":0,"menu_order":0,"comment_status":"closed","ping_status":"closed","template":"","meta":{"footnotes":""},"info_patch_cat":[],"class_list":["post-244930","page","type-page","status-publish","has-post-thumbnail","hentry"],"_links":{"self":[{"href":"https:\/\/patchquantique-france.fr\/es\/wp-json\/wp\/v2\/pages\/244930","targetHints":{"allow":["GET"]}}],"collection":[{"href":"https:\/\/patchquantique-france.fr\/es\/wp-json\/wp\/v2\/pages"}],"about":[{"href":"https:\/\/patchquantique-france.fr\/es\/wp-json\/wp\/v2\/types\/page"}],"author":[{"embeddable":true,"href":"https:\/\/patchquantique-france.fr\/es\/wp-json\/wp\/v2\/users\/1"}],"replies":[{"embeddable":true,"href":"https:\/\/patchquantique-france.fr\/es\/wp-json\/wp\/v2\/comments?post=244930"}],"version-history":[{"count":10,"href":"https:\/\/patchquantique-france.fr\/es\/wp-json\/wp\/v2\/pages\/244930\/revisions"}],"predecessor-version":[{"id":254874,"href":"https:\/\/patchquantique-france.fr\/es\/wp-json\/wp\/v2\/pages\/244930\/revisions\/254874"}],"wp:featuredmedia":[{"embeddable":true,"href":"https:\/\/patchquantique-france.fr\/es\/wp-json\/wp\/v2\/media\/253821"}],"wp:attachment":[{"href":"https:\/\/patchquantique-france.fr\/es\/wp-json\/wp\/v2\/media?parent=244930"}],"wp:term":[{"taxonomy":"info_patch_cat","embeddable":true,"href":"https:\/\/patchquantique-france.fr\/es\/wp-json\/wp\/v2\/info_patch_cat?post=244930"}],"curies":[{"name":"wp","href":"https:\/\/api.w.org\/{rel}","templated":true}]}}