{"id":241813,"date":"2022-06-01T12:09:51","date_gmt":"2022-06-01T10:09:51","guid":{"rendered":"https:\/\/patchquantique-france.fr\/?page_id=241813"},"modified":"2026-01-03T16:23:58","modified_gmt":"2026-01-03T15:23:58","slug":"video-de-presentation-du-patch-allevi8-pro","status":"publish","type":"page","link":"https:\/\/patchquantique-france.fr\/es\/video-de-presentation-du-patch-allevi8-pro\/","title":{"rendered":"V\u00eddeo de presentaci\u00f3n del parche Allevi8 Pro"},"content":{"rendered":"<div data-elementor-type=\"wp-page\" data-elementor-id=\"241813\" class=\"elementor elementor-241813\" data-elementor-post-type=\"page\">\n\t\t\t\t<div class=\"elementor-element elementor-element-4a33cd1 e-flex e-con-boxed e-con e-parent\" data-id=\"4a33cd1\" data-element_type=\"container\" data-e-type=\"container\">\n\t\t\t\t\t<div class=\"e-con-inner\">\n\t\t\t\t<div class=\"elementor-element elementor-element-d55d822 elementor-widget elementor-widget-video\" data-id=\"d55d822\" data-element_type=\"widget\" data-e-type=\"widget\" data-settings=\"{&quot;youtube_url&quot;:&quot;https:\\\/\\\/www.youtube.com\\\/watch?v=kdg-navFKVo&quot;,&quot;video_type&quot;:&quot;youtube&quot;,&quot;controls&quot;:&quot;yes&quot;}\" data-widget_type=\"video.default\">\n\t\t\t\t\t\t\t<div class=\"elementor-wrapper elementor-open-inline\">\n\t\t\t<div class=\"elementor-video\"><\/div>\t\t<\/div>\n\t\t\t\t\t\t<\/div>\n\t\t\t\t\t<\/div>\n\t\t\t\t<\/div>\n\t\t<div class=\"elementor-element elementor-element-059f7c9 e-flex e-con-boxed e-con e-parent\" data-id=\"059f7c9\" data-element_type=\"container\" data-e-type=\"container\">\n\t\t\t\t\t<div class=\"e-con-inner\">\n\t\t\t\t<div class=\"elementor-element elementor-element-396c66c elementor-widget elementor-widget-text-editor\" data-id=\"396c66c\" data-element_type=\"widget\" data-e-type=\"widget\" data-widget_type=\"text-editor.default\">\n\t\t\t\t\t\t\t\t\tEn este v\u00eddeo de presentaci\u00f3n del <a href=\"https:\/\/patchquantique-france.fr\/es\/commander-patch-quantique-allevi8pro\/\">Parche cu\u00e1ntico Allevi8 Pro<\/a>Elody explica los numerosos beneficios de este extraordinario producto, cuya f\u00f3rmula se mantiene en secreto. De hecho, aunque los 3 ingredientes son bien conocidos (ginseng rojo, jengibre, <span>capsaicina), el parche contiene muchos otros principios activos naturales que actualmente se mantienen en secreto. Est\u00e1 protegido por 11 patentes mundiales.<\/span>\t\t\t\t\t\t\t\t<\/div>\n\t\t\t\t\t<\/div>\n\t\t\t\t<\/div>\n\t\t<div class=\"elementor-element elementor-element-533827b e-flex e-con-boxed e-con e-parent\" data-id=\"533827b\" data-element_type=\"container\" data-e-type=\"container\">\n\t\t\t\t\t<div class=\"e-con-inner\">\n\t\t\t\t<div class=\"elementor-element elementor-element-5ff13ed elementor-widget elementor-widget-video\" data-id=\"5ff13ed\" data-element_type=\"widget\" data-e-type=\"widget\" data-settings=\"{&quot;youtube_url&quot;:&quot;https:\\\/\\\/www.youtube.com\\\/watch?v=ydDRmIe7M4A&quot;,&quot;video_type&quot;:&quot;youtube&quot;,&quot;controls&quot;:&quot;yes&quot;}\" data-widget_type=\"video.default\">\n\t\t\t\t\t\t\t<div class=\"elementor-wrapper elementor-open-inline\">\n\t\t\t<div class=\"elementor-video\"><\/div>\t\t<\/div>\n\t\t\t\t\t\t<\/div>\n\t\t\t\t\t<\/div>\n\t\t\t\t<\/div>\n\t\t\t\t<\/div>","protected":false},"excerpt":{"rendered":"<p>https:\/\/www.youtube.com\/watch?v=kdg-navFKVoDans cette vid\u00e9o de pr\u00e9sentation du patch quantique Allevi8 Pro, Elody nous explique et t\u00e9moigne des bienfaits multiples de ce produits hors du commun dont la formule est tenue secr\u00e8te. En effet bien que les 3 ingr\u00e9dients soient connus (ginseng rouge, gingembre, capsa\u00efcine), le patch est en fait compos\u00e9 de bien d&#8217;autres principes actifs naturels [&hellip;]<\/p>\n","protected":false},"author":1,"featured_media":253913,"parent":0,"menu_order":0,"comment_status":"closed","ping_status":"closed","template":"","meta":{"footnotes":""},"info_patch_cat":[135],"class_list":["post-241813","page","type-page","status-publish","has-post-thumbnail","hentry","info_patch_cat-patchs-quantiques-allevi8-pro"],"_links":{"self":[{"href":"https:\/\/patchquantique-france.fr\/es\/wp-json\/wp\/v2\/pages\/241813","targetHints":{"allow":["GET"]}}],"collection":[{"href":"https:\/\/patchquantique-france.fr\/es\/wp-json\/wp\/v2\/pages"}],"about":[{"href":"https:\/\/patchquantique-france.fr\/es\/wp-json\/wp\/v2\/types\/page"}],"author":[{"embeddable":true,"href":"https:\/\/patchquantique-france.fr\/es\/wp-json\/wp\/v2\/users\/1"}],"replies":[{"embeddable":true,"href":"https:\/\/patchquantique-france.fr\/es\/wp-json\/wp\/v2\/comments?post=241813"}],"version-history":[{"count":6,"href":"https:\/\/patchquantique-france.fr\/es\/wp-json\/wp\/v2\/pages\/241813\/revisions"}],"predecessor-version":[{"id":253832,"href":"https:\/\/patchquantique-france.fr\/es\/wp-json\/wp\/v2\/pages\/241813\/revisions\/253832"}],"wp:featuredmedia":[{"embeddable":true,"href":"https:\/\/patchquantique-france.fr\/es\/wp-json\/wp\/v2\/media\/253913"}],"wp:attachment":[{"href":"https:\/\/patchquantique-france.fr\/es\/wp-json\/wp\/v2\/media?parent=241813"}],"wp:term":[{"taxonomy":"info_patch_cat","embeddable":true,"href":"https:\/\/patchquantique-france.fr\/es\/wp-json\/wp\/v2\/info_patch_cat?post=241813"}],"curies":[{"name":"wp","href":"https:\/\/api.w.org\/{rel}","templated":true}]}}