{"id":241769,"date":"2022-05-31T12:00:59","date_gmt":"2022-05-31T10:00:59","guid":{"rendered":"https:\/\/patchquantique-france.fr\/?page_id=241769"},"modified":"2026-01-22T18:59:08","modified_gmt":"2026-01-22T17:59:08","slug":"les-plaques-pourpres-nikola-tesla","status":"publish","type":"page","link":"https:\/\/patchquantique-france.fr\/es\/les-plaques-pourpres-nikola-tesla\/","title":{"rendered":"Placas moradas de Nikola Tesla"},"content":{"rendered":"\t\t<div data-elementor-type=\"wp-page\" data-elementor-id=\"241769\" class=\"elementor elementor-241769\" data-elementor-post-type=\"page\">\n\t\t\t\t<div class=\"elementor-element elementor-element-64b6b5b e-flex e-con-boxed e-con e-parent\" data-id=\"64b6b5b\" data-element_type=\"container\" data-e-type=\"container\">\n\t\t\t\t\t<div class=\"e-con-inner\">\n\t\t\t\t<div class=\"woocommerce elementor-element elementor-element-c514b03 elementor-grid-4 elementor-grid-tablet-2 elementor-grid-mobile-1 elementor-widget elementor-widget-loop-grid\" data-id=\"c514b03\" data-element_type=\"widget\" data-e-type=\"widget\" data-settings=\"{&quot;_skin&quot;:&quot;product&quot;,&quot;template_id&quot;:&quot;253214&quot;,&quot;columns&quot;:4,&quot;columns_tablet&quot;:&quot;2&quot;,&quot;columns_mobile&quot;:&quot;1&quot;,&quot;edit_handle_selector&quot;:&quot;[data-elementor-type=\\&quot;loop-item\\&quot;]&quot;,&quot;row_gap&quot;:{&quot;unit&quot;:&quot;px&quot;,&quot;size&quot;:&quot;&quot;,&quot;sizes&quot;:[]},&quot;row_gap_tablet&quot;:{&quot;unit&quot;:&quot;px&quot;,&quot;size&quot;:&quot;&quot;,&quot;sizes&quot;:[]},&quot;row_gap_mobile&quot;:{&quot;unit&quot;:&quot;px&quot;,&quot;size&quot;:&quot;&quot;,&quot;sizes&quot;:[]}}\" data-widget_type=\"loop-grid.product\">\n\t\t\t\t<div class=\"elementor-widget-container\">\n\t\t\t\t\t\t\t<div class=\"e-loop-nothing-found-message\">\n\t\t<\/div>\n\t\t\t\t\t\t<\/div>\n\t\t\t\t<\/div>\n\t\t\t\t\t<\/div>\n\t\t\t\t<\/div>\n\t\t<div class=\"elementor-element elementor-element-76b9b67 e-flex e-con-boxed e-con e-parent\" data-id=\"76b9b67\" data-element_type=\"container\" data-e-type=\"container\">\n\t\t\t\t\t<div class=\"e-con-inner\">\n\t\t<div class=\"elementor-element elementor-element-0bacc82 e-con-full e-flex e-con e-child\" data-id=\"0bacc82\" data-element_type=\"container\" data-e-type=\"container\">\n\t\t\t\t<div class=\"elementor-element elementor-element-c92de6b elementor-widget elementor-widget-image\" data-id=\"c92de6b\" data-element_type=\"widget\" data-e-type=\"widget\" data-widget_type=\"image.default\">\n\t\t\t\t\t\t\t\t\t\t\t\t\t\t\t<img fetchpriority=\"high\" decoding=\"async\" width=\"450\" height=\"450\" src=\"https:\/\/patchquantique-france.fr\/wp-content\/uploads\/2025\/04\/plaque-energie-pourpre-tesla-transp.png\" class=\"attachment-large size-large wp-image-252020\" alt=\"plaque pourpre Nikola Tesla\" srcset=\"https:\/\/patchquantique-france.fr\/wp-content\/uploads\/2025\/04\/plaque-energie-pourpre-tesla-transp.png 450w, https:\/\/patchquantique-france.fr\/wp-content\/uploads\/2025\/04\/plaque-energie-pourpre-tesla-transp-300x300.png 300w, https:\/\/patchquantique-france.fr\/wp-content\/uploads\/2025\/04\/plaque-energie-pourpre-tesla-transp-150x150.png 150w, https:\/\/patchquantique-france.fr\/wp-content\/uploads\/2025\/04\/plaque-energie-pourpre-tesla-transp-60x60.png 60w, https:\/\/patchquantique-france.fr\/wp-content\/uploads\/2025\/04\/plaque-energie-pourpre-tesla-transp-100x100.png 100w, https:\/\/patchquantique-france.fr\/wp-content\/uploads\/2025\/04\/plaque-energie-pourpre-tesla-transp-96x96.png 96w, https:\/\/patchquantique-france.fr\/wp-content\/uploads\/2025\/04\/plaque-energie-pourpre-tesla-transp-42x42.png 42w\" sizes=\"(max-width: 450px) 100vw, 450px\" title=\"\">\t\t\t\t\t\t\t\t\t\t\t\t\t\t\t<\/div>\n\t\t\t\t<\/div>\n\t\t<div class=\"elementor-element elementor-element-2ecbc0a e-con-full e-flex e-con e-child\" data-id=\"2ecbc0a\" data-element_type=\"container\" data-e-type=\"container\">\n\t\t\t\t<div class=\"elementor-element elementor-element-78db461 elementor-widget elementor-widget-text-editor\" data-id=\"78db461\" data-element_type=\"widget\" data-e-type=\"widget\" data-widget_type=\"text-editor.default\">\n\t\t\t\t\t\t\t\t\t<p>Les authentiques plaques d&#8217;\u00e9nergie Tesla fabriqu\u00e9es \u00e0 la main selon le <a href=\"https:\/\/teslauniverse.com\/nikola-tesla\/patents\/us-patent-685958-method-utilizing-radiant-energy\" target=\"_blank\" rel=\"noopener\">brevet de Nikola Tesla N\u00b0 685.958<\/a> sur l&#8217;\u00e9nergie radiante d\u00e9pos\u00e9 le 5 novembre 1901. Cr\u00e9es en 1971 par l&#8217;ing\u00e9nieur Allemand Ralph Bergstresser, les plaques d&#8217;\u00e9nergie pourpre Tesla sont utilis\u00e9es par des millions de gens de par le monde. <a href=\"https:\/\/patchquantique-france.fr\/utilisations-de-la-plaque-pourpre-tesla\/\" target=\"_blank\" rel=\"noopener\">Leurs usages b\u00e9n\u00e9fiques sont nombreux<\/a>.<\/p>\t\t\t\t\t\t\t\t<\/div>\n\t\t\t\t<div class=\"elementor-element elementor-element-fc88923 elementor-widget elementor-widget-testimonial\" data-id=\"fc88923\" data-element_type=\"widget\" data-e-type=\"widget\" data-widget_type=\"testimonial.default\">\n\t\t\t\t\t\t\t<div class=\"elementor-testimonial-wrapper\">\n\t\t\t\t\t\t\t<div class=\"elementor-testimonial-content\">Si vous voulez d\u00e9couvrir les myst\u00e8res de l'univers, alors pensez en termes d'\u00e9nergie, de\u00a0fr\u00e9quences et de vibrations<\/div>\n\t\t\t\n\t\t\t\t\t\t<div class=\"elementor-testimonial-meta elementor-has-image elementor-testimonial-image-position-aside\">\n\t\t\t\t<div class=\"elementor-testimonial-meta-inner\">\n\t\t\t\t\t\t\t\t\t\t\t<div class=\"elementor-testimonial-image\">\n\t\t\t\t\t\t\t<img decoding=\"async\" width=\"400\" height=\"298\" src=\"https:\/\/patchquantique-france.fr\/wp-content\/uploads\/2022\/07\/nikola-tesla-portrait.webp\" class=\"attachment-full size-full wp-image-242366\" alt=\"Plaques \u00e9nergie Tesla carte\" title=\"\" srcset=\"https:\/\/patchquantique-france.fr\/wp-content\/uploads\/2022\/07\/nikola-tesla-portrait.webp 400w, https:\/\/patchquantique-france.fr\/wp-content\/uploads\/2022\/07\/nikola-tesla-portrait-300x224.webp 300w, https:\/\/patchquantique-france.fr\/wp-content\/uploads\/2022\/07\/nikola-tesla-portrait-96x72.webp 96w, https:\/\/patchquantique-france.fr\/wp-content\/uploads\/2022\/07\/nikola-tesla-portrait-42x31.webp 42w, https:\/\/patchquantique-france.fr\/wp-content\/uploads\/2022\/07\/nikola-tesla-portrait-60x45.webp 60w\" sizes=\"(max-width: 400px) 100vw, 400px\" \/>\t\t\t\t\t\t<\/div>\n\t\t\t\t\t\n\t\t\t\t\t\t\t\t\t\t<div class=\"elementor-testimonial-details\">\n\t\t\t\t\t\t\t\t\t\t\t\t\t\t<div class=\"elementor-testimonial-name\">Nikola Tesla<\/div>\n\t\t\t\t\t\t\t\t\t\t\t\t\t\t\t\t\t\t\t\t\t\t<div class=\"elementor-testimonial-job\">Inventeur Autrichien<\/div>\n\t\t\t\t\t\t\t\t\t\t\t\t\t<\/div>\n\t\t\t\t\t\t\t\t\t<\/div>\n\t\t\t<\/div>\n\t\t\t\t\t<\/div>\n\t\t\t\t\t\t<\/div>\n\t\t\t\t<\/div>\n\t\t\t\t\t<\/div>\n\t\t\t\t<\/div>\n\t\t<div class=\"elementor-element elementor-element-495a8e3 e-flex e-con-boxed e-con e-parent\" data-id=\"495a8e3\" data-element_type=\"container\" data-e-type=\"container\" data-settings=\"{&quot;background_background&quot;:&quot;classic&quot;}\">\n\t\t\t\t\t<div class=\"e-con-inner\">\n\t\t\t\t<div class=\"elementor-element elementor-element-ffd0eef e-n-tabs-mobile elementor-widget elementor-widget-n-tabs\" data-id=\"ffd0eef\" data-element_type=\"widget\" data-e-type=\"widget\" data-settings=\"{&quot;tabs_justify_horizontal&quot;:&quot;start&quot;,&quot;horizontal_scroll&quot;:&quot;disable&quot;}\" data-widget_type=\"nested-tabs.default\">\n\t\t\t\t\t\t\t<div class=\"e-n-tabs\" data-widget-number=\"268242671\" aria-label=\"Pesta\u00f1as. Abre elementos con Intro o Espacio, ci\u00e9rralos con Escape y navega con las fechas.\">\n\t\t\t<div class=\"e-n-tabs-heading\" role=\"tablist\">\n\t\t\t\t\t<button id=\"e-n-tab-title-2682426711\" data-tab-title-id=\"e-n-tab-title-2682426711\" class=\"e-n-tab-title\" aria-selected=\"true\" data-tab-index=\"1\" role=\"tab\" tabindex=\"0\" aria-controls=\"e-n-tab-content-2682426711\" style=\"--n-tabs-title-order: 1;\">\n\t\t\t\t\t<span class=\"e-n-tab-icon\">\n\t\t\t<svg aria-hidden=\"true\" class=\"e-font-icon-svg e-far-eye\" viewBox=\"0 0 576 512\" xmlns=\"http:\/\/www.w3.org\/2000\/svg\"><path d=\"M288 144a110.94 110.94 0 0 0-31.24 5 55.4 55.4 0 0 1 7.24 27 56 56 0 0 1-56 56 55.4 55.4 0 0 1-27-7.24A111.71 111.71 0 1 0 288 144zm284.52 97.4C518.29 135.59 410.93 64 288 64S57.68 135.64 3.48 241.41a32.35 32.35 0 0 0 0 29.19C57.71 376.41 165.07 448 288 448s230.32-71.64 284.52-177.41a32.35 32.35 0 0 0 0-29.19zM288 400c-98.65 0-189.09-55-237.93-144C98.91 167 189.34 112 288 112s189.09 55 237.93 144C477.1 345 386.66 400 288 400z\"><\/path><\/svg>\t\t\t<svg aria-hidden=\"true\" class=\"e-font-icon-svg e-far-eye\" viewBox=\"0 0 576 512\" xmlns=\"http:\/\/www.w3.org\/2000\/svg\"><path d=\"M288 144a110.94 110.94 0 0 0-31.24 5 55.4 55.4 0 0 1 7.24 27 56 56 0 0 1-56 56 55.4 55.4 0 0 1-27-7.24A111.71 111.71 0 1 0 288 144zm284.52 97.4C518.29 135.59 410.93 64 288 64S57.68 135.64 3.48 241.41a32.35 32.35 0 0 0 0 29.19C57.71 376.41 165.07 448 288 448s230.32-71.64 284.52-177.41a32.35 32.35 0 0 0 0-29.19zM288 400c-98.65 0-189.09-55-237.93-144C98.91 167 189.34 112 288 112s189.09 55 237.93 144C477.1 345 386.66 400 288 400z\"><\/path><\/svg>\t\t<\/span>\n\t\t\t\t\t<span class=\"e-n-tab-title-text\">\n\t\t\t\tD\u00e9couvrez les diverses utilisation des plaques Tesla\t\t\t<\/span>\n\t\t<\/button>\n\t\t\t\t<button id=\"e-n-tab-title-2682426712\" data-tab-title-id=\"e-n-tab-title-2682426712\" class=\"e-n-tab-title\" aria-selected=\"false\" data-tab-index=\"2\" role=\"tab\" tabindex=\"-1\" aria-controls=\"e-n-tab-content-2682426712\" style=\"--n-tabs-title-order: 2;\">\n\t\t\t\t\t\t<span class=\"e-n-tab-title-text\">\n\t\t\t\tComment sont fabriqu\u00e9es nos plaques d'\u00e9nergie pourpre Tesla ?\t\t\t<\/span>\n\t\t<\/button>\n\t\t\t\t\t<\/div>\n\t\t\t<div class=\"e-n-tabs-content\">\n\t\t\t\t<div id=\"e-n-tab-content-2682426711\" role=\"tabpanel\" aria-labelledby=\"e-n-tab-title-2682426711\" data-tab-index=\"1\" style=\"--n-tabs-title-order: 1;\" class=\"e-active elementor-element elementor-element-13a980f e-con-full e-flex e-con e-child\" data-id=\"13a980f\" data-element_type=\"container\" data-e-type=\"container\">\n\t\t\t\t<div class=\"elementor-element elementor-element-18d958a elementor-widget elementor-widget-text-editor\" data-id=\"18d958a\" data-element_type=\"widget\" data-e-type=\"widget\" data-widget_type=\"text-editor.default\">\n\t\t\t\t\t\t\t\t\t<ul class=\"avec-puce\">\n \t<li>Am\u00e9liorer la communication cellulaire<\/li>\n \t<li>Augmentation du bien-\u00eatre g\u00e9n\u00e9ral<\/li>\n \t<li>Am\u00e9lioration naturelle du sommeil<\/li>\n \t<li>\u00e9quilibre physique et relaxation<\/li>\n \t<li>Travaux \u00e9nerg\u00e9tiques et revitalisation de l&#8217;eau<\/li>\n \t<li>Go\u00fbt naturel des aliments et des boissons<\/li>\n \t<li>Chromoth\u00e9rapie<\/li>\n \t<li>Th\u00e9rapie des chakras<\/li>\n \t<li>Soutien et renforcement des dispositifs radioniques et autres techniques telles que Grabovoi ou Feng Shui<\/li>\n \t<li>et beaucoup plus&#8230;<\/li>\n<\/ul>\n<span style=\"font-size:14px\">Les plaques Tesla ne sont pas des dispositifs m\u00e9dicaux et ne dispensent pas d&#8217;une visite chez votre m\u00e9decin. N&#8217;interrompez jamais un traitement sans avis m\u00e9dical.<\/span>\t\t\t\t\t\t\t\t<\/div>\n\t\t\t\t<\/div>\n\t\t<div id=\"e-n-tab-content-2682426712\" role=\"tabpanel\" aria-labelledby=\"e-n-tab-title-2682426712\" data-tab-index=\"2\" style=\"--n-tabs-title-order: 2;\" class=\" elementor-element elementor-element-3014b5b e-con-full e-flex e-con e-child\" data-id=\"3014b5b\" data-element_type=\"container\" data-e-type=\"container\">\n\t\t\t\t<div class=\"elementor-element elementor-element-b587655 elementor-widget elementor-widget-text-editor\" data-id=\"b587655\" data-element_type=\"widget\" data-e-type=\"widget\" data-widget_type=\"text-editor.default\">\n\t\t\t\t\t\t\t\t\t<p>Nous attachons une grande importance \u00e0 la qualit\u00e9.\u00a0Les plaques Tesla sont fabriqu\u00e9es \u00e0 partir d&#8217;aluminium de haute qualit\u00e9 (a\u00e9ronautique) et modifi\u00e9es pour avoir la propri\u00e9t\u00e9 de stocker et de diffuser des informations subtiles.<\/p>\n<p>Seuls des mat\u00e9riaux de haute qualit\u00e9 et sans d\u00e9faut sont utilis\u00e9s pour la production de plaques Tesla.\u00a0Le mat\u00e9riau de base de chaque plaque\u00a0 est un aluminium sp\u00e9cial qui a des propri\u00e9t\u00e9s vibrantes particuli\u00e8res.\u00a0La plaque Tesla est oxyd\u00e9e \u00e9lectrolytiquement et color\u00e9e afin de pouvoir distinguer les diff\u00e9rents domaines d&#8217;application.\u00a0Vient ensuite une autre \u00e9tape essentielle qui transforme la plaque en une plaque Tesla.\u00a0Dans un processus d\u00e9velopp\u00e9 sp\u00e9cialement et gard\u00e9 secret, les plaques sont modifi\u00e9es et programm\u00e9es de telle mani\u00e8re qu&#8217;elles acqui\u00e8rent leur fonction unique et deviennent une aide pour de nombreuses personnes et th\u00e9rapeutes.<\/p>\t\t\t\t\t\t\t\t<\/div>\n\t\t\t\t<\/div>\n\t\t\t\t\t<\/div>\n\t\t<\/div>\n\t\t\t\t\t\t<\/div>\n\t\t\t\t\t<\/div>\n\t\t\t\t<\/div>\n\t\t<div class=\"elementor-element elementor-element-766149c e-flex e-con-boxed e-con e-parent\" data-id=\"766149c\" data-element_type=\"container\" data-e-type=\"container\">\n\t\t\t\t\t<div class=\"e-con-inner\">\n\t\t\t\t<div class=\"elementor-element elementor-element-16c2c97 elementor-align-center elementor-widget elementor-widget-button\" data-id=\"16c2c97\" data-element_type=\"widget\" data-e-type=\"widget\" data-widget_type=\"button.default\">\n\t\t\t\t\t\t\t\t\t\t<a class=\"elementor-button elementor-button-link elementor-size-sm\" href=\"#pack-thera\">\n\t\t\t\t\t\t<span class=\"elementor-button-content-wrapper\">\n\t\t\t\t\t\t\t\t\t<span class=\"elementor-button-text\">Th\u00e9rapeute ? D\u00e9couvrez notre pack sp\u00e9cial pour la revente<\/span>\n\t\t\t\t\t<\/span>\n\t\t\t\t\t<\/a>\n\t\t\t\t\t\t\t\t<\/div>\n\t\t\t\t<div class=\"elementor-element elementor-element-e2a1536 elementor-widget elementor-widget-heading\" data-id=\"e2a1536\" data-element_type=\"widget\" data-e-type=\"widget\" data-widget_type=\"heading.default\">\n\t\t\t\t\t<h2 class=\"elementor-heading-title elementor-size-default\">A la d\u00e9couverte des plaques d'\u00e9nergie pourpre Nikola Tesla<\/h2>\t\t\t\t<\/div>\n\t\t\t\t\t<\/div>\n\t\t\t\t<\/div>\n\t\t<div class=\"elementor-element elementor-element-92fd941 e-flex e-con-boxed e-con e-parent\" data-id=\"92fd941\" data-element_type=\"container\" data-e-type=\"container\">\n\t\t\t\t\t<div class=\"e-con-inner\">\n\t\t<div class=\"elementor-element elementor-element-4ab5df8 e-con-full e-flex e-con e-child\" data-id=\"4ab5df8\" data-element_type=\"container\" data-e-type=\"container\">\n\t\t\t\t<div class=\"elementor-element elementor-element-e17ded9 elementor-widget elementor-widget-video\" data-id=\"e17ded9\" data-element_type=\"widget\" data-e-type=\"widget\" data-settings=\"{&quot;youtube_url&quot;:&quot;https:\\\/\\\/www.youtube.com\\\/watch?v=OiSPnvDBF_I&quot;,&quot;video_type&quot;:&quot;youtube&quot;,&quot;controls&quot;:&quot;yes&quot;}\" data-widget_type=\"video.default\">\n\t\t\t\t\t\t\t<div class=\"elementor-wrapper elementor-open-inline\">\n\t\t\t<div class=\"elementor-video\"><\/div>\t\t<\/div>\n\t\t\t\t\t\t<\/div>\n\t\t\t\t<\/div>\n\t\t<div class=\"elementor-element elementor-element-367f2c7 e-con-full e-flex e-con e-child\" data-id=\"367f2c7\" data-element_type=\"container\" data-e-type=\"container\">\n\t\t\t\t<div class=\"elementor-element elementor-element-c3d30ae elementor-widget elementor-widget-image\" data-id=\"c3d30ae\" data-element_type=\"widget\" data-e-type=\"widget\" data-widget_type=\"image.default\">\n\t\t\t\t\t\t\t\t\t\t\t\t<figure class=\"wp-caption\">\n\t\t\t\t\t\t\t\t\t\t<img decoding=\"async\" width=\"800\" height=\"815\" src=\"https:\/\/patchquantique-france.fr\/wp-content\/uploads\/2024\/02\/livret_tesla.webp\" class=\"attachment-large size-large wp-image-248630\" alt=\"\" srcset=\"https:\/\/patchquantique-france.fr\/wp-content\/uploads\/2024\/02\/livret_tesla.webp 800w, https:\/\/patchquantique-france.fr\/wp-content\/uploads\/2024\/02\/livret_tesla-294x300.webp 294w, https:\/\/patchquantique-france.fr\/wp-content\/uploads\/2024\/02\/livret_tesla-768x782.webp 768w, https:\/\/patchquantique-france.fr\/wp-content\/uploads\/2024\/02\/livret_tesla-94x96.webp 94w, https:\/\/patchquantique-france.fr\/wp-content\/uploads\/2024\/02\/livret_tesla-42x42.webp 42w, https:\/\/patchquantique-france.fr\/wp-content\/uploads\/2024\/02\/livret_tesla-60x60.webp 60w, https:\/\/patchquantique-france.fr\/wp-content\/uploads\/2024\/02\/livret_tesla-480x489.webp 480w, https:\/\/patchquantique-france.fr\/wp-content\/uploads\/2024\/02\/livret_tesla-600x611.webp 600w\" sizes=\"(max-width: 800px) 100vw, 800px\" title=\"\">\t\t\t\t\t\t\t\t\t\t\t<figcaption class=\"widget-image-caption wp-caption-text\"><p>Toutes nos plaques Tesla sont livr\u00e9es avec notre livret d'utilisation et d'entretien de 16 pages<\/p><\/figcaption>\n\t\t\t\t\t\t\t\t\t\t<\/figure>\n\t\t\t\t\t\t\t\t\t<\/div>\n\t\t\t\t<\/div>\n\t\t\t\t\t<\/div>\n\t\t\t\t<\/div>\n\t\t<div class=\"elementor-element elementor-element-77d07cb e-flex e-con-boxed e-con e-parent\" data-id=\"77d07cb\" data-element_type=\"container\" data-e-type=\"container\" data-settings=\"{&quot;background_background&quot;:&quot;classic&quot;}\">\n\t\t\t\t\t<div class=\"e-con-inner\">\n\t\t\t\t<div class=\"elementor-element elementor-element-3aae84e elementor-widget elementor-widget-text-editor\" data-id=\"3aae84e\" data-element_type=\"widget\" data-e-type=\"widget\" data-widget_type=\"text-editor.default\">\n\t\t\t\t\t\t\t\t\t<p><strong><span>L&#8217;efficacit\u00e9 des produits Tesla selon des crit\u00e8res acad\u00e9miques n&#8217;a pas encore \u00e9t\u00e9 prouv\u00e9e. Nous soulignons express\u00e9ment que nous ne promettons aucun effet curatif.\u00a0Les d\u00e9clarations faites sont bas\u00e9es sur des valeurs empiriques.\u00a0L&#8217;utilisation de nos produits pour des probl\u00e8mes de sant\u00e9 ne remplace pas une visite chez un m\u00e9decin, ni ne justifie l&#8217;arr\u00eat d&#8217;un traitement en cours !\u00a0L&#8217;utilisateur est responsable de l&#8217;utilisation et du choix de la bonne application<\/span><\/strong><\/p>\t\t\t\t\t\t\t\t<\/div>\n\t\t\t\t\t<\/div>\n\t\t\t\t<\/div>\n\t\t<div class=\"elementor-element elementor-element-d87e185 e-flex e-con-boxed e-con e-parent\" data-id=\"d87e185\" data-element_type=\"container\" data-e-type=\"container\" id=\"pack-thera\" data-settings=\"{&quot;background_background&quot;:&quot;classic&quot;}\">\n\t\t\t\t\t<div class=\"e-con-inner\">\n\t\t<div class=\"elementor-element elementor-element-9d43373 e-con-full e-flex e-con e-child\" data-id=\"9d43373\" data-element_type=\"container\" data-e-type=\"container\">\n\t\t\t\t<div class=\"elementor-element elementor-element-1420be2 elementor-widget elementor-widget-heading\" data-id=\"1420be2\" data-element_type=\"widget\" data-e-type=\"widget\" data-widget_type=\"heading.default\">\n\t\t\t\t\t<h2 class=\"elementor-heading-title elementor-size-default\">Pack Tesla sp\u00e9cial th\u00e9rapeute<\/h2>\t\t\t\t<\/div>\n\t\t\t\t<div class=\"elementor-element elementor-element-ecc7596 elementor-widget elementor-widget-text-editor\" data-id=\"ecc7596\" data-element_type=\"widget\" data-e-type=\"widget\" data-widget_type=\"text-editor.default\">\n\t\t\t\t\t\t\t\t\t<p>Vous \u00eates d\u00e9sireux de faire d\u00e9couvrir les produits Tesla \u00e0 votre client\u00e8le mais ne souhaitez pas engager trop de tr\u00e9sorerie ? Ce pack est fait pour vous !<\/p>\n<p>Compos\u00e9 de 13 pi\u00e8ces, sa valeur sur Patch Quantique France est seulement de 169 \u20ac + 8.50 \u20ac de frais de port, alors que le prix de vente global des pi\u00e8ces est de 348.85 \u20ac.<\/p>\n<p>Voil\u00e0 plus de cinquante ans que les plaques Tesla soulagent des millions de gens de par le monde. Nos plaques Tesla sont fabriqu\u00e9es en France dans le respect rigoureux du brevet N\u00b0 685 958 d\u00e9pos\u00e9 en 1901 par Nikola Tesla. L&#8217;aluminium utilis\u00e9 est de qualit\u00e9 a\u00e9ronotique, c&#8217;est \u00e0 dire tr\u00e8s pur.<\/p>\n<p><strong>Ce pack n&#8217;est pas r\u00e9serv\u00e9 aux th\u00e9rapeutes. Vous pouvez tr\u00e8s bien \u00eatre une personne attentionn\u00e9e d\u00e9sireuse de faire d\u00e9couvrir les produits Tesla \u00e0 votre entourage<\/strong> <img decoding=\"async\" src=\"https:\/\/patchquantique-france.fr\/wp-content\/themes\/Divi\/includes\/builder\/frontend-builder\/assets\/vendors\/plugins\/emoticons\/img\/smiley-smile.gif\" alt=\"smile\" title=\"\"><\/p>\t\t\t\t\t\t\t\t<\/div>\n\t\t\t\t<\/div>\n\t\t<div class=\"elementor-element elementor-element-f0d32d6 e-con-full e-flex e-con e-child\" data-id=\"f0d32d6\" data-element_type=\"container\" data-e-type=\"container\">\n\t\t\t\t<div class=\"woocommerce elementor-element elementor-element-238283c elementor-grid-1 elementor-grid-tablet-2 elementor-grid-mobile-1 elementor-widget elementor-widget-loop-grid\" data-id=\"238283c\" data-element_type=\"widget\" data-e-type=\"widget\" data-settings=\"{&quot;_skin&quot;:&quot;product&quot;,&quot;template_id&quot;:&quot;253214&quot;,&quot;columns&quot;:1,&quot;columns_tablet&quot;:&quot;2&quot;,&quot;columns_mobile&quot;:&quot;1&quot;,&quot;edit_handle_selector&quot;:&quot;[data-elementor-type=\\&quot;loop-item\\&quot;]&quot;,&quot;row_gap&quot;:{&quot;unit&quot;:&quot;px&quot;,&quot;size&quot;:&quot;&quot;,&quot;sizes&quot;:[]},&quot;row_gap_tablet&quot;:{&quot;unit&quot;:&quot;px&quot;,&quot;size&quot;:&quot;&quot;,&quot;sizes&quot;:[]},&quot;row_gap_mobile&quot;:{&quot;unit&quot;:&quot;px&quot;,&quot;size&quot;:&quot;&quot;,&quot;sizes&quot;:[]}}\" data-widget_type=\"loop-grid.product\">\n\t\t\t\t<div class=\"elementor-widget-container\">\n\t\t\t\t\t\t\t<div class=\"e-loop-nothing-found-message\">\n\t\t<\/div>\n\t\t\t\t\t\t<\/div>\n\t\t\t\t<\/div>\n\t\t\t\t<\/div>\n\t\t\t\t\t<\/div>\n\t\t\t\t<\/div>\n\t\t\t\t<\/div>\n\t\t","protected":false},"excerpt":{"rendered":"<p>Les authentiques plaques d&#8217;\u00e9nergie Tesla fabriqu\u00e9es \u00e0 la main selon le brevet de Nikola Tesla N\u00b0 685.958 sur l&#8217;\u00e9nergie radiante d\u00e9pos\u00e9 le 5 novembre 1901. Cr\u00e9es en 1971 par l&#8217;ing\u00e9nieur Allemand Ralph Bergstresser, les plaques d&#8217;\u00e9nergie pourpre Tesla sont utilis\u00e9es par des millions de gens de par le monde. Leurs usages b\u00e9n\u00e9fiques sont nombreux. Si [&hellip;]<\/p>\n","protected":false},"author":1,"featured_media":0,"parent":0,"menu_order":0,"comment_status":"closed","ping_status":"closed","template":"","meta":{"footnotes":""},"info_patch_cat":[],"class_list":["post-241769","page","type-page","status-publish","hentry"],"_links":{"self":[{"href":"https:\/\/patchquantique-france.fr\/es\/wp-json\/wp\/v2\/pages\/241769","targetHints":{"allow":["GET"]}}],"collection":[{"href":"https:\/\/patchquantique-france.fr\/es\/wp-json\/wp\/v2\/pages"}],"about":[{"href":"https:\/\/patchquantique-france.fr\/es\/wp-json\/wp\/v2\/types\/page"}],"author":[{"embeddable":true,"href":"https:\/\/patchquantique-france.fr\/es\/wp-json\/wp\/v2\/users\/1"}],"replies":[{"embeddable":true,"href":"https:\/\/patchquantique-france.fr\/es\/wp-json\/wp\/v2\/comments?post=241769"}],"version-history":[{"count":44,"href":"https:\/\/patchquantique-france.fr\/es\/wp-json\/wp\/v2\/pages\/241769\/revisions"}],"predecessor-version":[{"id":254349,"href":"https:\/\/patchquantique-france.fr\/es\/wp-json\/wp\/v2\/pages\/241769\/revisions\/254349"}],"wp:attachment":[{"href":"https:\/\/patchquantique-france.fr\/es\/wp-json\/wp\/v2\/media?parent=241769"}],"wp:term":[{"taxonomy":"info_patch_cat","embeddable":true,"href":"https:\/\/patchquantique-france.fr\/es\/wp-json\/wp\/v2\/info_patch_cat?post=241769"}],"curies":[{"name":"wp","href":"https:\/\/api.w.org\/{rel}","templated":true}]}}