{"id":241372,"date":"2022-05-25T19:44:52","date_gmt":"2022-05-25T17:44:52","guid":{"rendered":"https:\/\/patchquantique-france.fr\/?page_id=241372"},"modified":"2026-01-03T15:02:20","modified_gmt":"2026-01-03T14:02:20","slug":"allevi8-pro-parche-para-animales","status":"publish","type":"page","link":"https:\/\/patchquantique-france.fr\/es\/patch-allevi8-pro-pour-animaux\/","title":{"rendered":"Allevi8 pro parche para animales"},"content":{"rendered":"<div data-elementor-type=\"wp-page\" data-elementor-id=\"241372\" class=\"elementor elementor-241372\" data-elementor-post-type=\"page\">\n\t\t\t\t<div class=\"elementor-element elementor-element-f750af4 e-flex e-con-boxed e-con e-parent\" data-id=\"f750af4\" data-element_type=\"container\" data-e-type=\"container\">\n\t\t\t\t\t<div class=\"e-con-inner\">\n\t\t\t\t<div class=\"elementor-element elementor-element-2a208cd elementor-widget elementor-widget-text-editor\" data-id=\"2a208cd\" data-element_type=\"widget\" data-e-type=\"widget\" data-widget_type=\"text-editor.default\">\n\t\t\t\t\t\t\t\t\tEl parche cu\u00e1ntico Allevi8 Pro alivia los dolores musculares, tendinosos, articulares, reum\u00e1ticos... \u00bfPor qu\u00e9 no utilizarlo para <a href=\"https:\/\/patchquantique-france.fr\/es\/pedido-quantum-patch-allevi8pro\/\">tranquilizar a un animal<\/a> \u00bfQu\u00e9 hacer cuando tu mascota sufre? Lo primero y m\u00e1s importante es llevarla r\u00e1pidamente al veterinario. Pero una vez que el veterinario le ha curado la pata, llega la convalecencia... \u00bfPuede el parche Allevi8 Pro aliviar a tu mascota? Gracias a su textura de fibras naturales y sus activos vegetales infusionados, el parche cu\u00e1ntico Allevi8 Pro puede proporcionar alivio al animal que sufre.\t\t\t\t\t\t\t\t<\/div>\n\t\t\t\t<div class=\"elementor-element elementor-element-a9e0027 elementor-widget elementor-widget-heading\" data-id=\"a9e0027\" data-element_type=\"widget\" data-e-type=\"widget\" data-widget_type=\"heading.default\">\n\t\t\t\t\t<h2 class=\"elementor-heading-title elementor-size-default\">Dolor debido al choque<\/h2>\t\t\t\t<\/div>\n\t\t\t\t<div class=\"elementor-element elementor-element-e191bc3 elementor-widget elementor-widget-text-editor\" data-id=\"e191bc3\" data-element_type=\"widget\" data-e-type=\"widget\" data-widget_type=\"text-editor.default\">\n\t\t\t\t\t\t\t\t\tUn coche, una ca\u00edda... Por desgracia, son muchos los peligros que acechan a nuestras mascotas. Una vez que el veterinario haya puesto al animal en pie, puede facilitar su recuperaci\u00f3n  y aliviar su dolor colocando medio parche Allevi8 pro (o un cuarto, seg\u00fan el tama\u00f1o del animal) en la zona de la lesi\u00f3n. <strong>Si el veterinario ha colocado un vendaje, \u00a1no lo quite bajo ning\u00fan concepto!<\/strong> Haga otro vendaje en el que fije el parche contra la piel. Elija una zona limpia, que no sangre. No coloque el parche Allevi8 pro directamente sobre una herida. Recuerde cambiar el parche y el vendaje con regularidad, cada d\u00eda o cada dos d\u00edas.\t\t\t\t\t\t\t\t<\/div>\n\t\t\t\t<div class=\"elementor-element elementor-element-3752e21 elementor-widget elementor-widget-heading\" data-id=\"3752e21\" data-element_type=\"widget\" data-e-type=\"widget\" data-widget_type=\"heading.default\">\n\t\t\t\t\t<h2 class=\"elementor-heading-title elementor-size-default\">Parche Allevi8 pro para el dolor asociado a la edad<\/h2>\t\t\t\t<\/div>\n\t\t\t\t<div class=\"elementor-element elementor-element-549cef4 elementor-widget elementor-widget-text-editor\" data-id=\"549cef4\" data-element_type=\"widget\" data-e-type=\"widget\" data-widget_type=\"text-editor.default\">\n\t\t\t\t\t\t\t\t\t\u00bfTu perro o gato tiene reumatismo porque es mayor? \u00bfHay d\u00edas en los que cojea y se resiste a salir? No es necesario administrarle demasiados medicamentos: envejecer no es una enfermedad. En este caso, tambi\u00e9n puedes colocar entre 2 y 4 parches cu\u00e1nticos Allevi8 Pro en las zonas clave, especialmente en el cuello, y fijarlos con una cinta adhesiva.\t\t\t\t\t\t\t\t<\/div>\n\t\t\t\t<div class=\"elementor-element elementor-element-6cb043d elementor-widget elementor-widget-heading\" data-id=\"6cb043d\" data-element_type=\"widget\" data-e-type=\"widget\" data-widget_type=\"heading.default\">\n\t\t\t\t\t<h2 class=\"elementor-heading-title elementor-size-default\">Principios activos vegetales<\/h2>\t\t\t\t<\/div>\n\t\t\t\t<div class=\"elementor-element elementor-element-0f727da elementor-widget elementor-widget-text-editor\" data-id=\"0f727da\" data-element_type=\"widget\" data-e-type=\"widget\" data-widget_type=\"text-editor.default\">\n\t\t\t\t\t\t\t\t\tHora tras hora, el parche cu\u00e1ntico Allevi8 Pro libera sus principios activos vegetales. La sinergia de la ginseg roja y el jengibre.<span>La capsaicina calmar\u00e1 y tranquilizar\u00e1 a su mascota. El aroma suave y agradable del parche aportar\u00e1 dulzura y tranquilidad.\u00a0<\/span>\n<h3><span>Un parche 100% natural<\/span><\/h3>\n<span><\/span>\n\n<span>No se preocupe por la posibilidad de que su mascota se intoxique si lame el parche, ya que es totalmente natural y no supone ning\u00fan riesgo. Adem\u00e1s, puede colocar los parches usados al pie de las plantas en maceta, ya que les vendr\u00e1 muy bien.\u00a0<\/span>\t\t\t\t\t\t\t\t<\/div>\n\t\t\t\t<div class=\"elementor-element elementor-element-a5e0514 elementor-widget elementor-widget-heading\" data-id=\"a5e0514\" data-element_type=\"widget\" data-e-type=\"widget\" data-widget_type=\"heading.default\">\n\t\t\t\t\t<h2 class=\"elementor-heading-title elementor-size-default\">Parches Allevi8 pro para calmar el estr\u00e9s del animal<\/h2>\t\t\t\t<\/div>\n\t\t\t\t<div class=\"elementor-element elementor-element-f786c6b elementor-widget elementor-widget-text-editor\" data-id=\"f786c6b\" data-element_type=\"widget\" data-e-type=\"widget\" data-widget_type=\"text-editor.default\">\n\t\t\t\t\t\t\t\t\tTras un golpe, un suceso traum\u00e1tico o porque sufre, el animal puede experimentar un estr\u00e9s intenso que, al igual que en los seres humanos, tiene consecuencias. Dado que tambi\u00e9n act\u00faa sobre el cuerpo energ\u00e9tico, el parche cu\u00e1ntico Allevi8 Pro puede contribuir a calmar al animal.Puede colocar un parche o parte de un parche en la zona del cuello. Si est\u00e1 demasiado cerca del hocico y molesta al perro o al gato, al\u00e9jelo. El comportamiento del animal le servir\u00e1 de gu\u00eda.\t\t\t\t\t\t\t\t<\/div>\n\t\t\t\t<div class=\"elementor-element elementor-element-621c495 elementor-widget elementor-widget-heading\" data-id=\"621c495\" data-element_type=\"widget\" data-e-type=\"widget\" data-widget_type=\"heading.default\">\n\t\t\t\t\t<h2 class=\"elementor-heading-title elementor-size-default\">Comience con un programa de 1 mes<\/h2>\t\t\t\t<\/div>\n\t\t\t\t<div class=\"elementor-element elementor-element-993516d elementor-widget elementor-widget-text-editor\" data-id=\"993516d\" data-element_type=\"widget\" data-e-type=\"widget\" data-widget_type=\"text-editor.default\">\n\t\t\t\t\t\t\t\t\t<p>Es preferible comenzar con un <a href=\"https:\/\/patchquantique-france.fr\/es\/allevi8-pro-parche-quantum\/\">programa de 30 d\u00edas<\/a> (15 parches) y ver c\u00f3mo reacciona el animal. Es muy probable que los parches Allevi8 Pro le alivien, por lo que podr\u00e1 pedir sus parches cu\u00e1nticos y beneficiarse de tarifas decrecientes.<\/p>\t\t\t\t\t\t\t\t<\/div>\n\t\t\t\t\t<\/div>\n\t\t\t\t<\/div>\n\t\t\t\t<\/div>","protected":false},"excerpt":{"rendered":"<p>Le patch quantique Allevi8 Pro soulage les humains de leurs douleurs musculaires, tendineuses, articulaires, rhumatismales&#8230;pourquoi ne pas l&#8217;utiliser pour soulager un animal ? Lorsque votre petit compagnon souffre, il est d&#8217;abord tr\u00e8s important de le montrer rapidement \u00e0 un v\u00e9t\u00e9rinaire. Mais lorsque le praticien \u00e0 r\u00e9par\u00e9 la patte, il y a la convalescence&#8230;le patch Allevi8 [&hellip;]<\/p>\n","protected":false},"author":1,"featured_media":253767,"parent":0,"menu_order":0,"comment_status":"closed","ping_status":"closed","template":"","meta":{"footnotes":""},"info_patch_cat":[135],"class_list":["post-241372","page","type-page","status-publish","has-post-thumbnail","hentry","info_patch_cat-patchs-quantiques-allevi8-pro"],"_links":{"self":[{"href":"https:\/\/patchquantique-france.fr\/es\/wp-json\/wp\/v2\/pages\/241372","targetHints":{"allow":["GET"]}}],"collection":[{"href":"https:\/\/patchquantique-france.fr\/es\/wp-json\/wp\/v2\/pages"}],"about":[{"href":"https:\/\/patchquantique-france.fr\/es\/wp-json\/wp\/v2\/types\/page"}],"author":[{"embeddable":true,"href":"https:\/\/patchquantique-france.fr\/es\/wp-json\/wp\/v2\/users\/1"}],"replies":[{"embeddable":true,"href":"https:\/\/patchquantique-france.fr\/es\/wp-json\/wp\/v2\/comments?post=241372"}],"version-history":[{"count":6,"href":"https:\/\/patchquantique-france.fr\/es\/wp-json\/wp\/v2\/pages\/241372\/revisions"}],"predecessor-version":[{"id":253819,"href":"https:\/\/patchquantique-france.fr\/es\/wp-json\/wp\/v2\/pages\/241372\/revisions\/253819"}],"wp:featuredmedia":[{"embeddable":true,"href":"https:\/\/patchquantique-france.fr\/es\/wp-json\/wp\/v2\/media\/253767"}],"wp:attachment":[{"href":"https:\/\/patchquantique-france.fr\/es\/wp-json\/wp\/v2\/media?parent=241372"}],"wp:term":[{"taxonomy":"info_patch_cat","embeddable":true,"href":"https:\/\/patchquantique-france.fr\/es\/wp-json\/wp\/v2\/info_patch_cat?post=241372"}],"curies":[{"name":"wp","href":"https:\/\/api.w.org\/{rel}","templated":true}]}}