{"id":241255,"date":"2022-05-24T17:10:57","date_gmt":"2022-05-24T15:10:57","guid":{"rendered":"https:\/\/patchquantique-france.fr\/?page_id=241255"},"modified":"2026-01-05T08:33:54","modified_gmt":"2026-01-05T07:33:54","slug":"prix-des-patchs-quantiques-allevi8-pro","status":"publish","type":"page","link":"https:\/\/patchquantique-france.fr\/es\/prix-des-patchs-quantiques-allevi8-pro\/","title":{"rendered":"Precio de los parches cu\u00e1nticos Allevi8 Pro"},"content":{"rendered":"<div data-elementor-type=\"wp-page\" data-elementor-id=\"241255\" class=\"elementor elementor-241255\" data-elementor-post-type=\"page\">\n\t\t\t\t<div class=\"elementor-element elementor-element-47565c5 e-flex e-con-boxed e-con e-parent\" data-id=\"47565c5\" data-element_type=\"container\" data-e-type=\"container\">\n\t\t\t\t\t<div class=\"e-con-inner\">\n\t\t\t\t<div class=\"elementor-element elementor-element-101cea0 elementor-widget elementor-widget-text-editor\" data-id=\"101cea0\" data-element_type=\"widget\" data-e-type=\"widget\" data-widget_type=\"text-editor.default\">\n\t\t\t\t\t\t\t\t\tLos precios de los parches cu\u00e1nticos Allevi8 Pro son decrecientes seg\u00fan el programa que elijas. Estos son los precios para Francia, Europa y Canad\u00e1.\t\t\t\t\t\t\t\t<\/div>\n\t\t\t\t\t<\/div>\n\t\t\t\t<\/div>\n\t\t<div class=\"elementor-element elementor-element-59d27ad e-flex e-con-boxed e-con e-parent\" data-id=\"59d27ad\" data-element_type=\"container\" data-e-type=\"container\">\n\t\t\t\t\t<div class=\"e-con-inner\">\n\t\t\t\t<div class=\"elementor-element elementor-element-4c0b827 elementor-widget elementor-widget-shortcode\" data-id=\"4c0b827\" data-element_type=\"widget\" data-e-type=\"widget\" data-widget_type=\"shortcode.default\">\n\t\t\t\t\t\t\t<div class=\"elementor-shortcode\">\n<table id=\"tablepress-4\" class=\"tablepress tablepress-id-4\">\n<thead>\n<tr class=\"row-1\">\n\t<th class=\"column-1\">PROGRAMA<\/th><th class=\"column-2\">N\u00daMERO DE PARCHES<\/th><th class=\"column-3\">PRECIO DEL PROGRAMA<\/th><th class=\"column-4\">PRECIO DEL PARCHE<\/th>\n<\/tr>\n<\/thead>\n<tbody class=\"row-striping row-hover\">\n<tr class=\"row-2\">\n\t<td class=\"column-1\">Parche cu\u00e1ntico de 1 mes: <a href=\"https:\/\/patchquantique-france.fr\/es\/patch-quantique-allevi8-pro\/\">Parche cu\u00e1ntico Allevi8 Pro del Dr. Minsoo Kim<\/a><\/td><td class=\"column-2\">15<\/td><td class=\"column-3\"><span class=\"woocommerce-Price-amount amount\"><bdi>69,90&nbsp;<span class=\"woocommerce-Price-currencySymbol\">\u20ac<\/span><\/bdi><\/span><\/td><td class=\"column-4\"><span class=\"woocommerce-Price-amount amount\"><bdi>4,66&nbsp;<span class=\"woocommerce-Price-currencySymbol\">\u20ac<\/span><\/bdi><\/span><\/td>\n<\/tr>\n<tr class=\"row-3\">\n\t<td class=\"column-1\">Parche cu\u00e1ntico 2 meses: <a href=\"https:\/\/patchquantique-france.fr\/es\/patch-quantique-allevi8-pro-2-pochettes\/\">Parche cu\u00e1ntico Allevi8 Pro - 2 bolsillos<\/a><\/td><td class=\"column-2\">30<\/td><td class=\"column-3\"><span class=\"woocommerce-Price-amount amount\"><bdi>124,90&nbsp;<span class=\"woocommerce-Price-currencySymbol\">\u20ac<\/span><\/bdi><\/span><\/td><td class=\"column-4\"><span class=\"woocommerce-Price-amount amount\"><bdi>4,16&nbsp;<span class=\"woocommerce-Price-currencySymbol\">\u20ac<\/span><\/bdi><\/span><\/td>\n<\/tr>\n<tr class=\"row-4\">\n\t<td class=\"column-1\">Parche cu\u00e1ntico de 3 meses: <a href=\"https:\/\/patchquantique-france.fr\/es\/patch-quantique-allevi8-pro-3-pochettes\/\">Parche cu\u00e1ntico Allevi8 Pro - 3 bolsillos<\/a><\/td><td class=\"column-2\">45<\/td><td class=\"column-3\"><span class=\"woocommerce-Price-amount amount\"><bdi>169,90&nbsp;<span class=\"woocommerce-Price-currencySymbol\">\u20ac<\/span><\/bdi><\/span><\/td><td class=\"column-4\"><span class=\"woocommerce-Price-amount amount\"><bdi>3,78&nbsp;<span class=\"woocommerce-Price-currencySymbol\">\u20ac<\/span><\/bdi><\/span><\/td>\n<\/tr>\n<tr class=\"row-5\">\n\t<td class=\"column-1\">Parche cu\u00e1ntico de 6 meses: <a href=\"https:\/\/patchquantique-france.fr\/es\/patch-quantique-allevi8-pro-6-pochettes\/\">Parches cu\u00e1nticos Allevi8 Pro \u2013 6 bolsitas<\/a><\/td><td class=\"column-2\">90<\/td><td class=\"column-3\"><span class=\"woocommerce-Price-amount amount\"><bdi>299,00&nbsp;<span class=\"woocommerce-Price-currencySymbol\">\u20ac<\/span><\/bdi><\/span><\/td><td class=\"column-4\"><span class=\"woocommerce-Price-amount amount\"><bdi>3,32&nbsp;<span class=\"woocommerce-Price-currencySymbol\">\u20ac<\/span><\/bdi><\/span><\/td>\n<\/tr>\n<\/tbody>\n<\/table>\n<!-- #tablepress-4 from cache --><\/div>\n\t\t\t\t\t\t<\/div>\n\t\t\t\t<div class=\"elementor-element elementor-element-411682b elementor-widget elementor-widget-heading\" data-id=\"411682b\" data-element_type=\"widget\" data-e-type=\"widget\" data-widget_type=\"heading.default\">\n\t\t\t\t\t<h2 class=\"elementor-heading-title elementor-size-default\">Precio de los kits de parches Allevi8 pro + placa Tesla<\/h2>\t\t\t\t<\/div>\n\t\t\t\t<div class=\"elementor-element elementor-element-13f3798 elementor-widget elementor-widget-shortcode\" data-id=\"13f3798\" data-element_type=\"widget\" data-e-type=\"widget\" data-widget_type=\"shortcode.default\">\n\t\t\t\t\t\t\t<div class=\"elementor-shortcode\">\n<table id=\"tablepress-5\" class=\"tablepress tablepress-id-5\">\n<thead>\n<tr class=\"row-1\">\n\t<th class=\"column-1\">PROGRAMA<\/th><th class=\"column-2\">N\u00daMERO DE PARCHES<\/th><th class=\"column-3\">PRECIO DEL PAQUETE (con placa Tesla)<\/th>\n<\/tr>\n<\/thead>\n<tbody class=\"row-striping row-hover\">\n<tr class=\"row-2\">\n\t<td class=\"column-1\"><a href=\"https:\/\/patchquantique-france.fr\/es\/patch-quantique-allevi8-pro-plus-plaque-energie-tesla\/\">Parche cu\u00e1ntico Allevi8 Pro + placa de energ\u00eda Tesla<\/a><\/td><td class=\"column-2\">15<\/td><td class=\"column-3\"><span class=\"woocommerce-Price-amount amount\"><bdi>89,00&nbsp;<span class=\"woocommerce-Price-currencySymbol\">\u20ac<\/span><\/bdi><\/span><\/td>\n<\/tr>\n<tr class=\"row-3\">\n\t<td class=\"column-1\">Parche Quantum 2 meses<\/td><td class=\"column-2\">30<\/td><td class=\"column-3\"><span class=\"woocommerce-Price-amount amount\"><bdi>144,30&nbsp;<span class=\"woocommerce-Price-currencySymbol\">\u20ac<\/span><\/bdi><\/span><\/td>\n<\/tr>\n<tr class=\"row-4\">\n\t<td class=\"column-1\">Parche Quantum 3 meses<\/td><td class=\"column-2\">45<\/td><td class=\"column-3\"><span class=\"woocommerce-Price-amount amount\"><bdi>187,00&nbsp;<span class=\"woocommerce-Price-currencySymbol\">\u20ac<\/span><\/bdi><\/span><\/td>\n<\/tr>\n<\/tbody>\n<\/table>\n<!-- #tablepress-5 from cache --><\/div>\n\t\t\t\t\t\t<\/div>\n\t\t\t\t\t<\/div>\n\t\t\t\t<\/div>\n\t\t<div class=\"elementor-element elementor-element-e5f9288 e-flex e-con-boxed e-con e-parent\" data-id=\"e5f9288\" data-element_type=\"container\" data-e-type=\"container\">\n\t\t\t\t\t<div class=\"e-con-inner\">\n\t\t\t\t<div class=\"elementor-element elementor-element-32ead0f elementor-widget elementor-widget-text-editor\" data-id=\"32ead0f\" data-element_type=\"widget\" data-e-type=\"widget\" data-widget_type=\"text-editor.default\">\n\t\t\t\t\t\t\t\t\t<p>Seg\u00fan las recomendaciones del Dr. Minsoo Kim, se aconseja cambiar el parche cada 48 horas. Dependiendo de las zonas doloridas, puede cortar los parches en trozos y aplicarlos sobre las zonas sensibles. <strong>Nota: al igual que con todos los productos naturales, se recomienda un uso prolongado. No olvide beber mucha agua y utilizar la ficha de seguimiento que se incluye con los parches.<\/strong><\/p><h2>El programa de fidelidad Patch Quantique France<\/h2><p>No olvide que cada euro gastado le da un punto y que se le ofrece una escala de descuentos muy ventajosa. Muchos de nuestros mejores clientes han obtenido un descuento permanente de 10%. Consulte las escalas y condiciones en <a href=\"https:\/\/patchquantique-france.fr\/es\/le-programme-fidelite-affiliation-de-patch-quantique-france\/\">P\u00e1gina de fidelizaci\u00f3n y afiliaci\u00f3n<\/a>.<\/p><h2>Gastos de env\u00edo<\/h2><p>Nuestros gastos de env\u00edo se calculan con la mayor precisi\u00f3n posible y se ajustan a las tarifas 2026 de Correos de Francia. Los precios detallados de los gastos de env\u00edo se pueden consultar en la p\u00e1gina de <a href=\"https:\/\/patchquantique-france.fr\/es\/conditions-de-livraison\/\">gastos de env\u00edo<\/a>. Los plazos de entrega son de 2 d\u00edas laborables para Francia. Todos los pedidos de parches cu\u00e1nticos Allevi8 pro realizados antes del mediod\u00eda se env\u00edan el mismo d\u00eda.<br \/>Seg\u00fan las recomendaciones del Dr. Minsoo Kim, hay que cambiar de parche cada 48 horas. Seg\u00fan las zonas doloridas, puedes cortar los parches en trozos y aplicarlos en las zonas sensibles. <strong>Nota: al igual que con todos los productos naturales, se recomienda un uso prolongado. No olvide beber mucha agua y utilizar la hoja de seguimiento que se incluye con los parches.<\/strong><\/p>\t\t\t\t\t\t\t\t<\/div>\n\t\t\t\t\t<\/div>\n\t\t\t\t<\/div>\n\t\t\t\t<\/div>","protected":false},"excerpt":{"rendered":"<p>Les prix des patchs quantiques Allevi8 Pro sont d\u00e9gressifs selon le programme que vous choisissez. Voici les tarifs pour la France, l&#8217;Europe et le Canada. Prix des assortiments patch Allevi8 pro + plaque Tesla Selon les pr\u00e9conisations du Dr Minsoo Kim, il est conseill\u00e9 de changer son patch toutes les 48h00. Selon les zones douloureuses, [&hellip;]<\/p>\n","protected":false},"author":1,"featured_media":253850,"parent":0,"menu_order":0,"comment_status":"closed","ping_status":"closed","template":"","meta":{"footnotes":""},"info_patch_cat":[135],"class_list":["post-241255","page","type-page","status-publish","has-post-thumbnail","hentry","info_patch_cat-patchs-quantiques-allevi8-pro"],"_links":{"self":[{"href":"https:\/\/patchquantique-france.fr\/es\/wp-json\/wp\/v2\/pages\/241255","targetHints":{"allow":["GET"]}}],"collection":[{"href":"https:\/\/patchquantique-france.fr\/es\/wp-json\/wp\/v2\/pages"}],"about":[{"href":"https:\/\/patchquantique-france.fr\/es\/wp-json\/wp\/v2\/types\/page"}],"author":[{"embeddable":true,"href":"https:\/\/patchquantique-france.fr\/es\/wp-json\/wp\/v2\/users\/1"}],"replies":[{"embeddable":true,"href":"https:\/\/patchquantique-france.fr\/es\/wp-json\/wp\/v2\/comments?post=241255"}],"version-history":[{"count":19,"href":"https:\/\/patchquantique-france.fr\/es\/wp-json\/wp\/v2\/pages\/241255\/revisions"}],"predecessor-version":[{"id":254164,"href":"https:\/\/patchquantique-france.fr\/es\/wp-json\/wp\/v2\/pages\/241255\/revisions\/254164"}],"wp:featuredmedia":[{"embeddable":true,"href":"https:\/\/patchquantique-france.fr\/es\/wp-json\/wp\/v2\/media\/253850"}],"wp:attachment":[{"href":"https:\/\/patchquantique-france.fr\/es\/wp-json\/wp\/v2\/media?parent=241255"}],"wp:term":[{"taxonomy":"info_patch_cat","embeddable":true,"href":"https:\/\/patchquantique-france.fr\/es\/wp-json\/wp\/v2\/info_patch_cat?post=241255"}],"curies":[{"name":"wp","href":"https:\/\/api.w.org\/{rel}","templated":true}]}}