{"id":240776,"date":"2022-05-15T17:37:01","date_gmt":"2022-05-15T15:37:01","guid":{"rendered":"https:\/\/patchquantique-france.fr\/?page_id=240776"},"modified":"2026-01-02T17:16:16","modified_gmt":"2026-01-02T16:16:16","slug":"programme-fidelite-et-affiliation-de-patch-quantique-france","status":"publish","type":"page","link":"https:\/\/patchquantique-france.fr\/es\/programme-fidelite-et-affiliation-de-patch-quantique-france\/","title":{"rendered":"Programa de fidelizaci\u00f3n y afiliaci\u00f3n Patch Quantique France"},"content":{"rendered":"<div data-elementor-type=\"wp-page\" data-elementor-id=\"240776\" class=\"elementor elementor-240776\" data-elementor-post-type=\"page\">\n\t\t\t\t<div class=\"elementor-element elementor-element-fa1d577 e-flex e-con-boxed e-con e-parent\" data-id=\"fa1d577\" data-element_type=\"container\" data-e-type=\"container\">\n\t\t\t\t\t<div class=\"e-con-inner\">\n\t\t\t\t<div class=\"elementor-element elementor-element-f3ea364 elementor-widget elementor-widget-text-editor\" data-id=\"f3ea364\" data-element_type=\"widget\" data-e-type=\"widget\" data-widget_type=\"text-editor.default\">\n\t\t\t\t\t\t\t\t\t<h2>C\u00f3mo participar en el programa de fidelidad y afiliaci\u00f3n Patch Quantique France<\/h2>\nEn Patch Quantique France, sus compras de <a href=\"https:\/\/patchquantique-france.fr\/es\/patch-quantique\/\">parches cu\u00e1nticos<\/a> Allevi8 Pro no s\u00f3lo alivia tu dolor: te hace ganar puntos y te permite pagar cada vez menos por tus parches. \u00a1Tu fidelidad se ve recompensada!\t\t\t\t\t\t\t\t<\/div>\n\t\t\t\t<div class=\"elementor-element elementor-element-1457734 elementor-widget elementor-widget-text-editor\" data-id=\"1457734\" data-element_type=\"widget\" data-e-type=\"widget\" data-widget_type=\"text-editor.default\">\n\t\t\t\t\t\t\t\t\t<h2>2 formas de acumular puntos: fidelidad y patrocinio (afiliaci\u00f3n)<\/h2>\nEl principio general es sencillo: las acciones que realizas en el sitio te hacen ganar puntos. Cuando haya acumulado suficientes puntos, obtendr\u00e1 un descuento permanente en todos los productos Patch Quantique France. Y cuantos m\u00e1s puntos acumule, mayor ser\u00e1 el descuento. Aqu\u00ed tienes algunas formas sencillas de ganar puntos:\t\t\t\t\t\t\t\t<\/div>\n\t\t\t\t<div class=\"elementor-element elementor-element-05321e8 elementor-widget elementor-widget-heading\" data-id=\"05321e8\" data-element_type=\"widget\" data-e-type=\"widget\" data-widget_type=\"heading.default\">\n\t\t\t\t\t<h2 class=\"elementor-heading-title elementor-size-default\">Programa de fidelizaci\u00f3n<\/h2>\t\t\t\t<\/div>\n\t\t\t\t\t<\/div>\n\t\t\t\t<\/div>\n\t\t<div class=\"elementor-element elementor-element-26dd15e prog_fid e-flex e-con-boxed e-con e-parent\" data-id=\"26dd15e\" data-element_type=\"container\" data-e-type=\"container\">\n\t\t\t\t\t<div class=\"e-con-inner\">\n\t\t<div class=\"elementor-element elementor-element-c584a90 e-con-full e-flex e-con e-child\" data-id=\"c584a90\" data-element_type=\"container\" data-e-type=\"container\" data-settings=\"{&quot;background_background&quot;:&quot;classic&quot;}\">\n\t\t\t\t<div class=\"elementor-element elementor-element-9e31435 elementor-widget elementor-widget-text-editor\" data-id=\"9e31435\" data-element_type=\"widget\" data-e-type=\"widget\" data-widget_type=\"text-editor.default\">\n\t\t\t\t\t\t\t\t\t<h3>Sus pedidos<\/h3>\n2 \u20ac gastados = 1 punto ganado Programa de fidelidad\t\t\t\t\t\t\t\t<\/div>\n\t\t\t\t<\/div>\n\t\t<div class=\"elementor-element elementor-element-de36547 e-con-full e-flex e-con e-child\" data-id=\"de36547\" data-element_type=\"container\" data-e-type=\"container\" data-settings=\"{&quot;background_background&quot;:&quot;classic&quot;}\">\n\t\t\t\t<div class=\"elementor-element elementor-element-3219855 elementor-widget elementor-widget-text-editor\" data-id=\"3219855\" data-element_type=\"widget\" data-e-type=\"widget\" data-widget_type=\"text-editor.default\">\n\t\t\t\t\t\t\t\t\t<h3>Sus comentarios<\/h3><p>1 comentario = 20 puntos<br \/>Programa de fidelizaci\u00f3n<\/p>\t\t\t\t\t\t\t\t<\/div>\n\t\t\t\t<\/div>\n\t\t<div class=\"elementor-element elementor-element-9ef00d0 e-con-full e-flex e-con e-child\" data-id=\"9ef00d0\" data-element_type=\"container\" data-e-type=\"container\" data-settings=\"{&quot;background_background&quot;:&quot;classic&quot;}\">\n\t\t\t\t<div class=\"elementor-element elementor-element-415729f elementor-widget elementor-widget-text-editor\" data-id=\"415729f\" data-element_type=\"widget\" data-e-type=\"widget\" data-widget_type=\"text-editor.default\">\n\t\t\t\t\t\t\t\t\t<h3>Compartir en redes sociales<\/h3>\n1 compartici\u00f3n = 20 puntos Programa de fidelidad\t\t\t\t\t\t\t\t<\/div>\n\t\t\t\t<\/div>\n\t\t\t\t\t<\/div>\n\t\t\t\t<\/div>\n\t\t<div class=\"elementor-element elementor-element-992c987 e-flex e-con-boxed e-con e-parent\" data-id=\"992c987\" data-element_type=\"container\" data-e-type=\"container\">\n\t\t\t\t\t<div class=\"e-con-inner\">\n\t\t\t\t<div class=\"elementor-element elementor-element-b329692 elementor-widget elementor-widget-text-editor\" data-id=\"b329692\" data-element_type=\"widget\" data-e-type=\"widget\" data-widget_type=\"text-editor.default\">\n\t\t\t\t\t\t\t\t\t<p>Cada vez que realice un pedido de <a href=\"https:\/\/patchquantique-france.fr\/es\/patch-quantique\/\">parche cu\u00e1ntico<\/a> o cualquier otro producto <a href=\"https:\/\/patchquantique-france.fr\/es\/commander-patch-quantique-allevi8pro\/\">Quantum Patch Francia<\/a>, acumular\u00e1 puntos seg\u00fan la siguiente f\u00f3rmula: 2 \u20ac = 1 punto. Si, por ejemplo, solicita un programa de 3 meses de parches cu\u00e1nticos Allevi8 Pro del Dr. Minsoo Kim, le costar\u00e1 169,90 \u20ac los 45 parches cu\u00e1nticos. \u00a1Y ganar\u00e1 84 puntos! Solo tiene que escribir su testimonio o compartir la p\u00e1gina en una red social, \u00a1y obtendr\u00e1 20 puntos m\u00e1s! As\u00ed que, si hacemos cuentas, eso le da un total de 75 puntos. Luego vuelve a hacer un pedido id\u00e9ntico para una amiga... y ya tiene 150 puntos. Seg\u00fan la tabla que figura a continuaci\u00f3n, ahora es un <strong>cliente \u201cEmeraude\u201d<\/strong> y obtendr\u00e1s un descuento permanente de 3% en todos tus pedidos futuros.<\/p>\t\t\t\t\t\t\t\t<\/div>\n\t\t\t\t<div class=\"elementor-element elementor-element-7e5fe8d elementor-widget elementor-widget-heading\" data-id=\"7e5fe8d\" data-element_type=\"widget\" data-e-type=\"widget\" data-widget_type=\"heading.default\">\n\t\t\t\t\t<h2 class=\"elementor-heading-title elementor-size-default\">Programa de patrocinio<\/h2>\t\t\t\t<\/div>\n\t\t\t\t\t<\/div>\n\t\t\t\t<\/div>\n\t\t<div class=\"elementor-element elementor-element-3033c4c prog_fid e-flex e-con-boxed e-con e-parent\" data-id=\"3033c4c\" data-element_type=\"container\" data-e-type=\"container\">\n\t\t\t\t\t<div class=\"e-con-inner\">\n\t\t<div class=\"elementor-element elementor-element-9362bca e-con-full e-flex e-con e-child\" data-id=\"9362bca\" data-element_type=\"container\" data-e-type=\"container\" data-settings=\"{&quot;background_background&quot;:&quot;classic&quot;}\">\n\t\t\t\t<div class=\"elementor-element elementor-element-b511722 elementor-widget elementor-widget-text-editor\" data-id=\"b511722\" data-element_type=\"widget\" data-e-type=\"widget\" data-widget_type=\"text-editor.default\">\n\t\t\t\t\t\t\t\t\t<h3>Enviar correo electr\u00f3nico de patrocinio<\/h3><p>5 puntos ganados<br \/>Programa de patrocinio<\/p>\t\t\t\t\t\t\t\t<\/div>\n\t\t\t\t<\/div>\n\t\t<div class=\"elementor-element elementor-element-4d2268d e-con-full e-flex e-con e-child\" data-id=\"4d2268d\" data-element_type=\"container\" data-e-type=\"container\" data-settings=\"{&quot;background_background&quot;:&quot;classic&quot;}\">\n\t\t\t\t<div class=\"elementor-element elementor-element-5576395 elementor-widget elementor-widget-text-editor\" data-id=\"5576395\" data-element_type=\"widget\" data-e-type=\"widget\" data-widget_type=\"text-editor.default\">\n\t\t\t\t\t\t\t\t\t<h3>Inscripci\u00f3n de un ahijado<\/h3><p>20 puntos ganados<br \/>Programa de patrocinio<\/p>\t\t\t\t\t\t\t\t<\/div>\n\t\t\t\t<\/div>\n\t\t<div class=\"elementor-element elementor-element-4f6e1ca e-con-full e-flex e-con e-child\" data-id=\"4f6e1ca\" data-element_type=\"container\" data-e-type=\"container\" data-settings=\"{&quot;background_background&quot;:&quot;classic&quot;}\">\n\t\t\t\t<div class=\"elementor-element elementor-element-98e00f0 elementor-widget elementor-widget-text-editor\" data-id=\"98e00f0\" data-element_type=\"widget\" data-e-type=\"widget\" data-widget_type=\"text-editor.default\">\n\t\t\t\t\t\t\t\t\t<h3>Pedido de un ahijado<\/h3><p>1 \u20ac gastado = 0,5 puntos ganados<br \/>Programa de patrocinio<\/p>\t\t\t\t\t\t\t\t<\/div>\n\t\t\t\t<\/div>\n\t\t\t\t\t<\/div>\n\t\t\t\t<\/div>\n\t\t<div class=\"elementor-element elementor-element-ef9b527 e-flex e-con-boxed e-con e-parent\" data-id=\"ef9b527\" data-element_type=\"container\" data-e-type=\"container\">\n\t\t\t\t\t<div class=\"e-con-inner\">\n\t\t\t\t<div class=\"elementor-element elementor-element-276c8de elementor-widget elementor-widget-heading\" data-id=\"276c8de\" data-element_type=\"widget\" data-e-type=\"widget\" data-widget_type=\"heading.default\">\n\t\t\t\t\t<h2 class=\"elementor-heading-title elementor-size-default\">Participar en el programa de patrocinio y afiliaci\u00f3n<\/h2>\t\t\t\t<\/div>\n\t\t\t\t<div class=\"elementor-element elementor-element-80eb645 elementor-widget elementor-widget-text-editor\" data-id=\"80eb645\" data-element_type=\"widget\" data-e-type=\"widget\" data-widget_type=\"text-editor.default\">\n\t\t\t\t\t\t\t\t\tParticipar en el programa de patrocinio y afiliaci\u00f3n de Patch Quantique France es muy sencillo: utilice los recursos (enlaces, correo electr\u00f3nico autom\u00e1tico, c\u00f3digo QR) que encontrar\u00e1 en su espacio de cliente. Cada correo electr\u00f3nico enviado le da 5 puntos. Tan pronto como una persona a la que le haya recomendado Patch Quantique France se registre en el sitio web, usted ganar\u00e1 puntos. Si realiza un pedido, ganar\u00e1 m\u00e1s puntos, seg\u00fan la f\u00f3rmula 1 \u20ac gastado = 0,5 puntos. Y todos estos puntos se acumulan con sus puntos de fidelidad para que suba en la escala de descuentos globales. <strong>Importante<\/strong> : cada uno de sus ahijados inscritos se beneficia, gracias a usted, de una <strong>5% descuento de bienvenida<\/strong> en su primer pedido. Como puede ver, participar en nuestro <strong>Programa de fidelizaci\u00f3n y afiliaci\u00f3n Patch Quantique France<\/strong> es muy sencillo y te permite pagar menos por tus parches Allevi 8 Pro. Incluso puede obtener el <strong>entrega gratuita<\/strong> para todos sus pedidos, independientemente del importe. \u00bfTiene amigos que sufren dolores persistentes de espalda? \u00bfRigidez muscular, calambres, dolores tendinosos, molestias relacionadas con la menopausia? Solo tiene que hacer una cosa para aliviarlos: enviarles su enlace de patrocinio. Gracias a usted, disfrutar\u00e1n de un descuento de bienvenida de 5% y usted ganar\u00e1 puntos con cada uno de sus pedidos. \u00a1Disfrute de un descuento permanente en todos sus parches Allevi 8 Pro y placas de energ\u00eda Nikola Tesla!\t\t\t\t\t\t\t\t<\/div>\n\t\t\t\t\t<\/div>\n\t\t\t\t<\/div>\n\t\t<div class=\"elementor-element elementor-element-32f83cc e-flex e-con-boxed e-con e-parent\" data-id=\"32f83cc\" data-element_type=\"container\" data-e-type=\"container\">\n\t\t\t\t\t<div class=\"e-con-inner\">\n\t\t<div class=\"elementor-element elementor-element-79a145c e-con-full e-flex e-con e-child\" data-id=\"79a145c\" data-element_type=\"container\" data-e-type=\"container\">\n\t\t\t\t<div class=\"elementor-element elementor-element-3d7e815 elementor-widget elementor-widget-image\" data-id=\"3d7e815\" data-element_type=\"widget\" data-e-type=\"widget\" data-widget_type=\"image.default\">\n\t\t\t\t\t\t\t\t\t\t\t\t\t\t\t<img decoding=\"async\" width=\"150\" height=\"150\" src=\"https:\/\/patchquantique-france.fr\/wp-content\/uploads\/2022\/05\/emeraude-150x150.jpg\" class=\"attachment-thumbnail size-thumbnail wp-image-240666\" alt=\"Emeraude\" srcset=\"https:\/\/patchquantique-france.fr\/wp-content\/uploads\/2022\/05\/emeraude-150x150.jpg 150w, https:\/\/patchquantique-france.fr\/wp-content\/uploads\/2022\/05\/emeraude-300x300.jpg 300w, https:\/\/patchquantique-france.fr\/wp-content\/uploads\/2022\/05\/emeraude-100x100.jpg 100w\" sizes=\"(max-width: 150px) 100vw, 150px\" title=\"\">\t\t\t\t\t\t\t\t\t\t\t\t\t\t\t<\/div>\n\t\t\t\t<\/div>\n\t\t<div class=\"elementor-element elementor-element-73dfd47 e-con-full e-flex e-con e-child\" data-id=\"73dfd47\" data-element_type=\"container\" data-e-type=\"container\">\n\t\t\t\t<div class=\"elementor-element elementor-element-0718ce6 elementor-widget elementor-widget-heading\" data-id=\"0718ce6\" data-element_type=\"widget\" data-e-type=\"widget\" data-widget_type=\"heading.default\">\n\t\t\t\t\t<h2 class=\"elementor-heading-title elementor-size-default\">Cliente Esmeralda<\/h2>\t\t\t\t<\/div>\n\t\t\t\t<div class=\"elementor-element elementor-element-272a51f elementor-widget elementor-widget-text-editor\" data-id=\"272a51f\" data-element_type=\"widget\" data-e-type=\"widget\" data-widget_type=\"text-editor.default\">\n\t\t\t\t\t\t\t\t\t<p>3% descuento permanente en todos los productos de la web<\/p>\t\t\t\t\t\t\t\t<\/div>\n\t\t\t\t<\/div>\n\t\t\t\t\t<\/div>\n\t\t\t\t<\/div>\n\t\t<div class=\"elementor-element elementor-element-e9135ab e-flex e-con-boxed e-con e-parent\" data-id=\"e9135ab\" data-element_type=\"container\" data-e-type=\"container\">\n\t\t\t\t\t<div class=\"e-con-inner\">\n\t\t<div class=\"elementor-element elementor-element-c9f59fb e-con-full e-flex e-con e-child\" data-id=\"c9f59fb\" data-element_type=\"container\" data-e-type=\"container\">\n\t\t\t\t<div class=\"elementor-element elementor-element-d8a09ff elementor-widget elementor-widget-image\" data-id=\"d8a09ff\" data-element_type=\"widget\" data-e-type=\"widget\" data-widget_type=\"image.default\">\n\t\t\t\t\t\t\t\t\t\t\t\t\t\t\t<img decoding=\"async\" width=\"150\" height=\"150\" src=\"https:\/\/patchquantique-france.fr\/wp-content\/uploads\/2022\/05\/saphir-150x150.jpg\" class=\"attachment-thumbnail size-thumbnail wp-image-240670\" alt=\"Saphir\" srcset=\"https:\/\/patchquantique-france.fr\/wp-content\/uploads\/2022\/05\/saphir-150x150.jpg 150w, https:\/\/patchquantique-france.fr\/wp-content\/uploads\/2022\/05\/saphir-300x300.jpg 300w, https:\/\/patchquantique-france.fr\/wp-content\/uploads\/2022\/05\/saphir-100x100.jpg 100w\" sizes=\"(max-width: 150px) 100vw, 150px\" title=\"\">\t\t\t\t\t\t\t\t\t\t\t\t\t\t\t<\/div>\n\t\t\t\t<\/div>\n\t\t<div class=\"elementor-element elementor-element-5aba909 e-con-full e-flex e-con e-child\" data-id=\"5aba909\" data-element_type=\"container\" data-e-type=\"container\">\n\t\t\t\t<div class=\"elementor-element elementor-element-515111a elementor-widget elementor-widget-heading\" data-id=\"515111a\" data-element_type=\"widget\" data-e-type=\"widget\" data-widget_type=\"heading.default\">\n\t\t\t\t\t<h2 class=\"elementor-heading-title elementor-size-default\">Cliente de Saphir<\/h2>\t\t\t\t<\/div>\n\t\t\t\t<div class=\"elementor-element elementor-element-ae38554 elementor-widget elementor-widget-text-editor\" data-id=\"ae38554\" data-element_type=\"widget\" data-e-type=\"widget\" data-widget_type=\"text-editor.default\">\n\t\t\t\t\t\t\t\t\t<p>5% descuento permanente en todos los productos de la web<\/p>\t\t\t\t\t\t\t\t<\/div>\n\t\t\t\t<\/div>\n\t\t\t\t\t<\/div>\n\t\t\t\t<\/div>\n\t\t<div class=\"elementor-element elementor-element-70e7b57 e-flex e-con-boxed e-con e-parent\" data-id=\"70e7b57\" data-element_type=\"container\" data-e-type=\"container\">\n\t\t\t\t\t<div class=\"e-con-inner\">\n\t\t<div class=\"elementor-element elementor-element-0073b18 e-con-full e-flex e-con e-child\" data-id=\"0073b18\" data-element_type=\"container\" data-e-type=\"container\">\n\t\t\t\t<div class=\"elementor-element elementor-element-85fabde elementor-widget elementor-widget-image\" data-id=\"85fabde\" data-element_type=\"widget\" data-e-type=\"widget\" data-widget_type=\"image.default\">\n\t\t\t\t\t\t\t\t\t\t\t\t\t\t\t<img decoding=\"async\" width=\"150\" height=\"150\" src=\"https:\/\/patchquantique-france.fr\/wp-content\/uploads\/2022\/05\/rubis-150x150.jpg\" class=\"attachment-thumbnail size-thumbnail wp-image-240672\" alt=\"Rubis\" srcset=\"https:\/\/patchquantique-france.fr\/wp-content\/uploads\/2022\/05\/rubis-150x150.jpg 150w, https:\/\/patchquantique-france.fr\/wp-content\/uploads\/2022\/05\/rubis-300x300.jpg 300w, https:\/\/patchquantique-france.fr\/wp-content\/uploads\/2022\/05\/rubis-100x100.jpg 100w\" sizes=\"(max-width: 150px) 100vw, 150px\" title=\"\">\t\t\t\t\t\t\t\t\t\t\t\t\t\t\t<\/div>\n\t\t\t\t<\/div>\n\t\t<div class=\"elementor-element elementor-element-dc2100b e-con-full e-flex e-con e-child\" data-id=\"dc2100b\" data-element_type=\"container\" data-e-type=\"container\">\n\t\t\t\t<div class=\"elementor-element elementor-element-4f811e2 elementor-widget elementor-widget-heading\" data-id=\"4f811e2\" data-element_type=\"widget\" data-e-type=\"widget\" data-widget_type=\"heading.default\">\n\t\t\t\t\t<h2 class=\"elementor-heading-title elementor-size-default\">Cliente de Rubis<\/h2>\t\t\t\t<\/div>\n\t\t\t\t<div class=\"elementor-element elementor-element-95f7a20 elementor-widget elementor-widget-text-editor\" data-id=\"95f7a20\" data-element_type=\"widget\" data-e-type=\"widget\" data-widget_type=\"text-editor.default\">\n\t\t\t\t\t\t\t\t\t<p>8% descuento permanente en todos los productos de la web<\/p>\t\t\t\t\t\t\t\t<\/div>\n\t\t\t\t<\/div>\n\t\t\t\t\t<\/div>\n\t\t\t\t<\/div>\n\t\t<div class=\"elementor-element elementor-element-6e00208 e-flex e-con-boxed e-con e-parent\" data-id=\"6e00208\" data-element_type=\"container\" data-e-type=\"container\">\n\t\t\t\t\t<div class=\"e-con-inner\">\n\t\t<div class=\"elementor-element elementor-element-d638782 e-con-full e-flex e-con e-child\" data-id=\"d638782\" data-element_type=\"container\" data-e-type=\"container\">\n\t\t\t\t<div class=\"elementor-element elementor-element-24b03d3 elementor-widget elementor-widget-image\" data-id=\"24b03d3\" data-element_type=\"widget\" data-e-type=\"widget\" data-widget_type=\"image.default\">\n\t\t\t\t\t\t\t\t\t\t\t\t\t\t\t<img loading=\"lazy\" decoding=\"async\" width=\"150\" height=\"150\" src=\"https:\/\/patchquantique-france.fr\/wp-content\/uploads\/2022\/05\/diamant-150x150.jpg\" class=\"attachment-thumbnail size-thumbnail wp-image-240668\" alt=\"Diamant\" srcset=\"https:\/\/patchquantique-france.fr\/wp-content\/uploads\/2022\/05\/diamant-150x150.jpg 150w, https:\/\/patchquantique-france.fr\/wp-content\/uploads\/2022\/05\/diamant-300x300.jpg 300w, https:\/\/patchquantique-france.fr\/wp-content\/uploads\/2022\/05\/diamant-100x100.jpg 100w\" sizes=\"(max-width: 150px) 100vw, 150px\" title=\"\">\t\t\t\t\t\t\t\t\t\t\t\t\t\t\t<\/div>\n\t\t\t\t<\/div>\n\t\t<div class=\"elementor-element elementor-element-4380ab6 e-con-full e-flex e-con e-child\" data-id=\"4380ab6\" data-element_type=\"container\" data-e-type=\"container\">\n\t\t\t\t<div class=\"elementor-element elementor-element-0f04aad elementor-widget elementor-widget-heading\" data-id=\"0f04aad\" data-element_type=\"widget\" data-e-type=\"widget\" data-widget_type=\"heading.default\">\n\t\t\t\t\t<h2 class=\"elementor-heading-title elementor-size-default\">Cliente Diamante<\/h2>\t\t\t\t<\/div>\n\t\t\t\t<div class=\"elementor-element elementor-element-7789d67 elementor-widget elementor-widget-text-editor\" data-id=\"7789d67\" data-element_type=\"widget\" data-e-type=\"widget\" data-widget_type=\"text-editor.default\">\n\t\t\t\t\t\t\t\t\t<p>10% descuento permanente en todos los productos de la web<\/p>\t\t\t\t\t\t\t\t<\/div>\n\t\t\t\t<\/div>\n\t\t\t\t\t<\/div>\n\t\t\t\t<\/div>\n\t\t<div class=\"elementor-element elementor-element-a79d3fa e-flex e-con-boxed e-con e-parent\" data-id=\"a79d3fa\" data-element_type=\"container\" data-e-type=\"container\">\n\t\t\t\t\t<div class=\"e-con-inner\">\n\t\t\t\t<div class=\"elementor-element elementor-element-b6c8331 elementor-widget elementor-widget-text-editor\" data-id=\"b6c8331\" data-element_type=\"widget\" data-e-type=\"widget\" data-widget_type=\"text-editor.default\">\n\t\t\t\t\t\t\t\t\t<p>Como puede ver, ganar puntos y, por lo tanto, descuentos permanentes es f\u00e1cil con el programa de fidelizaci\u00f3n y afiliaci\u00f3n de Patch Quantique France. Para beneficiarse de inmediato y empezar a acumular puntos, <a href=\"https:\/\/patchquantique-france.fr\/es\/commander-patch-quantique-allevi8pro\/\">Pida sus parches cu\u00e1nticos Allevi8 Pro<\/a> del Dr. Minsoo Kim ahora.<\/p>\t\t\t\t\t\t\t\t<\/div>\n\t\t\t\t\t<\/div>\n\t\t\t\t<\/div>\n\t\t\t\t<\/div>","protected":false},"excerpt":{"rendered":"<p>Comment participer au Programme fid\u00e9lit\u00e9 et affiliation de Patch Quantique France Chez Patch Quantique France, vos achats de patchs quantiques Allevi8 Pro ne font pas que soulager vos douleurs : ils vous rapportent des points et vous permettent de payer vos patches de moins en moins cher. Votre fid\u00e9lit\u00e9 est r\u00e9compens\u00e9e ! 2 fa\u00e7ons de [&hellip;]<\/p>\n","protected":false},"author":1,"featured_media":240839,"parent":0,"menu_order":0,"comment_status":"closed","ping_status":"closed","template":"","meta":{"footnotes":""},"info_patch_cat":[],"class_list":["post-240776","page","type-page","status-publish","has-post-thumbnail","hentry"],"_links":{"self":[{"href":"https:\/\/patchquantique-france.fr\/es\/wp-json\/wp\/v2\/pages\/240776","targetHints":{"allow":["GET"]}}],"collection":[{"href":"https:\/\/patchquantique-france.fr\/es\/wp-json\/wp\/v2\/pages"}],"about":[{"href":"https:\/\/patchquantique-france.fr\/es\/wp-json\/wp\/v2\/types\/page"}],"author":[{"embeddable":true,"href":"https:\/\/patchquantique-france.fr\/es\/wp-json\/wp\/v2\/users\/1"}],"replies":[{"embeddable":true,"href":"https:\/\/patchquantique-france.fr\/es\/wp-json\/wp\/v2\/comments?post=240776"}],"version-history":[{"count":17,"href":"https:\/\/patchquantique-france.fr\/es\/wp-json\/wp\/v2\/pages\/240776\/revisions"}],"predecessor-version":[{"id":253657,"href":"https:\/\/patchquantique-france.fr\/es\/wp-json\/wp\/v2\/pages\/240776\/revisions\/253657"}],"wp:featuredmedia":[{"embeddable":true,"href":"https:\/\/patchquantique-france.fr\/es\/wp-json\/wp\/v2\/media\/240839"}],"wp:attachment":[{"href":"https:\/\/patchquantique-france.fr\/es\/wp-json\/wp\/v2\/media?parent=240776"}],"wp:term":[{"taxonomy":"info_patch_cat","embeddable":true,"href":"https:\/\/patchquantique-france.fr\/es\/wp-json\/wp\/v2\/info_patch_cat?post=240776"}],"curies":[{"name":"wp","href":"https:\/\/api.w.org\/{rel}","templated":true}]}}